{"id":2439,"date":"2022-04-02T15:02:33","date_gmt":"2022-04-02T13:02:33","guid":{"rendered":"https:\/\/cormac.eu\/?post_type=product&#038;p=2439"},"modified":"2022-06-06T00:44:06","modified_gmt":"2022-06-05T22:44:06","slug":"rack-washer","status":"publish","type":"product","link":"https:\/\/cormac.eu\/de\/product\/rack-washer\/","title":{"rendered":"Zahnstangenwaschmaschine"},"content":{"rendered":"<p>This flexible rack washer can handle racks, large vessles and trolleys with ultimate cleaning result. It can be executed with door widths and cabinet sizes according to the customers specific requirements. Also the washing area is customizable. This efficient machine is suitable to be operated by one person. The machine can be equipped with a ramp when placed on a higher floor level. Also it can be executed for mounting in a pit.<\/p>\n<table width=\"604\">\n<tbody>\n<tr>\n<td width=\"302\"><strong>Eigenschaften<\/strong><\/td>\n<td width=\"302\"><strong>Vorteile<\/strong><\/td>\n<\/tr>\n<tr>\n<td width=\"302\">Konstruktion aus rostfreiem Stahl<\/td>\n<td width=\"302\">\n<ul>\n<li>Starre<\/li>\n<li>Hygenisch<\/li>\n<\/ul>\n<\/td>\n<\/tr>\n<tr>\n<td width=\"302\">Rotary spray jets<\/td>\n<td width=\"302\">\n<ul>\n<li>Intense washing power<\/li>\n<\/ul>\n<\/td>\n<\/tr>\n<tr>\n<td width=\"302\">Beh\u00e4lterumlaufw\u00e4sche<\/td>\n<td width=\"302\">\n<ul>\n<li>Reduzierung des Wasserverbrauchs<\/li>\n<\/ul>\n<\/td>\n<\/tr>\n<tr>\n<td width=\"302\">Touchscreen-Steuerung<\/td>\n<td width=\"302\">\n<ul>\n<li>Auswahl der Parameter<\/li>\n<li>Aufzeichnung und Speicherung von Daten<\/li>\n<li>Zeitsteuerung von Waschen und Sp\u00fclen<\/li>\n<li>Mehrere Waschgangsprogramme<\/li>\n<\/ul>\n<\/td>\n<\/tr>\n<tr>\n<td width=\"302\">Energiesparendes Design<\/td>\n<td width=\"302\">\n<ul>\n<li>Reduzierter Waschmittelverbrauch<\/li>\n<li>Geringere Betriebskosten<\/li>\n<li>Weniger Auswirkungen auf die Umwelt<\/li>\n<\/ul>\n<\/td>\n<\/tr>\n<tr>\n<td width=\"302\">Waschen, Sp\u00fclen und Trocknen<\/td>\n<td width=\"302\">\n<ul>\n<li>Hervorragende Reinigungsergebnisse<\/li>\n<\/ul>\n<\/td>\n<\/tr>\n<tr>\n<td width=\"302\">Optional<\/td>\n<td width=\"302\">\n<ul>\n<li>Auto heating rinse tank<\/li>\n<li>Rinse booster pump<\/li>\n<li>Steam extract fan<\/li>\n<li>Two door pass through design<\/li>\n<li>Steam, electric or gas heating<\/li>\n<\/ul>\n<\/td>\n<\/tr>\n<\/tbody>\n<\/table>","protected":false},"excerpt":{"rendered":"<p>Flexible Gestellwaschmaschine f\u00fcr Gestelle, gro\u00dfe Gef\u00e4\u00dfe und Trolleys.<\/p>","protected":false},"featured_media":2438,"comment_status":"open","ping_status":"closed","template":"","meta":{"uix_meta_title":"","uix_meta_description":"","uix_canonical_url":""},"product_brand":[],"product_cat":[108],"product_tag":[],"class_list":{"0":"post-2439","1":"product","2":"type-product","3":"status-publish","4":"has-post-thumbnail","6":"product_cat-hygiene","8":"first","9":"instock","10":"shipping-taxable","11":"product-type-simple"},"_links":{"self":[{"href":"https:\/\/cormac.eu\/de\/wp-json\/wp\/v2\/product\/2439","targetHints":{"allow":["GET"]}}],"collection":[{"href":"https:\/\/cormac.eu\/de\/wp-json\/wp\/v2\/product"}],"about":[{"href":"https:\/\/cormac.eu\/de\/wp-json\/wp\/v2\/types\/product"}],"replies":[{"embeddable":true,"href":"https:\/\/cormac.eu\/de\/wp-json\/wp\/v2\/comments?post=2439"}],"wp:featuredmedia":[{"embeddable":true,"href":"https:\/\/cormac.eu\/de\/wp-json\/wp\/v2\/media\/2438"}],"wp:attachment":[{"href":"https:\/\/cormac.eu\/de\/wp-json\/wp\/v2\/media?parent=2439"}],"wp:term":[{"taxonomy":"product_brand","embeddable":true,"href":"https:\/\/cormac.eu\/de\/wp-json\/wp\/v2\/product_brand?post=2439"},{"taxonomy":"product_cat","embeddable":true,"href":"https:\/\/cormac.eu\/de\/wp-json\/wp\/v2\/product_cat?post=2439"},{"taxonomy":"product_tag","embeddable":true,"href":"https:\/\/cormac.eu\/de\/wp-json\/wp\/v2\/product_tag?post=2439"}],"curies":[{"name":"wp","href":"https:\/\/api.w.org\/{rel}","templated":true}]}}