{"id":2437,"date":"2022-04-01T23:08:48","date_gmt":"2022-04-01T21:08:48","guid":{"rendered":"https:\/\/cormac.eu\/?post_type=product&#038;p=2437"},"modified":"2022-06-06T00:35:29","modified_gmt":"2022-06-05T22:35:29","slug":"behalterwaschanlage-2","status":"publish","type":"product","link":"https:\/\/cormac.eu\/de\/product\/bin-washer\/","title":{"rendered":"Beh\u00e4lterwaschanlage"},"content":{"rendered":"<p>Die Beh\u00e4lterwaschanlagen k\u00f6nnen zum Waschen und Reinigen verschiedener Arten von Beh\u00e4ltern auf R\u00e4dern oder ohne R\u00e4der verwendet werden. Sie sind auch perfekt zum Waschen von Paletten und IBC-Containern geeignet. Die Maschinen werden je nach den Abmessungen und Eigenschaften Ihrer Lebensmittel- und Abfallbeh\u00e4lter \/ Container auf Ma\u00df gefertigt. Die Maschine kann mit einer Rampe ausgestattet werden, falls der Boden erh\u00f6ht ist. Ansonsten ist es auch m\u00f6glich, eine Ausf\u00fchrung zu liefern, die f\u00fcr die Installation in einer Grube geeignet ist. Der Beh\u00e4lter wird mit Hilfe eines SPS-gesteuerten Indexierungsmusters gedreht, was eine endlose Variabilit\u00e4t des Zyklus erm\u00f6glicht. Auf diese Weise werden alle Oberfl\u00e4chen auf der Innen- und Au\u00dfenseite des Beh\u00e4lters sanitisiert. Die Maschine kann von einer Person bedient werden.<\/p>\n<p>&nbsp;<\/p>\n<table width=\"604\">\n<tbody>\n<tr>\n<td width=\"302\"><strong>Eigenschaften<\/strong><\/td>\n<td width=\"302\"><strong>Vorteile<\/strong><\/td>\n<\/tr>\n<tr>\n<td width=\"302\">Konstruktion aus rostfreiem Stahl<\/td>\n<td width=\"302\">\n<ul>\n<li>Starre<\/li>\n<li>Hygenisch<\/li>\n<\/ul>\n<\/td>\n<\/tr>\n<tr>\n<td width=\"302\">Hocheffizientes Strahlsystem<\/td>\n<td width=\"302\">\n<ul>\n<li>Intensive Reinigungsleistung<\/li>\n<\/ul>\n<\/td>\n<\/tr>\n<tr>\n<td width=\"302\">Beh\u00e4lterumlaufw\u00e4sche<\/td>\n<td width=\"302\">\n<ul>\n<li>Reduzierung des Wasserverbrauchs<\/li>\n<\/ul>\n<\/td>\n<\/tr>\n<tr>\n<td width=\"302\">Touchscreen-Steuerung<\/td>\n<td width=\"302\">\n<ul>\n<li>Auswahl der Parameter<\/li>\n<li>Aufzeichnung und Speicherung von Daten<\/li>\n<li>Zeitsteuerung von Waschen und Sp\u00fclen<\/li>\n<li>Mehrere Waschgangsprogramme<\/li>\n<\/ul>\n<\/td>\n<\/tr>\n<tr>\n<td width=\"302\">Energiesparendes Design<\/td>\n<td width=\"302\">\n<ul>\n<li>Reduzierter Waschmittelverbrauch<\/li>\n<li>Geringere Betriebskosten<\/li>\n<li>Weniger Auswirkungen auf die Umwelt<\/li>\n<\/ul>\n<\/td>\n<\/tr>\n<tr>\n<td width=\"302\">Waschen, Sp\u00fclen und Trocknen<\/td>\n<td width=\"302\">\n<ul>\n<li>Hervorragende Reinigungsergebnisse<\/li>\n<\/ul>\n<\/td>\n<\/tr>\n<tr>\n<td width=\"302\">Optionale Ausstattung<\/td>\n<td width=\"302\">\n<ul>\n<li>Sp\u00fclverst\u00e4rkertank (mit Pumpe)<\/li>\n<li>Dampf-, Gas- oder Elektroheizung<\/li>\n<li>Zweit\u00fcrige Ausf\u00fchrung<\/li>\n<li>Dampfabzugsgebl\u00e4se (Edelstahl)<\/li>\n<li>Spender f\u00fcr Wasch- und Klarsp\u00fclmittel<\/li>\n<li>Automatische Beschickung und Entladung des F\u00f6rderers<\/li>\n<li>Automatischer M\u00fclleimer-Reiniger<\/li>\n<li>Spezielles Gestell f\u00fcr die Deckelreinigung<\/li>\n<li>Letzte Sp\u00fclung mit S\u00fc\u00dfwasser<\/li>\n<\/ul>\n<\/td>\n<\/tr>\n<\/tbody>\n<\/table>","protected":false},"excerpt":{"rendered":"<p>Waschmaschine f\u00fcr Beh\u00e4lter auf R\u00e4dern oder ohne R\u00e4der, Paletten und IBC-Container.<\/p>","protected":false},"featured_media":2436,"comment_status":"open","ping_status":"closed","template":"","meta":{"uix_meta_title":"","uix_meta_description":"","uix_canonical_url":""},"product_brand":[],"product_cat":[108],"product_tag":[],"class_list":{"0":"post-2437","1":"product","2":"type-product","3":"status-publish","4":"has-post-thumbnail","6":"product_cat-hygiene","8":"first","9":"instock","10":"shipping-taxable","11":"product-type-simple"},"_links":{"self":[{"href":"https:\/\/cormac.eu\/de\/wp-json\/wp\/v2\/product\/2437","targetHints":{"allow":["GET"]}}],"collection":[{"href":"https:\/\/cormac.eu\/de\/wp-json\/wp\/v2\/product"}],"about":[{"href":"https:\/\/cormac.eu\/de\/wp-json\/wp\/v2\/types\/product"}],"replies":[{"embeddable":true,"href":"https:\/\/cormac.eu\/de\/wp-json\/wp\/v2\/comments?post=2437"}],"wp:featuredmedia":[{"embeddable":true,"href":"https:\/\/cormac.eu\/de\/wp-json\/wp\/v2\/media\/2436"}],"wp:attachment":[{"href":"https:\/\/cormac.eu\/de\/wp-json\/wp\/v2\/media?parent=2437"}],"wp:term":[{"taxonomy":"product_brand","embeddable":true,"href":"https:\/\/cormac.eu\/de\/wp-json\/wp\/v2\/product_brand?post=2437"},{"taxonomy":"product_cat","embeddable":true,"href":"https:\/\/cormac.eu\/de\/wp-json\/wp\/v2\/product_cat?post=2437"},{"taxonomy":"product_tag","embeddable":true,"href":"https:\/\/cormac.eu\/de\/wp-json\/wp\/v2\/product_tag?post=2437"}],"curies":[{"name":"wp","href":"https:\/\/api.w.org\/{rel}","templated":true}]}}