{"id":2433,"date":"2022-04-01T22:38:57","date_gmt":"2022-04-01T20:38:57","guid":{"rendered":"https:\/\/cormac.eu\/?post_type=product&#038;p=2433"},"modified":"2022-06-06T00:36:17","modified_gmt":"2022-06-05T22:36:17","slug":"schokoladentafel-unterlegscheiben-2","status":"publish","type":"product","link":"https:\/\/cormac.eu\/de\/product\/chocolate-plaque-washers\/","title":{"rendered":"Schokoladenform und Unterlegscheiben f\u00fcr Tafeln"},"content":{"rendered":"<p>Die Newsmith-Schokoladenformen- und -tafelwaschmaschinen k\u00f6nnen sowohl in ein- als auch in mehrbahniger Ausf\u00fchrung gebaut werden. Sie werden nicht nur f\u00fcr das Waschen von Schokoladenformen und -tafeln verwendet, sondern auch f\u00fcr verschiedene Kunststoffschalen.<br \/>\nSie sind in der Regel kompakter als andere Maschinen f\u00fcr \u00e4hnliche Zwecke auf dem Markt und bleiben meist unter 4 Metern L\u00e4nge, d.h. es handelt sich um Spezialmaschinen, die nach Kundenwunsch gebaut werden. Mehrere Zyklusoptionen umfassen zum Beispiel Vorw\u00e4sche, Waschen, mehrfaches Sp\u00fclen und Trocknen.<\/p>\n<p>&nbsp;<\/p>\n<table width=\"604\">\n<tbody>\n<tr>\n<td width=\"302\"><strong>Eigenschaften<\/strong><\/td>\n<td width=\"302\"><strong>Vorteile<\/strong><\/td>\n<\/tr>\n<tr>\n<td width=\"302\">Konstruktion aus rostfreiem Stahl<\/td>\n<td width=\"302\">\n<ul>\n<li>Starre<\/li>\n<li>Hygenisch<\/li>\n<\/ul>\n<\/td>\n<\/tr>\n<tr>\n<td width=\"302\">Bel\u00fcftete Lade- und Arbeitsstation<\/td>\n<td width=\"302\">\n<ul>\n<li>Bedienerfreundlich<\/li>\n<\/ul>\n<\/td>\n<\/tr>\n<tr>\n<td width=\"302\">Touchscreen-Steuerung<\/td>\n<td width=\"302\">\n<ul>\n<li>Sanfter Start<\/li>\n<li>Auswahl der Parameter<\/li>\n<li>Aufzeichnung und Speicherung von Daten<\/li>\n<li>Drucken &amp; r<span style=\"font-family: inherit;font-size: inherit\">Emotionen herunterladen<\/span><\/li>\n<\/ul>\n<\/td>\n<\/tr>\n<tr>\n<td width=\"302\">Energiesparendes Design<\/td>\n<td width=\"302\">\n<ul>\n<li>Reduzierter Waschmittelverbrauch<\/li>\n<li>Geringere Betriebskosten<\/li>\n<li>Weniger Auswirkungen auf die Umwelt<\/li>\n<\/ul>\n<\/td>\n<\/tr>\n<tr>\n<td width=\"302\">Option vollst\u00e4ndige Trocknung<\/td>\n<td width=\"302\">\n<ul>\n<li>Extra trockene Gegenst\u00e4nde<\/li>\n<\/ul>\n<\/td>\n<\/tr>\n<tr>\n<td width=\"302\">Waschen, Sp\u00fclen und Trocknen<\/td>\n<td width=\"302\">\n<ul>\n<li>Hervorragende Reinigungsergebnisse<\/li>\n<\/ul>\n<\/td>\n<\/tr>\n<tr>\n<td width=\"302\">Optionale Ausstattung<\/td>\n<td width=\"302\">\n<ul>\n<li>Dampf-, Gas-, Elektro- oder Warmwasserheizung<\/li>\n<\/ul>\n<\/td>\n<\/tr>\n<\/tbody>\n<\/table>\n<p>&nbsp;<\/p>","protected":false},"excerpt":{"rendered":"<p>Waschmaschine in ein- oder mehrbahniger Ausf\u00fchrung f\u00fcr Schokoladenformen, Schokoladentafeln und Kunststoffschalen.<\/p>","protected":false},"featured_media":2434,"comment_status":"open","ping_status":"closed","template":"","meta":{"uix_meta_title":"","uix_meta_description":"","uix_canonical_url":""},"product_brand":[],"product_cat":[108],"product_tag":[],"class_list":{"0":"post-2433","1":"product","2":"type-product","3":"status-publish","4":"has-post-thumbnail","6":"product_cat-hygiene","8":"first","9":"instock","10":"shipping-taxable","11":"product-type-simple"},"_links":{"self":[{"href":"https:\/\/cormac.eu\/de\/wp-json\/wp\/v2\/product\/2433","targetHints":{"allow":["GET"]}}],"collection":[{"href":"https:\/\/cormac.eu\/de\/wp-json\/wp\/v2\/product"}],"about":[{"href":"https:\/\/cormac.eu\/de\/wp-json\/wp\/v2\/types\/product"}],"replies":[{"embeddable":true,"href":"https:\/\/cormac.eu\/de\/wp-json\/wp\/v2\/comments?post=2433"}],"wp:featuredmedia":[{"embeddable":true,"href":"https:\/\/cormac.eu\/de\/wp-json\/wp\/v2\/media\/2434"}],"wp:attachment":[{"href":"https:\/\/cormac.eu\/de\/wp-json\/wp\/v2\/media?parent=2433"}],"wp:term":[{"taxonomy":"product_brand","embeddable":true,"href":"https:\/\/cormac.eu\/de\/wp-json\/wp\/v2\/product_brand?post=2433"},{"taxonomy":"product_cat","embeddable":true,"href":"https:\/\/cormac.eu\/de\/wp-json\/wp\/v2\/product_cat?post=2433"},{"taxonomy":"product_tag","embeddable":true,"href":"https:\/\/cormac.eu\/de\/wp-json\/wp\/v2\/product_tag?post=2433"}],"curies":[{"name":"wp","href":"https:\/\/api.w.org\/{rel}","templated":true}]}}