{"id":2418,"date":"2022-04-01T17:30:31","date_gmt":"2022-04-01T15:30:31","guid":{"rendered":"https:\/\/cormac.eu\/?post_type=product&#038;p=2418"},"modified":"2022-06-06T00:37:12","modified_gmt":"2022-06-05T22:37:12","slug":"korbwaschmaschine-2","status":"publish","type":"product","link":"https:\/\/cormac.eu\/de\/product\/basket-washer\/","title":{"rendered":"Unterlegscheibe Korb"},"content":{"rendered":"<p>Korbwaschmaschinen, die nach Kundenspezifikation geliefert werden k\u00f6nnen und dem Kunden eine wirksame und vielseitige Waschl\u00f6sung f\u00fcr alle Arten von Kisten, Beh\u00e4ltern und K\u00f6rben bieten. Diese Maschinenreihe kann f\u00fcr variable Leistungen von 100-8000 K\u00f6rben pro Stunde geliefert werden. Diese Waschmaschinen k\u00f6nnen je nach Branche und Verschmutzungsgrad mit verschiedenen Filtrationsoptionen ausgestattet werden. Die Maschinenzyklen umfassen einen Vorwasch-, einen Wasch-, einen Sp\u00fcl- (wiederverwendbar) und einen Trocknungszyklus. Die thermostatisch geregelte Beheizung kann mit Strom, Dampf oder Gas erfolgen.<\/p>\n<p>&nbsp;<\/p>\n<table>\n<tbody>\n<tr>\n<td width=\"302\"><strong>Eigenschaften<\/strong><\/td>\n<td width=\"302\"><strong>Vorteile<\/strong><\/td>\n<\/tr>\n<tr>\n<td width=\"302\">Gro\u00dfe Wut der Ausg\u00e4nge<\/td>\n<td width=\"302\">\n<ul>\n<li>Form 100 K\u00f6rbe\/Stunde<\/li>\n<li>bis zu 8.000 K\u00f6rbe\/Stunde<\/li>\n<\/ul>\n<\/td>\n<\/tr>\n<tr>\n<td width=\"302\">Modulare Bauweise<\/td>\n<td width=\"302\">\n<ul>\n<li>vielseitig<\/li>\n<li>kann alle Arten von K\u00f6rben waschen<\/li>\n<li>ma\u00dfgeschneiderte Filtrationsoptionen<\/li>\n<li>ein- und mehrspurige Maschinen<\/li>\n<\/ul>\n<\/td>\n<\/tr>\n<tr>\n<td width=\"302\">Trocknung mit Luftmesser<\/p>\n<p>&nbsp;<\/td>\n<td width=\"302\">\n<ul>\n<li>Hervorragende Trocknungsf\u00e4higkeit<\/li>\n<\/ul>\n<\/td>\n<\/tr>\n<tr>\n<td width=\"302\">Touchscreen<\/td>\n<td width=\"302\">\n<ul>\n<li>einstellbare Parametersteuerung<\/li>\n<li>Rezeptspeicherung<\/li>\n<\/ul>\n<\/td>\n<\/tr>\n<tr>\n<td width=\"302\">Integration<\/td>\n<td width=\"302\">\n<ul>\n<li>kann in erweiterte Systeme mit automatischer Stapelung und Entstapelung integriert werden<\/li>\n<\/ul>\n<\/td>\n<\/tr>\n<tr>\n<td width=\"302\">Keine Werkzeuge f\u00fcr die Wartung<\/td>\n<td width=\"302\">\n<ul>\n<li>Einfacher Zugang f\u00fcr die Wartung<\/li>\n<\/ul>\n<\/td>\n<\/tr>\n<\/tbody>\n<\/table>\n<p>&nbsp;<\/p>","protected":false},"excerpt":{"rendered":"<p>Vielseitige Maschine zum Waschen von K\u00f6rben, Beh\u00e4ltern und Kisten mit einer Leistung von 100-8000 K\u00f6rben\/Stunde, hergestellt nach Kundenspezifikation.<\/p>","protected":false},"featured_media":2420,"comment_status":"open","ping_status":"closed","template":"","meta":{"uix_meta_title":"","uix_meta_description":"","uix_canonical_url":""},"product_brand":[],"product_cat":[108],"product_tag":[],"class_list":{"0":"post-2418","1":"product","2":"type-product","3":"status-publish","4":"has-post-thumbnail","6":"product_cat-hygiene","8":"first","9":"instock","10":"shipping-taxable","11":"product-type-simple"},"_links":{"self":[{"href":"https:\/\/cormac.eu\/de\/wp-json\/wp\/v2\/product\/2418","targetHints":{"allow":["GET"]}}],"collection":[{"href":"https:\/\/cormac.eu\/de\/wp-json\/wp\/v2\/product"}],"about":[{"href":"https:\/\/cormac.eu\/de\/wp-json\/wp\/v2\/types\/product"}],"replies":[{"embeddable":true,"href":"https:\/\/cormac.eu\/de\/wp-json\/wp\/v2\/comments?post=2418"}],"wp:featuredmedia":[{"embeddable":true,"href":"https:\/\/cormac.eu\/de\/wp-json\/wp\/v2\/media\/2420"}],"wp:attachment":[{"href":"https:\/\/cormac.eu\/de\/wp-json\/wp\/v2\/media?parent=2418"}],"wp:term":[{"taxonomy":"product_brand","embeddable":true,"href":"https:\/\/cormac.eu\/de\/wp-json\/wp\/v2\/product_brand?post=2418"},{"taxonomy":"product_cat","embeddable":true,"href":"https:\/\/cormac.eu\/de\/wp-json\/wp\/v2\/product_cat?post=2418"},{"taxonomy":"product_tag","embeddable":true,"href":"https:\/\/cormac.eu\/de\/wp-json\/wp\/v2\/product_tag?post=2418"}],"curies":[{"name":"wp","href":"https:\/\/api.w.org\/{rel}","templated":true}]}}