{"id":1911,"date":"2021-08-12T16:01:33","date_gmt":"2021-08-12T14:01:33","guid":{"rendered":"https:\/\/cormac.tijdelijk.org\/?post_type=product&#038;p=1911"},"modified":"2022-06-06T00:45:26","modified_gmt":"2022-06-05T22:45:26","slug":"newsmith-batch-galaxy-2","status":"publish","type":"product","link":"https:\/\/cormac.eu\/de\/product\/newsmith-batch-galaxy\/","title":{"rendered":"Batch-Galaxie"},"content":{"rendered":"<p>Kompakte Mehrzweck-Waschmaschine mit hoher Leistung, ideal f\u00fcr Einrichtungen mit wenig Platz. Leistungsstarke und dennoch einfache Maschine, komplett aus rostfreiem Stahl gefertigt. Die kontinuierliche Wirkung des Rotationswaschers sorgt f\u00fcr eine \"schrubb\u00e4hnliche\" Wirkung. Der Drehtisch sorgt daf\u00fcr, dass die zu reinigenden Gegenst\u00e4nde in verschiedenen Winkeln mit dem hei\u00dfen Hochdruckreiniger bespr\u00fcht werden. Die Batch Galaxy ist in verschiedenen Gr\u00f6\u00dfen erh\u00e4ltlich, die je nach den Anforderungen unserer Kunden unterschiedliche Ladungen aufnehmen k\u00f6nnen. Ihre Zyklen umfassen Waschen, Sp\u00fclen und Trocknen. Diese Maschine wird h\u00e4ufig f\u00fcr Schokoladenformen und -utensilien in S\u00fc\u00dfwaren- oder B\u00e4ckereibetrieben eingesetzt, eignet sich aber auch f\u00fcr andere Lebensmittelindustrien.<\/p>\n<p>&nbsp;<\/p>\n<h3>Leistungsbereich<\/h3>\n<p>Je nach Gr\u00f6\u00dfe und Form der zu waschenden Gegenst\u00e4nde<\/p>\n<p>&nbsp;<\/p>\n<table class=\"features\" border=\"0\">\n<tbody>\n<tr>\n<td><strong>Eigenschaften<\/strong><\/td>\n<td><strong>Vorteile<\/strong><\/td>\n<\/tr>\n<tr>\n<td>Kompakte Maschine<\/td>\n<td>\n<ul>\n<li>platzsparend<\/li>\n<li>einfache Bedienung<\/li>\n<\/ul>\n<\/td>\n<\/tr>\n<tr>\n<td>\u00a05,5 kW Waschpumpe<\/td>\n<td>\n<ul>\n<li>Hohe Reinigungsleistung<\/li>\n<\/ul>\n<\/td>\n<\/tr>\n<tr>\n<td>Automatisch gesteuerte Maschinenzyklen<\/td>\n<td>\n<ul>\n<li>Minimierung des Verbrauchs von Energie, Wasser und Reinigungsmitteln<\/li>\n<\/ul>\n<\/td>\n<\/tr>\n<tr>\n<td>Abnehmbare Platten<\/td>\n<td>\n<ul>\n<li>Zugang insgesamt<\/li>\n<\/ul>\n<\/td>\n<\/tr>\n<tr>\n<td>Gro\u00dfe T\u00fcr<\/td>\n<td>\n<ul>\n<li>Leicht zu laden<\/li>\n<\/ul>\n<\/td>\n<\/tr>\n<\/tbody>\n<\/table>","protected":false},"excerpt":{"rendered":"<p>Leistungsstarke und dennoch einfache, kompakte und vielseitige Mehrzweck-Waschmaschine mit hoher Leistung, ideal f\u00fcr Einrichtungen mit wenig Platz, komplett aus Edelstahl gefertigt.<\/p>","protected":false},"featured_media":2417,"comment_status":"open","ping_status":"closed","template":"","meta":{"uix_meta_title":"","uix_meta_description":"","uix_canonical_url":""},"product_brand":[],"product_cat":[108],"product_tag":[],"class_list":{"0":"post-1911","1":"product","2":"type-product","3":"status-publish","4":"has-post-thumbnail","6":"product_cat-hygiene","8":"first","9":"instock","10":"shipping-taxable","11":"purchasable","12":"product-type-simple"},"_links":{"self":[{"href":"https:\/\/cormac.eu\/de\/wp-json\/wp\/v2\/product\/1911","targetHints":{"allow":["GET"]}}],"collection":[{"href":"https:\/\/cormac.eu\/de\/wp-json\/wp\/v2\/product"}],"about":[{"href":"https:\/\/cormac.eu\/de\/wp-json\/wp\/v2\/types\/product"}],"replies":[{"embeddable":true,"href":"https:\/\/cormac.eu\/de\/wp-json\/wp\/v2\/comments?post=1911"}],"wp:featuredmedia":[{"embeddable":true,"href":"https:\/\/cormac.eu\/de\/wp-json\/wp\/v2\/media\/2417"}],"wp:attachment":[{"href":"https:\/\/cormac.eu\/de\/wp-json\/wp\/v2\/media?parent=1911"}],"wp:term":[{"taxonomy":"product_brand","embeddable":true,"href":"https:\/\/cormac.eu\/de\/wp-json\/wp\/v2\/product_brand?post=1911"},{"taxonomy":"product_cat","embeddable":true,"href":"https:\/\/cormac.eu\/de\/wp-json\/wp\/v2\/product_cat?post=1911"},{"taxonomy":"product_tag","embeddable":true,"href":"https:\/\/cormac.eu\/de\/wp-json\/wp\/v2\/product_tag?post=1911"}],"curies":[{"name":"wp","href":"https:\/\/api.w.org\/{rel}","templated":true}]}}