{"id":1904,"date":"2021-08-12T15:51:32","date_gmt":"2021-08-12T13:51:32","guid":{"rendered":"https:\/\/cormac.tijdelijk.org\/?post_type=product&#038;p=1904"},"modified":"2022-04-21T22:28:06","modified_gmt":"2022-04-21T20:28:06","slug":"rasch-fi-wrapper","status":"publish","type":"product","link":"https:\/\/cormac.eu\/de\/product\/rasch-fi-wrapper\/","title":{"rendered":"Figureneinwickelmaschine FI"},"content":{"rendered":"<p>Ma\u00dfgeschneiderte Wickelmaschine speziell f\u00fcr Hohlfiguren (symmetrisch &amp; asymmetrisch) wie Hasen, sitzende Hasen, Weihnachtsm\u00e4nner und \u00e4hnliche Figuren. Speziell von Rasch entwickelt ist die so genannte Z-Faltung, eine dreifache Faltung auf der R\u00fcckseite der Figur, die verhindert, dass ein unbedruckter gl\u00e4nzender Teil der Folie auf der Naht zu sehen ist. In Kombination mit einer pr\u00e4zisen Hei\u00dfsiegeltechnik f\u00fchrt dies zu perfekt verpackten Produkten, bei denen alle Details des Reliefs eingehalten werden.  Die Beschickung der Maschine kann manuell oder automatisch durch verschiedene Zuf\u00fchrsysteme erfolgen. Gewicht ca. 3400 kg; Leistung 3,5 kVA;<\/p>\n<p>Anwendung: Figuren, alle Arten von Hohlfiguren wie z.B.: Weihnachtsmann, Engel, Huhn, Teddyb\u00e4r, Pinguin, Kaninchen, Hase, Comicfiguren usw.<br \/>\nArt der Verpackung: Vorderseitenfaltung, Hei\u00dfsiegelung, Etikettierung, Bildfolierung, R\u00fcckseitennaht;<\/p>\n<p><img decoding=\"async\" class=\"alignnone wp-image-2698\" src=\"https:\/\/cormac.eu\/wp-content\/uploads\/2022\/04\/sample-2.jpg\" alt=\"\" width=\"120\" height=\"129\" \/><img decoding=\"async\" class=\"alignnone wp-image-2741\" src=\"https:\/\/cormac.eu\/wp-content\/uploads\/2022\/04\/Product-Knipsel.jpg\" alt=\"\" width=\"107\" height=\"148\" \/><img decoding=\"async\" class=\"alignnone wp-image-2697\" src=\"https:\/\/cormac.eu\/wp-content\/uploads\/2022\/04\/sample-1.jpg\" alt=\"\" width=\"163\" height=\"118\" \/><\/p>\n<p>Leistungsbereich: Bis zu 33, 50 oder 60 Produkte pro Minute, je nach Modell und Produkteigenschaften.<\/p>\n<table>\n<tbody>\n<tr>\n<td width=\"293\">\n<p style=\"text-align: center\"><strong>Merkmale (einige optional)<\/strong><\/p>\n<\/td>\n<td width=\"293\">\n<p style=\"text-align: center\"><strong>Vorteile<\/strong><\/p>\n<\/td>\n<\/tr>\n<tr>\n<td width=\"293\">Servomotor angetrieben<\/td>\n<td width=\"293\">\n<ul>\n<li>Genaue Synchronisierung der Module<\/li>\n<\/ul>\n<\/td>\n<\/tr>\n<tr>\n<td width=\"293\">Schnell umr\u00fcstbare Systeme<\/td>\n<td width=\"293\">\n<ul>\n<li>Weniger Ausfallzeiten<\/li>\n<\/ul>\n<\/td>\n<\/tr>\n<tr>\n<td width=\"293\">Spezielle wartungsfreie B\u00e4renringe<\/td>\n<td width=\"293\">\n<ul>\n<li>Geringe Wartungskosten<\/li>\n<\/ul>\n<\/td>\n<\/tr>\n<tr>\n<td width=\"293\">Photoelektrische Zelle<\/td>\n<td width=\"293\">\n<ul>\n<li>Keine Ber\u00fchrung des Produkts<\/li>\n<\/ul>\n<\/td>\n<\/tr>\n<tr>\n<td width=\"293\">Programmierbares sps-Steuerungs- und \u00dcberwachungssystem<\/td>\n<td width=\"293\">\n<ul>\n<li>Ununterbrochene Produktion<\/li>\n<\/ul>\n<\/td>\n<\/tr>\n<tr>\n<td width=\"293\">Pick &amp; Place F\u00fctterungssystem<\/td>\n<td width=\"293\">\n<ul>\n<li>Gesteigerte Effizienz und verbesserte Hygiene<\/li>\n<\/ul>\n<\/td>\n<\/tr>\n<tr>\n<td width=\"293\">Robuste Konstruktion<\/td>\n<td width=\"293\">\n<ul>\n<li>Stabiler Lauf Hoher Restwert der Maschine<\/li>\n<\/ul>\n<\/td>\n<\/tr>\n<tr>\n<td width=\"293\">Z-Faltung \/ Dreifachfaltung<\/td>\n<td width=\"293\">\n<ul>\n<li>Keine gl\u00e4nzenden unbedruckten Folienteile auf der Naht sichtbar<\/li>\n<\/ul>\n<\/td>\n<\/tr>\n<tr>\n<td width=\"293\">Abbildung Gl\u00e4ttungsstation<\/td>\n<td width=\"293\">\n<ul>\n<li>Glatte Optik und weicher Griff<\/li>\n<\/ul>\n<\/td>\n<\/tr>\n<tr>\n<td width=\"293\">Vorrichtung zur Befestigung von Etiketten<\/td>\n<td width=\"293\">\n<ul>\n<li>Mehr Informationen zum Produkt<\/li>\n<\/ul>\n<\/td>\n<\/tr>\n<\/tbody>\n<\/table>","protected":false},"excerpt":{"rendered":"<p>Die Rasch Serien FI-14, FI-15 und FI-16 sind spezielle Wickelmaschinen f\u00fcr Hohlfiguren (symmetrisch &amp; asymmetrisch) wie Hasen, sitzende Hasen, Weihnachtsm\u00e4nner und \u00e4hnliche Figuren.<\/p>","protected":false},"featured_media":2742,"comment_status":"open","ping_status":"closed","template":"","meta":{"uix_meta_title":"","uix_meta_description":"","uix_canonical_url":""},"product_brand":[],"product_cat":[105],"product_tag":[],"class_list":{"0":"post-1904","1":"product","2":"type-product","3":"status-publish","4":"has-post-thumbnail","6":"product_cat-packaging","8":"first","9":"instock","10":"shipping-taxable","11":"product-type-simple"},"_links":{"self":[{"href":"https:\/\/cormac.eu\/de\/wp-json\/wp\/v2\/product\/1904","targetHints":{"allow":["GET"]}}],"collection":[{"href":"https:\/\/cormac.eu\/de\/wp-json\/wp\/v2\/product"}],"about":[{"href":"https:\/\/cormac.eu\/de\/wp-json\/wp\/v2\/types\/product"}],"replies":[{"embeddable":true,"href":"https:\/\/cormac.eu\/de\/wp-json\/wp\/v2\/comments?post=1904"}],"wp:featuredmedia":[{"embeddable":true,"href":"https:\/\/cormac.eu\/de\/wp-json\/wp\/v2\/media\/2742"}],"wp:attachment":[{"href":"https:\/\/cormac.eu\/de\/wp-json\/wp\/v2\/media?parent=1904"}],"wp:term":[{"taxonomy":"product_brand","embeddable":true,"href":"https:\/\/cormac.eu\/de\/wp-json\/wp\/v2\/product_brand?post=1904"},{"taxonomy":"product_cat","embeddable":true,"href":"https:\/\/cormac.eu\/de\/wp-json\/wp\/v2\/product_cat?post=1904"},{"taxonomy":"product_tag","embeddable":true,"href":"https:\/\/cormac.eu\/de\/wp-json\/wp\/v2\/product_tag?post=1904"}],"curies":[{"name":"wp","href":"https:\/\/api.w.org\/{rel}","templated":true}]}}