{"id":1892,"date":"2021-08-12T15:34:50","date_gmt":"2021-08-12T13:34:50","guid":{"rendered":"https:\/\/cormac.tijdelijk.org\/?post_type=product&#038;p=1892"},"modified":"2022-06-06T00:46:13","modified_gmt":"2022-06-05T22:46:13","slug":"newsmith-pallet-washer","status":"publish","type":"product","link":"https:\/\/cormac.eu\/de\/product\/newsmith-pallet-washer\/","title":{"rendered":"Palettenwaschanlage"},"content":{"rendered":"<p>The Newsmith range of pallet washers include machines to handle single pallets at a time with a simple wash and rinse, as well as fully automatic pallet washing systems. The latter are capable of automatically destacking, washing, drying and restacking considerable quantities of pallets per hour. Machines can optionally be executed as fully automatic conveyorised pallet washer offering a progression from dirty to clean. Quick release jet pipes for easy cleaning. Options of heating systems, powered infeed and discharge conveyors to assist handling.<\/p>\n<p>&nbsp;<\/p>\n<table width=\"604\">\n<tbody>\n<tr>\n<td width=\"302\"><strong>Eigenschaften<\/strong><\/td>\n<td width=\"302\"><strong>Vorteile<\/strong><\/td>\n<\/tr>\n<tr>\n<td width=\"302\">Konstruktion aus rostfreiem Stahl<\/td>\n<td width=\"302\">\n<ul>\n<li>Starre<\/li>\n<li>Hygenisch<\/li>\n<\/ul>\n<\/td>\n<\/tr>\n<tr>\n<td width=\"302\">Thermostatic temperature control<\/td>\n<td width=\"302\">\n<ul>\n<li>Control of tank temperatures<\/li>\n<\/ul>\n<\/td>\n<\/tr>\n<tr>\n<td width=\"302\">Easily removable jet pipes<\/td>\n<td width=\"302\">\n<ul>\n<li>No tools needed<\/li>\n<li>easy inspection and cleaning<\/li>\n<\/ul>\n<\/td>\n<\/tr>\n<tr>\n<td width=\"302\">Optional air knife drying<\/td>\n<td width=\"302\">\n<ul>\n<li>extra dry pallets<\/li>\n<\/ul>\n<\/td>\n<\/tr>\n<tr>\n<td width=\"302\">Waschen, Sp\u00fclen und Trocknen<\/td>\n<td width=\"302\">\n<ul>\n<li>Hervorragende Reinigungsergebnisse<\/li>\n<\/ul>\n<\/td>\n<\/tr>\n<tr>\n<td width=\"302\">Sloping tanks bottoms<\/td>\n<td width=\"302\">\n<ul>\n<li>Tank hygiene<\/li>\n<\/ul>\n<\/td>\n<\/tr>\n<tr>\n<td width=\"302\">Optional<\/td>\n<td width=\"302\">\n<ul>\n<li>Trocknung mit Luftmesser<\/li>\n<li>Dampf-, Gas- oder Elektroheizung<\/li>\n<li>Booster tank for rinsing<\/li>\n<li>PLC\/HMI control<\/li>\n<li>Water treatment<\/li>\n<li>Manual pushing trhough<\/li>\n<li>Conveyorized<\/li>\n<\/ul>\n<\/td>\n<\/tr>\n<\/tbody>\n<\/table>\n<p>&nbsp;<\/p>","protected":false},"excerpt":{"rendered":"<p>Eine vollautomatische f\u00f6rdertechnische Waschmaschine f\u00fcr einzelne Paletten oder als Komplettsystem zum vollautomatischen Waschen von Paletten mit einer Kapazit\u00e4t von bis zu 100 Paletten pro Stunde.<\/p>","protected":false},"featured_media":2425,"comment_status":"open","ping_status":"closed","template":"","meta":{"uix_meta_title":"","uix_meta_description":"","uix_canonical_url":""},"product_brand":[],"product_cat":[108],"product_tag":[],"class_list":{"0":"post-1892","1":"product","2":"type-product","3":"status-publish","4":"has-post-thumbnail","6":"product_cat-hygiene","8":"first","9":"instock","10":"shipping-taxable","11":"product-type-simple"},"_links":{"self":[{"href":"https:\/\/cormac.eu\/de\/wp-json\/wp\/v2\/product\/1892","targetHints":{"allow":["GET"]}}],"collection":[{"href":"https:\/\/cormac.eu\/de\/wp-json\/wp\/v2\/product"}],"about":[{"href":"https:\/\/cormac.eu\/de\/wp-json\/wp\/v2\/types\/product"}],"replies":[{"embeddable":true,"href":"https:\/\/cormac.eu\/de\/wp-json\/wp\/v2\/comments?post=1892"}],"wp:featuredmedia":[{"embeddable":true,"href":"https:\/\/cormac.eu\/de\/wp-json\/wp\/v2\/media\/2425"}],"wp:attachment":[{"href":"https:\/\/cormac.eu\/de\/wp-json\/wp\/v2\/media?parent=1892"}],"wp:term":[{"taxonomy":"product_brand","embeddable":true,"href":"https:\/\/cormac.eu\/de\/wp-json\/wp\/v2\/product_brand?post=1892"},{"taxonomy":"product_cat","embeddable":true,"href":"https:\/\/cormac.eu\/de\/wp-json\/wp\/v2\/product_cat?post=1892"},{"taxonomy":"product_tag","embeddable":true,"href":"https:\/\/cormac.eu\/de\/wp-json\/wp\/v2\/product_tag?post=1892"}],"curies":[{"name":"wp","href":"https:\/\/api.w.org\/{rel}","templated":true}]}}