{"id":184,"date":"2021-02-02T11:30:23","date_gmt":"2021-02-02T11:30:23","guid":{"rendered":"https:\/\/cormac.tijdelijk.org\/?post_type=product&#038;p=184"},"modified":"2022-05-30T16:27:13","modified_gmt":"2022-05-30T14:27:13","slug":"lloveras-sire-enrobing-line-2","status":"publish","type":"product","link":"https:\/\/cormac.eu\/de\/product\/lloveras-sire-enrobing-line\/","title":{"rendered":"Lloveras Sire \u00dcberziehlinie"},"content":{"rendered":"<p>Die \u00dcberziehmaschinen Sire-N(N) von Lloveras bieten vollst\u00e4ndige und partielle \u00dcberzugslinien. Sie sind in sechs Maschenweiten von 400 bis 12000 MM erh\u00e4ltlich und bieten eine gro\u00dfe Bandbreite an \u00dcberziehm\u00f6glichkeiten: Sire-N \u00dcberziehanlagen k\u00f6nnen jede Art von Produkt \u00fcberziehen, von S\u00fc\u00dfwaren bis zu Waffeln, Keksen oder anderen Backwaren. Die Linien k\u00f6nnen durch optionale Komponenten wie Vorverschl\u00fcsse, doppelte \u00dcberziehk\u00f6pfe, Nussstreuer und Fadendekorateure individuell angepasst werden. Die K\u00fchltunnel der Linie k\u00f6nnen so eingestellt werden, dass die Produkte je nach Produkt durch Konvektion und\/oder Strahlung gek\u00fchlt werden, und es k\u00f6nnen eine oder mehrere unabh\u00e4ngige K\u00fchleinheiten hinzugef\u00fcgt werden. Alle Funktionen werden \u00fcber ein umfassendes Bedienfeld gesteuert. In allen Mechanismen, die eine Bewegungssteuerung erfordern, wurden neue motorisierte Komponenten eingebaut, um eine Standardisierung und einen einfachen Austausch zu erreichen. Durch den Einsatz von Linear- und Drehantrieben entf\u00e4llt die Notwendigkeit, Druckluft zuzuf\u00fchren.<\/p>\n<h3>Anwendung<\/h3>\n<p>\u00dcberziehen von S\u00fc\u00df- und Backwaren mit Schokolade oder Compound und anschlie\u00dfendes Auflegen der N\u00fcsse, Verzieren der Schn\u00fcre und Abk\u00fchlen.<\/p>\n<p>&nbsp;<\/p>\n<h3>Leistungsbereich<\/h3>\n<p>Breiten von 400, 500, 600, 800 und 12000 MM<br \/>\nDie Kapazit\u00e4ten h\u00e4ngen vom Produkt, der Schichtdicke, der Art des Beschichtungsmaterials und den erforderlichen K\u00fchlzeiten ab.<\/p>\n<p>&nbsp;<\/p>\n<table class=\"features\" border=\"0\">\n<tbody>\n<tr>\n<td><strong>Eigenschaften<\/strong><\/td>\n<td><strong>Vorteile<\/strong><\/td>\n<\/tr>\n<tr>\n<td>Cantylever Entwurf<\/td>\n<td>\n<ul>\n<li>Einfacher Zugang f\u00fcr die Wartung<\/li>\n<li>Leichte Reinigung<\/li>\n<\/ul>\n<\/td>\n<\/tr>\n<tr>\n<td>Ausf\u00fchrung komplett aus Edelstahl mit FDA-zugelassenen Materialien<\/td>\n<td>\n<ul>\n<li>Kompaktes All-in-One-Konzept<\/li>\n<\/ul>\n<\/td>\n<\/tr>\n<tr>\n<td>Abnehmbarer unterer Tank und F\u00f6rderband<\/td>\n<td>\n<ul>\n<li>Verschmutzung des Bodens verhindern<\/li>\n<li>Einfacher Wechsel zu einer anderen Schokoladensorte<\/li>\n<li>Sp\u00fclbares unteres Modul (Schokoladenbassin)<\/li>\n<\/ul>\n<\/td>\n<\/tr>\n<tr>\n<td>Eingebautes Bedienfeld<\/td>\n<td>\n<ul>\n<li>Vollst\u00e4ndige Prozesskontrolle<\/li>\n<li>Bedienerfreundlich<\/li>\n<\/ul>\n<\/td>\n<\/tr>\n<tr>\n<td>Elektrisch betitelbarer Netztisch<\/td>\n<td>\n<ul>\n<li>gute Ergonomie<\/li>\n<\/ul>\n<\/td>\n<\/tr>\n<tr>\n<td>Einsatz von Linear- und Rotationsantrieben<\/td>\n<td>\n<ul>\n<li>Hoher Grad an Individualisierung<\/li>\n<\/ul>\n<\/td>\n<\/tr>\n<\/tbody>\n<\/table>","protected":false},"excerpt":{"rendered":"<p>Die Lloveras Sire-N(N) \u00dcberziehmaschinen sind die modernsten Voll- und Teilbeschichtungsanlagen. Sie sind in sechs Maschenweiten von 400 bis 12000 MM erh\u00e4ltlich und bieten eine gro\u00dfe Bandbreite an \u00dcberzugsm\u00f6glichkeiten.<\/p>","protected":false},"featured_media":995,"comment_status":"open","ping_status":"closed","template":"","meta":{"uix_meta_title":"","uix_meta_description":"","uix_canonical_url":""},"product_brand":[],"product_cat":[104],"product_tag":[],"class_list":{"0":"post-184","1":"product","2":"type-product","3":"status-publish","4":"has-post-thumbnail","6":"product_cat-processing","8":"first","9":"instock","10":"downloadable","11":"virtual","12":"product-type-simple"},"_links":{"self":[{"href":"https:\/\/cormac.eu\/de\/wp-json\/wp\/v2\/product\/184","targetHints":{"allow":["GET"]}}],"collection":[{"href":"https:\/\/cormac.eu\/de\/wp-json\/wp\/v2\/product"}],"about":[{"href":"https:\/\/cormac.eu\/de\/wp-json\/wp\/v2\/types\/product"}],"replies":[{"embeddable":true,"href":"https:\/\/cormac.eu\/de\/wp-json\/wp\/v2\/comments?post=184"}],"wp:featuredmedia":[{"embeddable":true,"href":"https:\/\/cormac.eu\/de\/wp-json\/wp\/v2\/media\/995"}],"wp:attachment":[{"href":"https:\/\/cormac.eu\/de\/wp-json\/wp\/v2\/media?parent=184"}],"wp:term":[{"taxonomy":"product_brand","embeddable":true,"href":"https:\/\/cormac.eu\/de\/wp-json\/wp\/v2\/product_brand?post=184"},{"taxonomy":"product_cat","embeddable":true,"href":"https:\/\/cormac.eu\/de\/wp-json\/wp\/v2\/product_cat?post=184"},{"taxonomy":"product_tag","embeddable":true,"href":"https:\/\/cormac.eu\/de\/wp-json\/wp\/v2\/product_tag?post=184"}],"curies":[{"name":"wp","href":"https:\/\/api.w.org\/{rel}","templated":true}]}}