{"id":183,"date":"2021-02-02T11:30:04","date_gmt":"2021-02-02T11:30:04","guid":{"rendered":"https:\/\/cormac.tijdelijk.org\/?post_type=product&#038;p=183"},"modified":"2022-05-30T16:27:39","modified_gmt":"2022-05-30T14:27:39","slug":"lloveras-kuhltunnel","status":"publish","type":"product","link":"https:\/\/cormac.eu\/de\/product\/lloveras-cooling-tunnel\/","title":{"rendered":"Lloveras K\u00fchltunnel"},"content":{"rendered":"<p>Der Lloveras K\u00fchltunnel besteht aus einem starken Maschinenrahmen. Die Abdeckungen sind mit einer dekorativen Stahlplatte mit PVC-laminierter Oberfl\u00e4che und Polyurethan-Isolierung verkleidet, die den Vorteil hat, dass sie leicht ist. Die L\u00e4nge des K\u00fchltunnels ist flexibel und besteht aus zusammensetzbaren Abschnitten in Standardgr\u00f6\u00dfe. Die Abdeckungen der einzelnen Sektionen k\u00f6nnen zur Inspektion und Reinigung vollst\u00e4ndig ge\u00f6ffnet werden. Die Luftzirkulation im Inneren des Tunnels erfolgt in L\u00e4ngsrichtung, und die Einheit verf\u00fcgt \u00fcber alle erforderlichen Kan\u00e4le, um einen optimalen Luftstrom entlang des Tunnels und eine gleichm\u00e4\u00dfige Temperaturverteilung zu gew\u00e4hrleisten. Der K\u00fchltunnel ist f\u00fcr den Betrieb mit einem Kaltluftstrom entweder durch Konvektion (direkte K\u00fchlung) oder durch Strahlung (indirekte K\u00fchlung) vorbereitet. Verdampfer und Turbinen befinden sich im unteren Teil des Tunnels. Kompressor und Verfl\u00fcssiger werden als unabh\u00e4ngige Einheiten geliefert, die je nach Kundenwunsch angeordnet werden k\u00f6nnen. Es wird empfohlen, den K\u00fchltunnel in einem klimatisierten Raum mit einer Temperatur von 20-22 \u00b0C und einer maximalen Luftfeuchtigkeit von 55% zu installieren.<\/p>\n<p>&nbsp;<\/p>\n<h3>Anwendung<\/h3>\n<p>K\u00fchlen von Schokolade oder zusammengesetzten umh\u00fcllten Produkten<\/p>\n<p>&nbsp;<\/p>\n<h3>Leistungsbereich<\/h3>\n<p>Die Kapazit\u00e4t wird durch die L\u00e4nge des K\u00fchltunnels bestimmt<\/p>\n<p>&nbsp;<\/p>\n<table class=\"features\" border=\"0\">\n<tbody>\n<tr>\n<td><strong>Eigenschaften<\/strong><\/td>\n<td><strong>Vorteile<\/strong><\/td>\n<\/tr>\n<tr>\n<td>PVC-laminierte Edelstahlverkleidung<\/td>\n<td>\n<ul>\n<li>Hygienische Gestaltung<\/li>\n<li>Leicht zu inspizieren und zu reinigen<\/li>\n<\/ul>\n<\/td>\n<\/tr>\n<tr>\n<td>PU-Isolierung<\/td>\n<td>\n<ul>\n<li>geringerer Energieverbrauch<\/li>\n<\/ul>\n<\/td>\n<\/tr>\n<tr>\n<td>Konvektions- oder Strahlungsk\u00fchlung<\/td>\n<td>\n<ul>\n<li>Ausgezeichnete Luftstromkontrolle<\/li>\n<li>Hervorragende K\u00fchleigenschaften<\/li>\n<\/ul>\n<\/td>\n<\/tr>\n<tr>\n<td>Automatisch zentrierendes Gurtsystem<\/td>\n<td>\n<ul>\n<li>zuverl\u00e4ssige Bandbewegung<\/li>\n<li>Weniger G\u00fcrtelverschmutzung<\/li>\n<\/ul>\n<\/td>\n<\/tr>\n<tr>\n<td>Unabh\u00e4ngige Variation der Band- und Maschengeschwindigkeit<\/td>\n<td>\n<ul>\n<li>gute Prozesskontrolle<\/li>\n<\/ul>\n<\/td>\n<\/tr>\n<tr>\n<td>PLC plus LCD<\/td>\n<td>\n<ul>\n<li>bedienerfreundlich<\/li>\n<\/ul>\n<\/td>\n<\/tr>\n<\/tbody>\n<\/table>","protected":false},"excerpt":{"rendered":"<p>Der Lloveras K\u00fchltunnel besteht aus einem starken Maschinenrahmen. Die Abdeckungen sind mit einem Dekorblech aus Stahl mit PVC-laminierter Oberfl\u00e4che und Polyurethan-Isolierung verkleidet, mit dem Vorteil, dass sie leicht sind.<\/p>","protected":false},"featured_media":996,"comment_status":"open","ping_status":"closed","template":"","meta":{"uix_meta_title":"","uix_meta_description":"","uix_canonical_url":""},"product_brand":[],"product_cat":[104],"product_tag":[],"class_list":{"0":"post-183","1":"product","2":"type-product","3":"status-publish","4":"has-post-thumbnail","6":"product_cat-processing","8":"first","9":"instock","10":"downloadable","11":"virtual","12":"product-type-simple"},"_links":{"self":[{"href":"https:\/\/cormac.eu\/de\/wp-json\/wp\/v2\/product\/183","targetHints":{"allow":["GET"]}}],"collection":[{"href":"https:\/\/cormac.eu\/de\/wp-json\/wp\/v2\/product"}],"about":[{"href":"https:\/\/cormac.eu\/de\/wp-json\/wp\/v2\/types\/product"}],"replies":[{"embeddable":true,"href":"https:\/\/cormac.eu\/de\/wp-json\/wp\/v2\/comments?post=183"}],"wp:featuredmedia":[{"embeddable":true,"href":"https:\/\/cormac.eu\/de\/wp-json\/wp\/v2\/media\/996"}],"wp:attachment":[{"href":"https:\/\/cormac.eu\/de\/wp-json\/wp\/v2\/media?parent=183"}],"wp:term":[{"taxonomy":"product_brand","embeddable":true,"href":"https:\/\/cormac.eu\/de\/wp-json\/wp\/v2\/product_brand?post=183"},{"taxonomy":"product_cat","embeddable":true,"href":"https:\/\/cormac.eu\/de\/wp-json\/wp\/v2\/product_cat?post=183"},{"taxonomy":"product_tag","embeddable":true,"href":"https:\/\/cormac.eu\/de\/wp-json\/wp\/v2\/product_tag?post=183"}],"curies":[{"name":"wp","href":"https:\/\/api.w.org\/{rel}","templated":true}]}}