{"id":172,"date":"2021-02-02T11:27:41","date_gmt":"2021-02-02T11:27:41","guid":{"rendered":"https:\/\/cormac.tijdelijk.org\/?post_type=product&#038;p=172"},"modified":"2022-05-30T16:25:18","modified_gmt":"2022-05-30T14:25:18","slug":"carugil-omnia-bunch-wrapper-2","status":"publish","type":"product","link":"https:\/\/cormac.eu\/de\/product\/carugil-omnia-bunch-wrapper\/","title":{"rendered":"Carugil Omnia Bunch Wrapper"},"content":{"rendered":"<p>Die Omnia-Serie von Lollypop-Verpackungsmaschinen sind neue und innovative Verpackungsmaschinen von Carugil. Die Omnia-Maschine ist das Ergebnis langj\u00e4hriger Erfahrung, Forschung und Entwicklung und wurde unter Ber\u00fccksichtigung der Anregungen und Produktionserfahrungen des weltweiten Kundenstamms von Carugil entwickelt. Diese neue Maschine bietet Zuverl\u00e4ssigkeit, Flexibilit\u00e4t, Effizienz, hohe Leistung und bietet dem Hersteller zus\u00e4tzliche Funktionen, die seinen Lutschern einen Mehrwert verleihen, der sie auf dem Markt hervorhebt. Die Maschine verf\u00fcgt \u00fcber Etikettierer, Tintenstrahldrucker, Computer Vision Qualit\u00e4tskontrolle, integrierte Steuerung und Kommunikation, automatische Abf\u00fcllvorrichtung, ein Selbstreinigungssystem zur Entfernung von Pulver im Zuf\u00fchrungsbereich, Stand-by-Rollenhalter, automatische Klebevorrichtung, Zentriersysteme und mehr. Die Maschine kann den Stick entweder dicht verschlie\u00dfen oder eine kleine, leicht zu \u00f6ffnende Lippe lassen. Die Versiegelungselemente verwenden elektrische Widerstandsheizungen mit geringem Stromverbrauch.<\/p>\n<p>&nbsp;<\/p>\n<h3>Anwendung<\/h3>\n<p>Einfacher Twist-Bund f\u00fcr kugelf\u00f6rmige Lutscher.<\/p>\n<p>&nbsp;<\/p>\n<h3>Leistungsbereich<\/h3>\n<p>Omnia 600 :bis zu 600 ppm<br \/>\nOmnia 2000: bis zu 1500 ppm<\/p>\n<p>&nbsp;<\/p>\n<table class=\"features\" border=\"0\">\n<tbody>\n<tr>\n<td><strong>Eigenschaften<\/strong><\/td>\n<td><strong>Vorteile<\/strong><\/td>\n<\/tr>\n<tr>\n<td>Konstruktion aus rostfreiem Stahl<\/td>\n<td>\n<ul>\n<li>Hygienisch<\/li>\n<li>Leichte Reinigung<\/li>\n<\/ul>\n<\/td>\n<\/tr>\n<tr>\n<td>B\u00fcrstenloses Servoantriebssystem mit geringer Tr\u00e4gheit<\/td>\n<td>\n<ul>\n<li>pr\u00e4zise Filmschnitte<\/li>\n<li>exakte Folienpositionierung im Hochgeschwindigkeitsbetrieb<\/li>\n<\/ul>\n<\/td>\n<\/tr>\n<tr>\n<td>Leicht abnehmbare Siegelbacken<\/td>\n<td>\n<ul>\n<li>schnelle Reinigung<\/li>\n<\/ul>\n<\/td>\n<\/tr>\n<tr>\n<td>Integriertes WIFI + SCADA + RFID + Sichtkontrolle<\/td>\n<td>\n<ul>\n<li>Integration in das Intranet des Kunden<\/li>\n<li>F\u00fchren von Protokollen und Statistiken pro Betreiber<\/li>\n<li>einfache Touchscreen-Funktionen<\/li>\n<li>Erkennung und Zur\u00fcckweisung von au\u00dfermittigen Lollys nach dem Splei\u00dfen<\/li>\n<li>Ferndiagnose<\/li>\n<\/ul>\n<\/td>\n<\/tr>\n<tr>\n<td>Ergonomisches Design<\/td>\n<td>\n<ul>\n<li>alles sichtbar<\/li>\n<li>leichter Zugang zum Maschineninneren<\/li>\n<\/ul>\n<\/td>\n<\/tr>\n<tr>\n<td>Elektrostatisches Entladungssystem<\/td>\n<td>\n<ul>\n<li>Beseitigung der statischen Aufladung von Filmen<\/li>\n<\/ul>\n<\/td>\n<\/tr>\n<tr>\n<td>Automatische Beschickungs- und Abf\u00fcllanlagen<\/td>\n<td>\n<ul>\n<li>Hohe Effizienz und Reduzierung der Investitionen<\/li>\n<\/ul>\n<\/td>\n<\/tr>\n<\/tbody>\n<\/table>\n<p>&nbsp;<\/p>","protected":false},"excerpt":{"rendered":"<p>Die Omnia-Serie von Lollypop-Verpackungsmaschinen sind neue und innovative Verpackungsmaschinen von Carugil. Die Omnia-Maschine ist das Ergebnis langj\u00e4hriger Erfahrung, Forschung und Entwicklung.<\/p>","protected":false},"featured_media":997,"comment_status":"open","ping_status":"closed","template":"","meta":{"uix_meta_title":"","uix_meta_description":"","uix_canonical_url":""},"product_brand":[],"product_cat":[105],"product_tag":[],"class_list":{"0":"post-172","1":"product","2":"type-product","3":"status-publish","4":"has-post-thumbnail","6":"product_cat-packaging","8":"first","9":"instock","10":"shipping-taxable","11":"product-type-simple"},"_links":{"self":[{"href":"https:\/\/cormac.eu\/de\/wp-json\/wp\/v2\/product\/172","targetHints":{"allow":["GET"]}}],"collection":[{"href":"https:\/\/cormac.eu\/de\/wp-json\/wp\/v2\/product"}],"about":[{"href":"https:\/\/cormac.eu\/de\/wp-json\/wp\/v2\/types\/product"}],"replies":[{"embeddable":true,"href":"https:\/\/cormac.eu\/de\/wp-json\/wp\/v2\/comments?post=172"}],"wp:featuredmedia":[{"embeddable":true,"href":"https:\/\/cormac.eu\/de\/wp-json\/wp\/v2\/media\/997"}],"wp:attachment":[{"href":"https:\/\/cormac.eu\/de\/wp-json\/wp\/v2\/media?parent=172"}],"wp:term":[{"taxonomy":"product_brand","embeddable":true,"href":"https:\/\/cormac.eu\/de\/wp-json\/wp\/v2\/product_brand?post=172"},{"taxonomy":"product_cat","embeddable":true,"href":"https:\/\/cormac.eu\/de\/wp-json\/wp\/v2\/product_cat?post=172"},{"taxonomy":"product_tag","embeddable":true,"href":"https:\/\/cormac.eu\/de\/wp-json\/wp\/v2\/product_tag?post=172"}],"curies":[{"name":"wp","href":"https:\/\/api.w.org\/{rel}","templated":true}]}}