{"id":4065,"date":"2023-11-10T14:43:58","date_gmt":"2023-11-10T13:43:58","guid":{"rendered":"https:\/\/cormac.eu\/?post_type=product&#038;p=4065"},"modified":"2023-11-10T14:47:56","modified_gmt":"2023-11-10T13:47:56","slug":"stroj-na-vyrobu-rukavu","status":"publish","type":"product","link":"https:\/\/cormac.eu\/cs\/product\/sleeving-machine\/","title":{"rendered":"Stroj na v\u00fdrobu ruk\u00e1v\u016f"},"content":{"rendered":"<p>Stroje na v\u00fdrobu ruk\u00e1v\u016f jsou ur\u010deny k oblepov\u00e1n\u00ed jednoho v\u00fdrobku (nap\u0159. t\u00e1ck\u016f na hotov\u00e1 j\u00eddla, dezertn\u00edch poh\u00e1rk\u016f atd.) nebo skupiny v\u00fdrobk\u016f (nap\u0159. kel\u00edmk\u016f, cihel, plechovek atd.). Tento kartonov\u00fd ruk\u00e1v se zabal\u00ed a upevn\u00ed pomoc\u00ed tavn\u00e9ho lepidla nebo h\u00e1\u010dk\u016f. Obalovac\u00ed stroje jsou k dispozici s r\u016fzn\u00fdmi typy uz\u00e1v\u011br\u016f (spodn\u00ed, bo\u010dn\u00ed, horn\u00ed atd.) a s rychlou a snadnou zm\u011bnou form\u00e1tu. Rychlost je elektronicky nastaviteln\u00e1 a\u017e do maxim\u00e1ln\u00edho po\u010dtu 250 ruk\u00e1v\u016f za minutu. \u0158ada sleevingov\u00fdch stroj\u016f navr\u017een\u00fdch spole\u010dnost\u00ed VIMCO je k dispozici s \u0161irokou \u0161k\u00e1lou r\u016fzn\u00fdch rozte\u010d\u00ed stroj\u016f, aby vyhovovala r\u016fzn\u00fdm pot\u0159eb\u00e1m z\u00e1kazn\u00edk\u016f a umo\u017e\u0148ovala pr\u00e1ci s r\u016fzn\u00fdmi v\u00fdrobky. T\u00fdm spole\u010dnosti Vimco je k dispozici pro studium a n\u00e1vrh stroj\u016f na m\u00edru pro speci\u00e1ln\u00ed velikosti nebo tvary krabic.<\/p>\n<p><img decoding=\"async\" class=\"alignnone size-medium wp-image-4042\" src=\"https:\/\/cormac.eu\/wp-content\/uploads\/2023\/11\/sleeving-process-300x120.jpg\" alt=\"\" width=\"300\" height=\"120\" srcset=\"https:\/\/cormac.eu\/wp-content\/uploads\/2023\/11\/sleeving-process-300x120.jpg 300w, https:\/\/cormac.eu\/wp-content\/uploads\/2023\/11\/sleeving-process.jpg 582w\" sizes=\"(max-width: 300px) 100vw, 300px\" \/><\/p>\n<p>&nbsp;<\/p>\n<p>DOSTUPN\u00c9 MODELY:<\/p>\n<ul>\n<li>Stroje na v\u00fdrobu ruk\u00e1v\u016f pro z\u00e1sobn\u00edky, max. rychlost a\u017e 120 ks\/min.<\/li>\n<li>Stroje na v\u00fdrobu obal\u016f pro hrnce a plechovky, max. rychlost a\u017e 250 ks\/min.<\/li>\n<li>SPECI\u00c1LY: stroje na v\u00fdrobu ruk\u00e1v\u016f na m\u00edru<\/li>\n<\/ul>\n<p>&nbsp;<\/p>\n<table style=\"height: 358px\" width=\"828\">\n<tbody>\n<tr>\n<td width=\"264\"><strong>F<\/strong><strong>eatures<\/strong><\/td>\n<td width=\"340\"><strong>V\u00fdhody<\/strong><\/td>\n<\/tr>\n<tr>\n<td width=\"264\">\u0158\u00edzen\u00ed rychlosti<\/td>\n<td width=\"340\">Nastaviteln\u00e1 rychlost<\/td>\n<\/tr>\n<tr>\n<td width=\"264\">Bo\u010dn\u00ed, horn\u00ed nebo spodn\u00ed zav\u00edr\u00e1n\u00ed<\/td>\n<td width=\"340\">K dispozici jsou r\u016fzn\u00e9 syst\u00e9my zav\u00edr\u00e1n\u00ed<\/td>\n<\/tr>\n<tr>\n<td width=\"264\">Rychl\u00e1 v\u00fdm\u011bna<\/td>\n<td width=\"340\">Pr\u016fm\u011brn\u00e1 zm\u011bna za 5-10 minut<\/td>\n<\/tr>\n<tr>\n<td width=\"264\">Bezstavov\u00e1 nebo lakovan\u00e1 ocelov\u00e1 konstrukce<\/td>\n<td width=\"340\">Vhodn\u00e9 pro r\u016fzn\u00e1 pr\u016fmyslov\u00e1 odv\u011btv\u00ed<\/td>\n<\/tr>\n<\/tbody>\n<\/table>\n<p>&nbsp;<\/p>","protected":false},"excerpt":{"rendered":"<p>Stroj na v\u00fdrobu ruk\u00e1v\u016f je ur\u010den k oblepen\u00ed jednoho v\u00fdrobku, skupiny v\u00fdrobk\u016f nebo z\u00e1sobn\u00edku lepenkov\u00fdm ruk\u00e1vem.<\/p>","protected":false},"featured_media":4041,"comment_status":"open","ping_status":"closed","template":"","meta":{"uix_meta_title":"","uix_meta_description":"","uix_canonical_url":""},"product_brand":[],"product_cat":[114],"product_tag":[],"class_list":{"0":"post-4065","1":"product","2":"type-product","3":"status-publish","4":"has-post-thumbnail","6":"product_cat-secondary-packaging","8":"first","9":"instock","10":"shipping-taxable","11":"product-type-simple"},"_links":{"self":[{"href":"https:\/\/cormac.eu\/cs\/wp-json\/wp\/v2\/product\/4065","targetHints":{"allow":["GET"]}}],"collection":[{"href":"https:\/\/cormac.eu\/cs\/wp-json\/wp\/v2\/product"}],"about":[{"href":"https:\/\/cormac.eu\/cs\/wp-json\/wp\/v2\/types\/product"}],"replies":[{"embeddable":true,"href":"https:\/\/cormac.eu\/cs\/wp-json\/wp\/v2\/comments?post=4065"}],"wp:featuredmedia":[{"embeddable":true,"href":"https:\/\/cormac.eu\/cs\/wp-json\/wp\/v2\/media\/4041"}],"wp:attachment":[{"href":"https:\/\/cormac.eu\/cs\/wp-json\/wp\/v2\/media?parent=4065"}],"wp:term":[{"taxonomy":"product_brand","embeddable":true,"href":"https:\/\/cormac.eu\/cs\/wp-json\/wp\/v2\/product_brand?post=4065"},{"taxonomy":"product_cat","embeddable":true,"href":"https:\/\/cormac.eu\/cs\/wp-json\/wp\/v2\/product_cat?post=4065"},{"taxonomy":"product_tag","embeddable":true,"href":"https:\/\/cormac.eu\/cs\/wp-json\/wp\/v2\/product_tag?post=4065"}],"curies":[{"name":"wp","href":"https:\/\/api.w.org\/{rel}","templated":true}]}}