{"id":4064,"date":"2023-11-10T14:38:19","date_gmt":"2023-11-10T13:38:19","guid":{"rendered":"https:\/\/cormac.eu\/?post_type=product&#038;p=4064"},"modified":"2023-11-10T14:43:29","modified_gmt":"2023-11-10T13:43:29","slug":"roboticka-nakladaci-jednotka","status":"publish","type":"product","link":"https:\/\/cormac.eu\/cs\/product\/robotic-loading-unit\/","title":{"rendered":"Robotick\u00e1 nakl\u00e1dac\u00ed jednotka"},"content":{"rendered":"<p>Navr\u017eeno p\u0159\u00edmo ve firm\u011b <strong>Delta a dvouos\u00fd robot pro I<\/strong>vkl\u00e1d\u00e1n\u00ed produktu nebo skupiny produkt\u016f do d\u0159\u00edve vytvo\u0159en\u00e9ho pole. Roboty lze integrovat jak do samostatn\u00fdch nakl\u00e1dac\u00edch jednotek, tak do monoblokov\u00fdch \u0159e\u0161en\u00ed. Tyto roboty lze tak\u00e9 pou\u017e\u00edt jako pomocn\u00e9 \u0159e\u0161en\u00ed pro p\u0159\u00edpravu r\u016fzn\u00fdch konfigurac\u00ed v\u00fdrobk\u016f na vstupu do za\u0159\u00edzen\u00ed t\u0159et\u00edch stran. Robotick\u00e9 nakl\u00e1dac\u00ed jednotky mohou b\u00fdt vybaveny syst\u00e9my vid\u011bn\u00ed pro kontrolu v\u00fdrobk\u016f, kter\u00e9 jsou schopny kontrolovat rozm\u011bry, kvalitu a orientaci v\u00fdrobk\u016f a sd\u011blovat robot\u016fm, kter\u00e9 v\u00fdrobky maj\u00ed vybrat a kter\u00e9 odm\u00edtnout. Robotick\u00e9 nakl\u00e1dac\u00ed jednotky lze pou\u017e\u00edt pro r\u016fzn\u00e9 aplikace: od prim\u00e1rn\u00edho a sekund\u00e1rn\u00edho balen\u00ed a\u017e po \u0159e\u0161en\u00ed na konci linky pro balen\u00ed do p\u0159epravn\u00edch beden.<b> <\/b>Ka\u017ed\u00fd projekt je podrobn\u011b studov\u00e1n a analyzov\u00e1n, aby bylo mo\u017en\u00e9 navrhnout \u0159e\u0161en\u00ed na m\u00edru, kter\u00e9 je zcela p\u0159izp\u016fsobeno v\u00fdrobk\u016fm, s nimi\u017e je t\u0159eba manipulovat; poskytuje tak vysoce flexibiln\u00ed a modern\u00ed \u0159e\u0161en\u00ed.<\/p>\n<p><img fetchpriority=\"high\" decoding=\"async\" class=\"alignnone size-medium wp-image-4039\" src=\"https:\/\/cormac.eu\/wp-content\/uploads\/2023\/11\/Robotic-loading-process-288x300.jpg\" alt=\"\" width=\"288\" height=\"300\" srcset=\"https:\/\/cormac.eu\/wp-content\/uploads\/2023\/11\/Robotic-loading-process-288x300.jpg 288w, https:\/\/cormac.eu\/wp-content\/uploads\/2023\/11\/Robotic-loading-process.jpg 407w\" sizes=\"(max-width: 288px) 100vw, 288px\" \/><\/p>\n<p>&nbsp;<\/p>\n<table style=\"height: 285px\" width=\"867\">\n<tbody>\n<tr>\n<td width=\"264\"><strong>F<\/strong><strong>eatures<\/strong><\/td>\n<td width=\"340\"><strong>V\u00fdhody<\/strong><\/td>\n<\/tr>\n<tr>\n<td width=\"264\">V\u0161estrann\u00fd<\/td>\n<td width=\"340\">samostatn\u00e9 nebo monoblokov\u00e9 konfigurace<\/td>\n<\/tr>\n<tr>\n<td width=\"264\">Vlastn\u00ed design<\/td>\n<td width=\"340\">Syst\u00e9mov\u00e1 integrace; okam\u017eit\u00e1 poprodejn\u00ed podpora<\/td>\n<\/tr>\n<tr>\n<td width=\"264\">Flexibiln\u00ed<\/td>\n<td width=\"340\">\u0158e\u0161en\u00ed na m\u00edru<\/td>\n<\/tr>\n<\/tbody>\n<\/table>\n<p><strong>\u00a0<\/strong><\/p>\n<p>&nbsp;<\/p>","protected":false},"excerpt":{"rendered":"<p>Robotick\u00e1 nakl\u00e1dac\u00ed jednotka je ur\u010dena k automatick\u00e9mu vychyst\u00e1v\u00e1n\u00ed v\u00fdrobk\u016f a jejich ukl\u00e1d\u00e1n\u00ed do krabice.<\/p>","protected":false},"featured_media":4040,"comment_status":"open","ping_status":"closed","template":"","meta":{"uix_meta_title":"","uix_meta_description":"","uix_canonical_url":""},"product_brand":[],"product_cat":[114],"product_tag":[],"class_list":{"0":"post-4064","1":"product","2":"type-product","3":"status-publish","4":"has-post-thumbnail","6":"product_cat-secondary-packaging","8":"first","9":"instock","10":"shipping-taxable","11":"product-type-simple"},"_links":{"self":[{"href":"https:\/\/cormac.eu\/cs\/wp-json\/wp\/v2\/product\/4064","targetHints":{"allow":["GET"]}}],"collection":[{"href":"https:\/\/cormac.eu\/cs\/wp-json\/wp\/v2\/product"}],"about":[{"href":"https:\/\/cormac.eu\/cs\/wp-json\/wp\/v2\/types\/product"}],"replies":[{"embeddable":true,"href":"https:\/\/cormac.eu\/cs\/wp-json\/wp\/v2\/comments?post=4064"}],"wp:featuredmedia":[{"embeddable":true,"href":"https:\/\/cormac.eu\/cs\/wp-json\/wp\/v2\/media\/4040"}],"wp:attachment":[{"href":"https:\/\/cormac.eu\/cs\/wp-json\/wp\/v2\/media?parent=4064"}],"wp:term":[{"taxonomy":"product_brand","embeddable":true,"href":"https:\/\/cormac.eu\/cs\/wp-json\/wp\/v2\/product_brand?post=4064"},{"taxonomy":"product_cat","embeddable":true,"href":"https:\/\/cormac.eu\/cs\/wp-json\/wp\/v2\/product_cat?post=4064"},{"taxonomy":"product_tag","embeddable":true,"href":"https:\/\/cormac.eu\/cs\/wp-json\/wp\/v2\/product_tag?post=4064"}],"curies":[{"name":"wp","href":"https:\/\/api.w.org\/{rel}","templated":true}]}}