{"id":4063,"date":"2023-11-10T14:34:54","date_gmt":"2023-11-10T13:34:54","guid":{"rendered":"https:\/\/cormac.eu\/?post_type=product&#038;p=4063"},"modified":"2023-11-10T14:38:03","modified_gmt":"2023-11-10T13:38:03","slug":"stroj-na-zakryvani-vicek","status":"publish","type":"product","link":"https:\/\/cormac.eu\/cs\/product\/lidding-machine\/","title":{"rendered":"Stroj na v\u00fdrobu v\u00ed\u010dek"},"content":{"rendered":"<p>Stroje na v\u00edka jsou ur\u010deny k umis\u0165ov\u00e1n\u00ed a lepen\u00ed lepenkov\u00fdch v\u00ed\u010dek na t\u00e1cky nebo v\u00fdstavn\u00ed krabice. V\u00edka jsou tvo\u0159ena z ploch\u00fdch polotovar\u016f. Rychlost je elektronicky nastaviteln\u00e1 a\u017e do maxim\u00e1ln\u00ed rychlosti 20 krabic za minutu u stroj\u016f s jednou v\u00edkovou hlavou. V z\u00e1vislosti na po\u017eadovan\u00e9 rychlosti a vlastnostech polotovar\u016f je mo\u017en\u00e9 navrhnout stroje s dvojitou hlavou pro vy\u0161\u0161\u00ed rychlost (a\u017e 40 ks\/min).<\/p>\n<p><img fetchpriority=\"high\" decoding=\"async\" class=\"alignnone size-medium wp-image-4038\" src=\"https:\/\/cormac.eu\/wp-content\/uploads\/2023\/11\/lidding-process-300x232.jpg\" alt=\"\" width=\"300\" height=\"232\" srcset=\"https:\/\/cormac.eu\/wp-content\/uploads\/2023\/11\/lidding-process-300x232.jpg 300w, https:\/\/cormac.eu\/wp-content\/uploads\/2023\/11\/lidding-process.jpg 453w\" sizes=\"(max-width: 300px) 100vw, 300px\" \/><\/p>\n<p>&nbsp;<\/p>\n<p>DOSTUPN\u00c9 MODELY:<\/p>\n<ul>\n<li>Vertik\u00e1ln\u00ed zdvi\u017en\u00fd potahov\u00fd stroj, max. rychlost 20 ks\/min na hlavu<\/li>\n<li>Stroj na v\u00fdrobu v\u00ed\u010dek, max. rychlost 18 ks\/min na hlavu<\/li>\n<li>SPECI\u00c1LY: Speci\u00e1ln\u00ed potahovac\u00ed stroj na m\u00edru podle po\u017eadavk\u016f z\u00e1kazn\u00edka<\/li>\n<\/ul>\n<p>&nbsp;<\/p>\n<table style=\"height: 522px\" width=\"843\">\n<tbody>\n<tr>\n<td width=\"264\"><strong>F<\/strong><strong>eatures<\/strong><\/td>\n<td width=\"340\"><strong>V\u00fdhody<\/strong><\/td>\n<\/tr>\n<tr>\n<td width=\"264\">Hlava s jedn\u00edm nebo dv\u011bma v\u00edky<\/td>\n<td width=\"340\">Volba rozsahu rychlost\u00ed<\/td>\n<\/tr>\n<tr>\n<td width=\"264\">Elektrick\u00e1 regulace ot\u00e1\u010dek<\/td>\n<td width=\"340\">Nastaviteln\u00e1 rychlost<\/td>\n<\/tr>\n<tr>\n<td width=\"264\">Uzav\u00edr\u00e1n\u00ed pomoc\u00ed tavn\u00e9ho lepidla<\/td>\n<td width=\"340\">Bezpe\u010dn\u00fd syst\u00e9m lepen\u00ed<\/td>\n<\/tr>\n<tr>\n<td width=\"264\">Rychl\u00e1 v\u00fdm\u011bna<\/td>\n<td width=\"340\">Pr\u016fm\u011brn\u00e1 zm\u011bna form\u00e1tu 5-10 minut<\/td>\n<\/tr>\n<tr>\n<td width=\"264\">Mo\u017enost integrace<\/td>\n<td width=\"340\">Vytv\u00e1\u0159en\u00ed kompletn\u00edch balic\u00edch linek<\/td>\n<\/tr>\n<tr>\n<td width=\"264\">Speci\u00e1ln\u00ed in\u017een\u00fdrstv\u00ed<\/td>\n<td width=\"340\">Mo\u017enost r\u016fzn\u00fdch konfigurac\u00ed<\/td>\n<\/tr>\n<tr>\n<td width=\"264\">Nerezov\u00e1 nebo lakovan\u00e1 ocelov\u00e1 konstrukce<\/td>\n<td width=\"340\">Vhodn\u00e9 pro r\u016fzn\u00e1 pr\u016fmyslov\u00e1 odv\u011btv\u00ed<\/td>\n<\/tr>\n<\/tbody>\n<\/table>","protected":false},"excerpt":{"rendered":"<p>Stroj na v\u00ed\u010dka je ur\u010den k um\u00edst\u011bn\u00ed a lepen\u00ed lepenkov\u00fdch v\u00ed\u010dek na podnos nebo v\u00fdstavn\u00ed krabici.<\/p>","protected":false},"featured_media":4037,"comment_status":"open","ping_status":"closed","template":"","meta":{"uix_meta_title":"","uix_meta_description":"","uix_canonical_url":""},"product_brand":[],"product_cat":[114],"product_tag":[],"class_list":{"0":"post-4063","1":"product","2":"type-product","3":"status-publish","4":"has-post-thumbnail","6":"product_cat-secondary-packaging","8":"first","9":"instock","10":"shipping-taxable","11":"product-type-simple"},"_links":{"self":[{"href":"https:\/\/cormac.eu\/cs\/wp-json\/wp\/v2\/product\/4063","targetHints":{"allow":["GET"]}}],"collection":[{"href":"https:\/\/cormac.eu\/cs\/wp-json\/wp\/v2\/product"}],"about":[{"href":"https:\/\/cormac.eu\/cs\/wp-json\/wp\/v2\/types\/product"}],"replies":[{"embeddable":true,"href":"https:\/\/cormac.eu\/cs\/wp-json\/wp\/v2\/comments?post=4063"}],"wp:featuredmedia":[{"embeddable":true,"href":"https:\/\/cormac.eu\/cs\/wp-json\/wp\/v2\/media\/4037"}],"wp:attachment":[{"href":"https:\/\/cormac.eu\/cs\/wp-json\/wp\/v2\/media?parent=4063"}],"wp:term":[{"taxonomy":"product_brand","embeddable":true,"href":"https:\/\/cormac.eu\/cs\/wp-json\/wp\/v2\/product_brand?post=4063"},{"taxonomy":"product_cat","embeddable":true,"href":"https:\/\/cormac.eu\/cs\/wp-json\/wp\/v2\/product_cat?post=4063"},{"taxonomy":"product_tag","embeddable":true,"href":"https:\/\/cormac.eu\/cs\/wp-json\/wp\/v2\/product_tag?post=4063"}],"curies":[{"name":"wp","href":"https:\/\/api.w.org\/{rel}","templated":true}]}}