{"id":4061,"date":"2023-11-10T14:25:58","date_gmt":"2023-11-10T13:25:58","guid":{"rendered":"https:\/\/cormac.eu\/?post_type=product&#038;p=4061"},"modified":"2024-02-05T13:59:15","modified_gmt":"2024-02-05T12:59:15","slug":"ovinovaci-stroje","status":"publish","type":"product","link":"https:\/\/cormac.eu\/cs\/product\/wrap-around-machines\/","title":{"rendered":"Obalov\u00e9 stroje"},"content":{"rendered":"<p>Balic\u00ed stroje jsou ur\u010deny k formov\u00e1n\u00ed, nakl\u00e1d\u00e1n\u00ed a uzav\u00edr\u00e1n\u00ed p\u0159epravn\u00edch nebo v\u00fdstavn\u00edch sk\u0159\u00edn\u00ed, a to od jednoho ploch\u00e9ho kartonov\u00e9ho polotovaru. Tento polotovar se ov\u00edj\u00ed kolem v\u00fdrobku nebo skupiny v\u00fdrobk\u016f a pot\u00e9 se p\u0159esouv\u00e1 k n\u00e1sleduj\u00edc\u00edm stanic\u00edm, kde se uzav\u0159e pomoc\u00ed tavn\u00e9ho lepidla. Tyto stroje jsou vysoce flexibiln\u00ed a umo\u017e\u0148uj\u00ed realizaci r\u016fzn\u00fdch typ\u016f obal\u016f, jako jsou kompletn\u00ed obaly, t\u00e1cy, t\u00e1cy+v\u00edka, v\u00fdstavn\u00ed krabice atd., s rychlou a omezenou zm\u011bnou form\u00e1tu.<\/p>\n<p>DOSTUPN\u00c9 MODELY:<\/p>\n<ul>\n<li>Obalov\u00fd stroj s jedn\u00edm z\u00e1sobn\u00edkem<\/li>\n<li>Obalovac\u00ed stroj s dvojit\u00fdm z\u00e1sobn\u00edkem na roztoky z\u00e1sobn\u00edk\u016f a v\u00ed\u010dek<\/li>\n<\/ul>\n<p>&nbsp;<\/p>\n<table style=\"height: 298px\" width=\"800\">\n<tbody>\n<tr>\n<td width=\"264\"><strong>F<\/strong><strong>eatures<\/strong><\/td>\n<td width=\"340\"><strong>V\u00fdhody<\/strong><\/td>\n<\/tr>\n<tr>\n<td width=\"264\">\u00a0\u0158\u00edzen\u00ed rychlosti<\/td>\n<td width=\"340\">Nastaviteln\u00e1 rychlost<\/td>\n<\/tr>\n<tr>\n<td width=\"264\">Rychl\u00e1 v\u00fdm\u011bna<\/td>\n<td width=\"340\">Pr\u016fm\u011brn\u00e1 zm\u011bna v \u010dase 5-10 minut<\/td>\n<\/tr>\n<tr>\n<td width=\"264\">Mo\u017enost horn\u00edho nebo bo\u010dn\u00edho nakl\u00e1d\u00e1n\u00ed<\/td>\n<td width=\"340\">Nejlep\u0161\u00ed mo\u017en\u00fd zp\u016fsob nakl\u00e1d\u00e1n\u00ed v\u00fdrobku\/krabice<\/td>\n<\/tr>\n<tr>\n<td width=\"264\">Bez stojanu z lakovan\u00e9 ocelov\u00e9 konstrukce<\/td>\n<td width=\"340\">Vhodn\u00e9 pro r\u016fzn\u00e1 pr\u016fmyslov\u00e1 odv\u011btv\u00ed<\/td>\n<\/tr>\n<\/tbody>\n<\/table>","protected":false},"excerpt":{"rendered":"<p>Ovinovac\u00ed stroj vezme polotovar ze z\u00e1sobn\u00edku a ovinuje jej kolem v\u00fdrobku, skupiny v\u00fdrobk\u016f nebo balen\u00ed s v\u00fdrobky.<\/p>","protected":false},"featured_media":4035,"comment_status":"open","ping_status":"closed","template":"","meta":{"uix_meta_title":"","uix_meta_description":"","uix_canonical_url":""},"product_brand":[],"product_cat":[114],"product_tag":[],"class_list":{"0":"post-4061","1":"product","2":"type-product","3":"status-publish","4":"has-post-thumbnail","6":"product_cat-secondary-packaging","8":"first","9":"instock","10":"shipping-taxable","11":"product-type-simple"},"_links":{"self":[{"href":"https:\/\/cormac.eu\/cs\/wp-json\/wp\/v2\/product\/4061","targetHints":{"allow":["GET"]}}],"collection":[{"href":"https:\/\/cormac.eu\/cs\/wp-json\/wp\/v2\/product"}],"about":[{"href":"https:\/\/cormac.eu\/cs\/wp-json\/wp\/v2\/types\/product"}],"replies":[{"embeddable":true,"href":"https:\/\/cormac.eu\/cs\/wp-json\/wp\/v2\/comments?post=4061"}],"wp:featuredmedia":[{"embeddable":true,"href":"https:\/\/cormac.eu\/cs\/wp-json\/wp\/v2\/media\/4035"}],"wp:attachment":[{"href":"https:\/\/cormac.eu\/cs\/wp-json\/wp\/v2\/media?parent=4061"}],"wp:term":[{"taxonomy":"product_brand","embeddable":true,"href":"https:\/\/cormac.eu\/cs\/wp-json\/wp\/v2\/product_brand?post=4061"},{"taxonomy":"product_cat","embeddable":true,"href":"https:\/\/cormac.eu\/cs\/wp-json\/wp\/v2\/product_cat?post=4061"},{"taxonomy":"product_tag","embeddable":true,"href":"https:\/\/cormac.eu\/cs\/wp-json\/wp\/v2\/product_tag?post=4061"}],"curies":[{"name":"wp","href":"https:\/\/api.w.org\/{rel}","templated":true}]}}