{"id":4060,"date":"2023-11-10T14:19:52","date_gmt":"2023-11-10T13:19:52","guid":{"rendered":"https:\/\/cormac.eu\/?post_type=product&#038;p=4060"},"modified":"2023-11-10T14:25:30","modified_gmt":"2023-11-10T13:25:30","slug":"balicka-kufru","status":"publish","type":"product","link":"https:\/\/cormac.eu\/cs\/product\/case-packer\/","title":{"rendered":"Bal\u00edrna kufr\u016f"},"content":{"rendered":"<p>Balic\u00ed stroje do obal\u016f jsou stroje na konci linky ur\u010den\u00e9 k formov\u00e1n\u00ed a pln\u011bn\u00ed americk\u00fdch obal\u016f. Tyto stroje otev\u00edraj\u00ed p\u0159edem slepen\u00e9 pouzdro a vkl\u00e1daj\u00ed v\u00fdrobek (nebo skupinu v\u00fdrobk\u016f) do pouzdra pomoc\u00ed syst\u00e9mu bo\u010dn\u00edho vkl\u00e1d\u00e1n\u00ed nebo robotick\u00e9 jednotky pro horn\u00ed vkl\u00e1d\u00e1n\u00ed.<br \/>\nPouzdro se uzav\u00edr\u00e1 tavn\u00fdm lepidlem nebo lepic\u00ed p\u00e1skou. Tyto bali\u010dky jsou vysoce flexibiln\u00ed stroje a lze na nich snadno a rychle m\u011bnit form\u00e1t, aby bylo mo\u017en\u00e9 efektivn\u011b manipulovat s r\u016fzn\u00fdmi typy v\u00fdrobk\u016f.<\/p>\n<p><img decoding=\"async\" class=\"alignnone size-medium wp-image-4033\" src=\"https:\/\/cormac.eu\/wp-content\/uploads\/2023\/11\/case-packer-process-300x159.jpg\" alt=\"\" width=\"300\" height=\"159\" srcset=\"https:\/\/cormac.eu\/wp-content\/uploads\/2023\/11\/case-packer-process-300x159.jpg 300w, https:\/\/cormac.eu\/wp-content\/uploads\/2023\/11\/case-packer-process.jpg 437w\" sizes=\"(max-width: 300px) 100vw, 300px\" \/><\/p>\n<p>&nbsp;<\/p>\n<p>DOSTUPN\u00c9 MODELY:<\/p>\n<ul>\n<li>Balic\u00ed stroj s uzav\u00edr\u00e1n\u00edm krabic pomoc\u00ed tavn\u00e9ho lepidla<\/li>\n<li>Balic\u00ed stroj s uzav\u00edr\u00e1n\u00edm krabic pomoc\u00ed lepic\u00ed p\u00e1sky<\/li>\n<\/ul>\n<p>&nbsp;<\/p>\n<table style=\"height: 311px\" width=\"730\">\n<tbody>\n<tr>\n<td width=\"264\"><strong>F<\/strong><strong>eatures<\/strong><\/td>\n<td width=\"340\"><strong>V\u00fdhody<\/strong><\/td>\n<\/tr>\n<tr>\n<td width=\"264\">\u00a0\u0158\u00edzen\u00ed rychlosti<\/td>\n<td width=\"340\">Nastaviteln\u00e1 rychlost<\/td>\n<\/tr>\n<tr>\n<td width=\"264\">Rychl\u00e1 v\u00fdm\u011bna<\/td>\n<td width=\"340\">Pr\u016fm\u011brn\u00e1 zm\u011bna v \u010dase 5-10 minut<\/td>\n<\/tr>\n<tr>\n<td width=\"264\">Mo\u017enost horn\u00edho nebo bo\u010dn\u00edho nakl\u00e1d\u00e1n\u00ed<\/td>\n<td width=\"340\">Nejlep\u0161\u00ed mo\u017en\u00fd zp\u016fsob nakl\u00e1d\u00e1n\u00ed v\u00fdrobku\/krabice<\/td>\n<\/tr>\n<tr>\n<td width=\"264\">Bez stojanu z lakovan\u00e9 ocelov\u00e9 konstrukce<\/td>\n<td width=\"340\">Vhodn\u00e9 pro r\u016fzn\u00e1 pr\u016fmyslov\u00e1 odv\u011btv\u00ed<\/td>\n<\/tr>\n<\/tbody>\n<\/table>","protected":false},"excerpt":{"rendered":"<p>Stroj na tvarov\u00e1n\u00ed americk\u00fdch kufr\u016f z blanku a jejich nakl\u00e1d\u00e1n\u00ed z boku nebo shora.<\/p>","protected":false},"featured_media":4034,"comment_status":"open","ping_status":"closed","template":"","meta":{"uix_meta_title":"","uix_meta_description":"","uix_canonical_url":""},"product_brand":[],"product_cat":[114],"product_tag":[],"class_list":{"0":"post-4060","1":"product","2":"type-product","3":"status-publish","4":"has-post-thumbnail","6":"product_cat-secondary-packaging","8":"first","9":"instock","10":"shipping-taxable","11":"product-type-simple"},"_links":{"self":[{"href":"https:\/\/cormac.eu\/cs\/wp-json\/wp\/v2\/product\/4060","targetHints":{"allow":["GET"]}}],"collection":[{"href":"https:\/\/cormac.eu\/cs\/wp-json\/wp\/v2\/product"}],"about":[{"href":"https:\/\/cormac.eu\/cs\/wp-json\/wp\/v2\/types\/product"}],"replies":[{"embeddable":true,"href":"https:\/\/cormac.eu\/cs\/wp-json\/wp\/v2\/comments?post=4060"}],"wp:featuredmedia":[{"embeddable":true,"href":"https:\/\/cormac.eu\/cs\/wp-json\/wp\/v2\/media\/4034"}],"wp:attachment":[{"href":"https:\/\/cormac.eu\/cs\/wp-json\/wp\/v2\/media?parent=4060"}],"wp:term":[{"taxonomy":"product_brand","embeddable":true,"href":"https:\/\/cormac.eu\/cs\/wp-json\/wp\/v2\/product_brand?post=4060"},{"taxonomy":"product_cat","embeddable":true,"href":"https:\/\/cormac.eu\/cs\/wp-json\/wp\/v2\/product_cat?post=4060"},{"taxonomy":"product_tag","embeddable":true,"href":"https:\/\/cormac.eu\/cs\/wp-json\/wp\/v2\/product_tag?post=4060"}],"curies":[{"name":"wp","href":"https:\/\/api.w.org\/{rel}","templated":true}]}}