{"id":4058,"date":"2023-11-10T13:26:28","date_gmt":"2023-11-10T12:26:28","guid":{"rendered":"https:\/\/cormac.eu\/?post_type=product&#038;p=4058"},"modified":"2023-11-10T13:36:51","modified_gmt":"2023-11-10T12:36:51","slug":"kompletni-linka-pro-sekundarni-baleni","status":"publish","type":"product","link":"https:\/\/cormac.eu\/cs\/product\/complete-secondary-packaging-line\/","title":{"rendered":"Kompletn\u00ed linka pro sekund\u00e1rn\u00ed balen\u00ed"},"content":{"rendered":"<p>V\u0161echny jednotliv\u00e9 stroje z dostupn\u00e9 \u0159ady stroj\u016f pro sekund\u00e1rn\u00ed balen\u00ed pro r\u016fzn\u00e9 aplikace lze spojit do jedn\u00e9 kompletn\u00ed balic\u00ed linky na kl\u00ed\u010d. V takov\u00fdch kompletn\u00edch link\u00e1ch vyu\u017e\u00edv\u00e1me dvouos\u00e9 a t\u0159\u00edos\u00e9 roboty vlastn\u00ed konstrukce pro um\u00edst\u011bn\u00ed a orientaci v\u00fdrobk\u016f v r\u016fzn\u00fdch konfigurac\u00edch krabic. Nakl\u00e1dac\u00ed jednotky mohou b\u00fdt robotick\u00e9 nebo automatick\u00e9. Na\u0161e odd\u011blen\u00ed v\u00fdzkumu a v\u00fdvoje navrhuje a vyv\u00edj\u00ed kompletn\u00ed linky, kter\u00e9 vytv\u00e1\u0159ej\u00ed \u0159e\u0161en\u00ed zam\u011b\u0159en\u00e1 na v\u00fdrobek a balen\u00ed z\u00e1kazn\u00edka. Tyto linky lze zcela p\u0159izp\u016fsobit a navrhnout tak, aby spl\u0148ovaly pot\u0159eby z\u00e1kazn\u00edka, a to s vyu\u017eit\u00edm nejmodern\u011bj\u0161\u00edch technologi\u00ed. Poskytov\u00e1n\u00edm kompletn\u00edch linek zaru\u010dujeme jednotnost logiky jednotliv\u00fdch stroj\u016f, jednotnost \u0159\u00edzen\u00ed projekt\u016f, rychl\u00fd poprodejn\u00ed servis a specializovan\u00fd t\u00fdm, kter\u00fd okam\u017eit\u011b reaguje na pot\u0159eby z\u00e1kaznick\u00e9 podpory.<\/p>\n<p>&nbsp;<\/p>\n<p><img fetchpriority=\"high\" decoding=\"async\" class=\"alignnone size-medium wp-image-4039\" src=\"https:\/\/cormac.eu\/wp-content\/uploads\/2023\/11\/Robotic-loading-process-288x300.jpg\" alt=\"\" width=\"288\" height=\"300\" srcset=\"https:\/\/cormac.eu\/wp-content\/uploads\/2023\/11\/Robotic-loading-process-288x300.jpg 288w, https:\/\/cormac.eu\/wp-content\/uploads\/2023\/11\/Robotic-loading-process.jpg 407w\" sizes=\"(max-width: 288px) 100vw, 288px\" \/><\/p>\n<p><strong>\u00a0<\/strong><\/p>\n<p><u>SYST\u00c9MY, KTER\u00c9 LZE INTEGROVAT DO KOMPLETN\u00cdCH LINEK:<\/u><\/p>\n<ul>\n<li>Syst\u00e9my kontroly hmotnosti<\/li>\n<li>Syst\u00e9my vid\u011bn\u00ed<\/li>\n<li>Vyhazovac\u00ed syst\u00e9my pro nevyhovuj\u00edc\u00ed v\u00fdrobky<\/li>\n<li>Syst\u00e9my ozna\u010dov\u00e1n\u00ed<\/li>\n<li>K\u00f3dovac\u00ed a tiskov\u00e9 syst\u00e9my<\/li>\n<li>Paletovac\u00ed syst\u00e9my<\/li>\n<\/ul>\n<p>&nbsp;<\/p>\n<table style=\"height: 307px\" width=\"805\">\n<tbody>\n<tr>\n<td width=\"264\"><strong>F<\/strong><strong>eatures<\/strong><\/td>\n<td width=\"340\"><strong>V\u00fdhody<\/strong><\/td>\n<\/tr>\n<tr>\n<td width=\"264\">\u00a0Celkov\u00e1 technika kompletn\u00edch linek<\/td>\n<td width=\"340\">R\u016fzn\u00e1 \u0159e\u0161en\u00ed balen\u00ed<\/td>\n<\/tr>\n<tr>\n<td width=\"264\">Robotick\u00e9 nakl\u00e1d\u00e1n\u00ed<\/td>\n<td width=\"340\">Rychl\u00e9, efektivn\u00ed, spolehliv\u00e9<\/td>\n<\/tr>\n<tr>\n<td width=\"264\">Dod\u00e1vka na kl\u00ed\u010d<\/td>\n<td width=\"340\">Dodavatel na jednom m\u00edst\u011b s odpov\u011bdnost\u00ed za projekt<\/td>\n<\/tr>\n<tr>\n<td width=\"264\">Konstrukce z nerezov\u00e9 nebo paitenov\u00e9 oceli<\/td>\n<td width=\"340\">Spolehliv\u00e9 odv\u011btv\u00ed<\/td>\n<\/tr>\n<\/tbody>\n<\/table>","protected":false},"excerpt":{"rendered":"<p>Automatick\u00e9 tvarov\u00e1n\u00ed karton\u016f, nakl\u00e1d\u00e1n\u00ed v\u00fdrobk\u016f pomoc\u00ed robotick\u00fdch bun\u011bk pick and place nebo jin\u00fdch syst\u00e9m\u016f, v\u010detn\u011b \u0159e\u0161en\u00ed na konci linky v\u010detn\u011b paletizace.<\/p>","protected":false},"featured_media":4032,"comment_status":"open","ping_status":"closed","template":"","meta":{"uix_meta_title":"","uix_meta_description":"","uix_canonical_url":""},"product_brand":[],"product_cat":[114],"product_tag":[],"class_list":{"0":"post-4058","1":"product","2":"type-product","3":"status-publish","4":"has-post-thumbnail","6":"product_cat-secondary-packaging","8":"first","9":"instock","10":"shipping-taxable","11":"product-type-simple"},"_links":{"self":[{"href":"https:\/\/cormac.eu\/cs\/wp-json\/wp\/v2\/product\/4058","targetHints":{"allow":["GET"]}}],"collection":[{"href":"https:\/\/cormac.eu\/cs\/wp-json\/wp\/v2\/product"}],"about":[{"href":"https:\/\/cormac.eu\/cs\/wp-json\/wp\/v2\/types\/product"}],"replies":[{"embeddable":true,"href":"https:\/\/cormac.eu\/cs\/wp-json\/wp\/v2\/comments?post=4058"}],"wp:featuredmedia":[{"embeddable":true,"href":"https:\/\/cormac.eu\/cs\/wp-json\/wp\/v2\/media\/4032"}],"wp:attachment":[{"href":"https:\/\/cormac.eu\/cs\/wp-json\/wp\/v2\/media?parent=4058"}],"wp:term":[{"taxonomy":"product_brand","embeddable":true,"href":"https:\/\/cormac.eu\/cs\/wp-json\/wp\/v2\/product_brand?post=4058"},{"taxonomy":"product_cat","embeddable":true,"href":"https:\/\/cormac.eu\/cs\/wp-json\/wp\/v2\/product_cat?post=4058"},{"taxonomy":"product_tag","embeddable":true,"href":"https:\/\/cormac.eu\/cs\/wp-json\/wp\/v2\/product_tag?post=4058"}],"curies":[{"name":"wp","href":"https:\/\/api.w.org\/{rel}","templated":true}]}}