{"id":4054,"date":"2023-11-10T13:13:17","date_gmt":"2023-11-10T12:13:17","guid":{"rendered":"https:\/\/cormac.eu\/?post_type=product&#038;p=4054"},"modified":"2023-11-10T13:26:17","modified_gmt":"2023-11-10T12:26:17","slug":"stroj-na-zavirani-krabic","status":"publish","type":"product","link":"https:\/\/cormac.eu\/cs\/product\/box-closing-machine\/","title":{"rendered":"Stroj na zav\u00edr\u00e1n\u00ed krabic"},"content":{"rendered":"<p>Zav\u00edrac\u00ed stroje jsou ur\u010deny k uzav\u00edr\u00e1n\u00ed krabic s v\u00edky po napln\u011bn\u00ed v\u00fdrobky. Zav\u00edrac\u00ed stroje mohou b\u00fdt line\u00e1rn\u00ed pro vysokorychlostn\u00ed \u0159e\u0161en\u00ed nebo pokud maj\u00ed krabice v\u00edka s jednou klapkou.<br \/>\nU krabic s t\u0159\u00edklopn\u00fdmi v\u00edky mohou b\u00fdt stroje \u00fahlov\u00e9. Tyto stroje maj\u00ed plynul\u00fd pohyb. Krabice lze uzav\u00edrat pomoc\u00ed tavn\u00e9ho lepidla nebo z\u00e1mkov\u00e9ho syst\u00e9mu.<br \/>\nRychlost je elektronicky nastaviteln\u00e1 a\u017e do maxim\u00e1ln\u00edho po\u010dtu 200 krabic za minutu. Zm\u011bna form\u00e1tu je rychl\u00e1 a snadn\u00e1.<\/p>\n<p>Kapacita: A\u017e 200 krabic za minutu.<\/p>\n<p><img decoding=\"async\" class=\"alignnone size-medium wp-image-4055\" src=\"https:\/\/cormac.eu\/wp-content\/uploads\/2023\/11\/closing-process-300x123.jpg\" alt=\"\" width=\"300\" height=\"123\" srcset=\"https:\/\/cormac.eu\/wp-content\/uploads\/2023\/11\/closing-process-300x123.jpg 300w, https:\/\/cormac.eu\/wp-content\/uploads\/2023\/11\/closing-process-600x245.jpg 600w, https:\/\/cormac.eu\/wp-content\/uploads\/2023\/11\/closing-process.jpg 644w\" sizes=\"(max-width: 300px) 100vw, 300px\" \/><\/p>\n<p>&nbsp;<\/p>\n<p>&nbsp;<\/p>\n<table style=\"height: 395px\" width=\"841\">\n<tbody>\n<tr>\n<td width=\"264\"><strong>F<\/strong><strong>eatures<\/strong><\/td>\n<td width=\"340\"><strong>V\u00fdhody<\/strong><\/td>\n<\/tr>\n<tr>\n<td width=\"264\">P\u0159eru\u0161ovan\u00fd nebo nep\u0159etr\u017eit\u00fd pohyb<\/td>\n<td width=\"340\">Syst\u00e9mov\u00e1 integrace<\/td>\n<\/tr>\n<tr>\n<td width=\"264\">\u0158\u00edzen\u00ed rychlosti<\/td>\n<td width=\"340\">Nastaviteln\u00e1 rychlost<\/td>\n<\/tr>\n<tr>\n<td width=\"264\">Uzav\u00edr\u00e1n\u00ed pomoc\u00ed tavn\u00e9ho lepidla nebo h\u00e1\u010dk\u016f<\/td>\n<td width=\"340\">Bezpe\u010dn\u00e9 zav\u00edr\u00e1n\u00ed a kreativn\u00ed design krabic<\/td>\n<\/tr>\n<tr>\n<td width=\"264\">Rychl\u00e1 v\u00fdm\u011bna<\/td>\n<td width=\"340\">Pr\u016fm\u011brn\u00e1 zm\u011bna v \u010dase 5-10 minut<\/td>\n<\/tr>\n<tr>\n<td width=\"264\">Ocelov\u00e1 konstrukce s povrchovou \u00fapravou nebo lakovan\u00e1 ocel<\/td>\n<td width=\"340\">Vhodn\u00e9 pro r\u016fzn\u00e1 pr\u016fmyslov\u00e1 odv\u011btv\u00ed<\/td>\n<\/tr>\n<\/tbody>\n<\/table>\n<p>&nbsp;<\/p>\n<p>&nbsp;<\/p>","protected":false},"excerpt":{"rendered":"<p>Stroj na uzav\u00edr\u00e1n\u00ed napln\u011bn\u00fdch krabic a karton\u016f v\u00edkem.<\/p>","protected":false},"featured_media":4057,"comment_status":"open","ping_status":"closed","template":"","meta":{"uix_meta_title":"","uix_meta_description":"","uix_canonical_url":""},"product_brand":[],"product_cat":[114],"product_tag":[],"class_list":{"0":"post-4054","1":"product","2":"type-product","3":"status-publish","4":"has-post-thumbnail","6":"product_cat-secondary-packaging","8":"first","9":"instock","10":"shipping-taxable","11":"product-type-simple"},"_links":{"self":[{"href":"https:\/\/cormac.eu\/cs\/wp-json\/wp\/v2\/product\/4054","targetHints":{"allow":["GET"]}}],"collection":[{"href":"https:\/\/cormac.eu\/cs\/wp-json\/wp\/v2\/product"}],"about":[{"href":"https:\/\/cormac.eu\/cs\/wp-json\/wp\/v2\/types\/product"}],"replies":[{"embeddable":true,"href":"https:\/\/cormac.eu\/cs\/wp-json\/wp\/v2\/comments?post=4054"}],"wp:featuredmedia":[{"embeddable":true,"href":"https:\/\/cormac.eu\/cs\/wp-json\/wp\/v2\/media\/4057"}],"wp:attachment":[{"href":"https:\/\/cormac.eu\/cs\/wp-json\/wp\/v2\/media?parent=4054"}],"wp:term":[{"taxonomy":"product_brand","embeddable":true,"href":"https:\/\/cormac.eu\/cs\/wp-json\/wp\/v2\/product_brand?post=4054"},{"taxonomy":"product_cat","embeddable":true,"href":"https:\/\/cormac.eu\/cs\/wp-json\/wp\/v2\/product_cat?post=4054"},{"taxonomy":"product_tag","embeddable":true,"href":"https:\/\/cormac.eu\/cs\/wp-json\/wp\/v2\/product_tag?post=4054"}],"curies":[{"name":"wp","href":"https:\/\/api.w.org\/{rel}","templated":true}]}}