{"id":4052,"date":"2023-11-10T13:00:26","date_gmt":"2023-11-10T12:00:26","guid":{"rendered":"https:\/\/cormac.eu\/?post_type=product&#038;p=4052"},"modified":"2023-11-10T14:17:50","modified_gmt":"2023-11-10T13:17:50","slug":"stroj-na-tvarovani-skrini","status":"publish","type":"product","link":"https:\/\/cormac.eu\/cs\/product\/case-forming-machine\/","title":{"rendered":"Stroj na tvarov\u00e1n\u00ed krabic"},"content":{"rendered":"<p>Stroje pro tvarov\u00e1n\u00ed krabic a z\u00e1sobn\u00edk\u016f speci\u00e1ln\u00edch rozm\u011br\u016f a tvar\u016f a pro nejr\u016fzn\u011bj\u0161\u00ed aplikace. Na\u0161e tv\u00e1\u0159ec\u00ed stroje jsou ur\u010deny k v\u00fdrob\u011b kartonov\u00fdch krabic a z\u00e1sobn\u00edk\u016f s ku\u017eelovitost\u00ed 90\u00b0 a 45\u00b0 nebo s dvojit\u00fdmi st\u011bnami. Krabice a t\u00e1cy se tvaruj\u00ed z ploch\u00fdch polotovar\u016f pomoc\u00ed tavn\u00e9ho lepidla, lepidla za studena nebo h\u00e1\u010dk\u016f. Rychlost je elektronicky nastaviteln\u00e1 a\u017e do maxim\u00e1ln\u00edho po\u010dtu 60 zdvih\u016f za minutu s jednou tv\u00e1\u0159ec\u00ed hlavou. Podle po\u017eadovan\u00e9 rychlosti a vlastnost\u00ed ploch\u00fdch polotovar\u016f jsou k dispozici tak\u00e9 varianty s dvojitou tv\u00e1\u0159ec\u00ed hlavou (120 krabic\/minutu) nebo trojitou tv\u00e1\u0159ec\u00ed hlavou (180 krabic\/minutu). Zm\u011bna form\u00e1tu je rychl\u00e1 a snadn\u00e1. Tv\u00e1\u0159ec\u00ed hlava m\u016f\u017ee b\u00fdt pevn\u00e1 nebo nastaviteln\u00e1. Voliteln\u011b je k dispozici tak\u00e9 automatick\u00e1 zm\u011bna form\u00e1tu.  D\u00edky automatizovan\u00fdm a robotick\u00fdm syst\u00e9m\u016fm pro vkl\u00e1d\u00e1n\u00ed produkt\u016f lze na\u0161e tv\u00e1\u0159ec\u00ed stroje integrovat se zav\u00edrac\u00edmi stroji a stroji na v\u00ed\u010dka a vytvo\u0159it tak kompletn\u00ed balic\u00ed linky.<\/p>\n<p><img decoding=\"async\" class=\"alignnone wp-image-4053\" src=\"https:\/\/cormac.eu\/wp-content\/uploads\/2023\/11\/product-line-case-forming-300x48.jpg\" alt=\"\" width=\"337\" height=\"54\" srcset=\"https:\/\/cormac.eu\/wp-content\/uploads\/2023\/11\/product-line-case-forming-300x48.jpg 300w, https:\/\/cormac.eu\/wp-content\/uploads\/2023\/11\/product-line-case-forming-600x96.jpg 600w, https:\/\/cormac.eu\/wp-content\/uploads\/2023\/11\/product-line-case-forming.jpg 659w\" sizes=\"(max-width: 337px) 100vw, 337px\" \/><\/p>\n<p>DOSTUPN\u00c9 MODELY:<\/p>\n<ul>\n<li>\u00a0Tvarovac\u00ed stroje pomoc\u00ed tavn\u00e9ho lepidla<\/li>\n<li>Tvarovac\u00ed stroj pomoc\u00ed lepidla za studena, se skl\u00e1dac\u00ed jednotkou s chlopn\u011bmi nebo bez n\u00ed<\/li>\n<li>Tvarovac\u00ed stroj na krabice s mu\u0161lemi<\/li>\n<li>Jedno nebo dvouhlav\u00e9 tv\u00e1\u0159ec\u00ed stroje s uzav\u00edr\u00e1n\u00edm pomoc\u00ed h\u00e1k\u016f<\/li>\n<li>Tv\u00e1\u0159ec\u00ed stroje pro krabice s dvojitou st\u011bnou a uzav\u00edr\u00e1n\u00edm do sebe<\/li>\n<li>SPECI\u00c1LY: Stroje pro tv\u00e1\u0159en\u00ed v\u010detn\u011b manipula\u010dn\u00edch jednotek, skl\u00e1dac\u00edch jednotek s bo\u010dn\u00edmi klopami, vnit\u0159n\u00edch d\u011bli\u010d\u016f, polohovac\u00edch jednotek apod.<\/li>\n<\/ul>\n<p>&nbsp;<\/p>\n<table style=\"height: 515px\" width=\"870\">\n<tbody>\n<tr>\n<td width=\"264\"><strong>F<\/strong><strong>eatures<\/strong><\/td>\n<td width=\"340\"><strong>V\u00fdhody<\/strong><\/td>\n<\/tr>\n<tr>\n<td width=\"264\">R\u016fzn\u00e9 zp\u016fsoby lepen\u00ed<\/td>\n<td width=\"340\">Tavn\u00e9 lepidlo, lepidlo za studena nebo h\u00e1\u010dky<\/td>\n<\/tr>\n<tr>\n<td width=\"264\">Nastaviteln\u00e1 rychlost<\/td>\n<td width=\"340\">\u0158\u00edzen\u00ed rychlosti<\/td>\n<\/tr>\n<tr>\n<td width=\"264\">Jednoduch\u00e9, dvojit\u00e9 a trojit\u00e9 tvarovky<\/td>\n<td width=\"340\">Volba r\u016fzn\u00fdch v\u00fdkon\u016f<\/td>\n<\/tr>\n<tr>\n<td width=\"264\">Rychl\u00e1 v\u00fdm\u011bna<\/td>\n<td width=\"340\">Zm\u011bna form\u00e1tu 5-10 minut<\/td>\n<\/tr>\n<tr>\n<td width=\"264\">Mo\u017enost integrace<\/td>\n<td width=\"340\">Vytv\u00e1\u0159en\u00ed kompletn\u00edch balic\u00edch linek<\/td>\n<\/tr>\n<tr>\n<td width=\"264\">Speci\u00e1ln\u00ed in\u017een\u00fdrstv\u00ed<\/td>\n<td width=\"340\">Mo\u017enost r\u016fzn\u00fdch konfigurac\u00ed<\/td>\n<\/tr>\n<tr>\n<td width=\"264\">Nerezov\u00e1 nebo lakovan\u00e1 ocelov\u00e1 konstrukce<\/td>\n<td width=\"340\">Vhodn\u00e9 pro r\u016fzn\u00e1 pr\u016fmyslov\u00e1 odv\u011btv\u00ed<\/td>\n<\/tr>\n<\/tbody>\n<\/table>\n<p>&nbsp;<\/p>","protected":false},"excerpt":{"rendered":"<p>Stroje na tvarov\u00e1n\u00ed krabic a z\u00e1sobn\u00edk\u016f speci\u00e1ln\u00edch rozm\u011br\u016f a tvar\u016f, po\u010d\u00ednaje ploch\u00fdmi plechy.<\/p>","protected":false},"featured_media":4029,"comment_status":"open","ping_status":"closed","template":"","meta":{"uix_meta_title":"","uix_meta_description":"","uix_canonical_url":""},"product_brand":[],"product_cat":[114],"product_tag":[],"class_list":{"0":"post-4052","1":"product","2":"type-product","3":"status-publish","4":"has-post-thumbnail","6":"product_cat-secondary-packaging","8":"first","9":"instock","10":"shipping-taxable","11":"product-type-simple"},"_links":{"self":[{"href":"https:\/\/cormac.eu\/cs\/wp-json\/wp\/v2\/product\/4052","targetHints":{"allow":["GET"]}}],"collection":[{"href":"https:\/\/cormac.eu\/cs\/wp-json\/wp\/v2\/product"}],"about":[{"href":"https:\/\/cormac.eu\/cs\/wp-json\/wp\/v2\/types\/product"}],"replies":[{"embeddable":true,"href":"https:\/\/cormac.eu\/cs\/wp-json\/wp\/v2\/comments?post=4052"}],"wp:featuredmedia":[{"embeddable":true,"href":"https:\/\/cormac.eu\/cs\/wp-json\/wp\/v2\/media\/4029"}],"wp:attachment":[{"href":"https:\/\/cormac.eu\/cs\/wp-json\/wp\/v2\/media?parent=4052"}],"wp:term":[{"taxonomy":"product_brand","embeddable":true,"href":"https:\/\/cormac.eu\/cs\/wp-json\/wp\/v2\/product_brand?post=4052"},{"taxonomy":"product_cat","embeddable":true,"href":"https:\/\/cormac.eu\/cs\/wp-json\/wp\/v2\/product_cat?post=4052"},{"taxonomy":"product_tag","embeddable":true,"href":"https:\/\/cormac.eu\/cs\/wp-json\/wp\/v2\/product_tag?post=4052"}],"curies":[{"name":"wp","href":"https:\/\/api.w.org\/{rel}","templated":true}]}}