{"id":4048,"date":"2023-11-10T12:43:37","date_gmt":"2023-11-10T11:43:37","guid":{"rendered":"https:\/\/cormac.eu\/?post_type=product&#038;p=4048"},"modified":"2023-11-10T12:59:40","modified_gmt":"2023-11-10T11:59:40","slug":"kartonazni-stroj","status":"publish","type":"product","link":"https:\/\/cormac.eu\/cs\/product\/cartoning-machine\/","title":{"rendered":"Kartonovac\u00ed stroj"},"content":{"rendered":"<p>\u0158ada karton\u00e1\u017en\u00edch stroj\u016f v\u010detn\u011b stroj\u016f s p\u0159eru\u0161ovan\u00fdm, p\u0159eru\u0161ovan\u00fdm s v\u00edce rozte\u010demi a stroj\u016f s kontinu\u00e1ln\u00edm pohybem. Pohyb z\u00e1vis\u00ed na specifikaci v\u00fdrobku a po\u017eadovan\u00e9 rychlosti, kter\u00e1 m\u016f\u017ee dosahovat a\u017e 300 kus\u016f za minutu.<em>.<br \/>\n<\/em>Kartonovac\u00ed stroje jsou ur\u010deny pro <strong>bo\u010dn\u00ed nakl\u00e1d\u00e1n\u00ed<\/strong> a uzav\u00edr\u00e1n\u00ed p\u0159edem slepen\u00fdch karton\u016f pomoc\u00ed tavn\u00e9ho lepidla nebo syst\u00e9mu z\u00e1mk\u016f. Zm\u011bna form\u00e1tu je rychl\u00e1 a snadn\u00e1<em>. <\/em>V\u0161echny modely karton\u00e1\u017en\u00edch stroj\u016f jsou k dispozici s r\u016fzn\u00fdmi rozte\u010demi stroj\u016f, kter\u00e9 spl\u0148uj\u00ed r\u016fzn\u00e9 pot\u0159eby z\u00e1kazn\u00edk\u016f.<em>. <\/em>K dispozici jsou r\u016fzn\u00e1 \u0159e\u0161en\u00ed p\u0159\u00edvodu produktu. Lze studovat speci\u00e1ln\u00ed proveden\u00ed pro zvl\u00e1\u0161tn\u00ed rozm\u011bry nebo tvar krabic.<\/p>\n<p><img decoding=\"async\" class=\"alignnone size-medium wp-image-4051\" src=\"https:\/\/cormac.eu\/wp-content\/uploads\/2023\/11\/carton-loading-process-300x91.jpg\" alt=\"\" width=\"300\" height=\"91\" srcset=\"https:\/\/cormac.eu\/wp-content\/uploads\/2023\/11\/carton-loading-process-300x91.jpg 300w, https:\/\/cormac.eu\/wp-content\/uploads\/2023\/11\/carton-loading-process.jpg 538w\" sizes=\"(max-width: 300px) 100vw, 300px\" \/><\/p>\n<p>Kapacity\/modely<\/p>\n<ul>\n<li>Model CCM100 : kontinu\u00e1ln\u00ed karton\u00e1\u017en\u00ed stroj, max. rychlost 300 str. za minutu<\/li>\n<li>Model ICMMP100 : p\u0159eru\u0161ovan\u00fd karton\u00e1\u017en\u00ed stroj, v\u00edce rozte\u010d\u00ed, max. rychlost 90 str. za minutu<\/li>\n<li>Model ICM100 : p\u0159eru\u0161ovan\u00fd karton\u00e1\u017en\u00ed stroj, max. rychlost 60 str. za minutu<\/li>\n<li>Speci\u00e1ln\u00ed proveden\u00ed : na vy\u017e\u00e1d\u00e1n\u00ed<\/li>\n<\/ul>\n<p>&nbsp;<\/p>\n<table style=\"height: 487px\" width=\"698\">\n<tbody>\n<tr>\n<td width=\"264\"><strong>F<\/strong><strong>eatures<\/strong><\/td>\n<td width=\"340\"><strong>V\u00fdhody<\/strong><\/td>\n<\/tr>\n<tr>\n<td width=\"264\">P\u0159eru\u0161ovan\u00fd nebo nep\u0159etr\u017eit\u00fd pohyb<\/td>\n<td width=\"340\">Syst\u00e9mov\u00e1 integrace<\/td>\n<\/tr>\n<tr>\n<td width=\"264\">Robotick\u00e9 nakl\u00e1d\u00e1n\u00ed v\u00fdrobk\u016f<\/td>\n<td width=\"340\">Efektivn\u00ed, hygienick\u00e9, rychl\u00e9<\/td>\n<\/tr>\n<tr>\n<td width=\"264\">Nakl\u00e1d\u00e1n\u00ed produkt\u016f na m\u00edru<\/td>\n<td width=\"340\">Nakl\u00e1d\u00e1n\u00ed v\u00fdrobk\u016f podle po\u017eadavk\u016f z\u00e1kazn\u00edka<\/td>\n<\/tr>\n<tr>\n<td width=\"264\">Elektronick\u00e1 regulace ot\u00e1\u010dek<\/td>\n<td width=\"340\">Nastaviteln\u00e1 rychlost<\/td>\n<\/tr>\n<tr>\n<td width=\"264\">Uzav\u00edr\u00e1n\u00ed pomoc\u00ed tavn\u00e9ho lepidla<\/td>\n<td width=\"340\">Spolehliv\u00e1 metoda lepen\u00ed<\/td>\n<\/tr>\n<tr>\n<td width=\"264\">Rychl\u00e1 v\u00fdm\u011bna<\/td>\n<td width=\"340\">Pr\u016fm\u011brn\u00e1 zm\u011bna za 5-10 minut<\/td>\n<\/tr>\n<tr>\n<td width=\"264\">Bezstavov\u00e1 nebo lakovan\u00e1 ocelov\u00e1 konstrukce<\/td>\n<td width=\"340\">Vhodn\u00e9 pro r\u016fzn\u00e1 pr\u016fmyslov\u00e1 odv\u011btv\u00ed<\/td>\n<\/tr>\n<\/tbody>\n<\/table>","protected":false},"excerpt":{"rendered":"<p>Stroj ur\u010den\u00fd k bo\u010dn\u00edmu vkl\u00e1d\u00e1n\u00ed v\u00fdrobk\u016f do p\u0159edem slepen\u00fdch karton\u016f a jejich uzav\u00edr\u00e1n\u00ed.<\/p>","protected":false},"featured_media":4028,"comment_status":"open","ping_status":"closed","template":"","meta":{"uix_meta_title":"","uix_meta_description":"","uix_canonical_url":""},"product_brand":[],"product_cat":[114],"product_tag":[300,271,299],"class_list":{"0":"post-4048","1":"product","2":"type-product","3":"status-publish","4":"has-post-thumbnail","6":"product_cat-secondary-packaging","7":"product_tag-cartoning","8":"product_tag-packaging-lines","9":"product_tag-secondary-packaging","11":"first","12":"instock","13":"shipping-taxable","14":"product-type-simple"},"_links":{"self":[{"href":"https:\/\/cormac.eu\/cs\/wp-json\/wp\/v2\/product\/4048","targetHints":{"allow":["GET"]}}],"collection":[{"href":"https:\/\/cormac.eu\/cs\/wp-json\/wp\/v2\/product"}],"about":[{"href":"https:\/\/cormac.eu\/cs\/wp-json\/wp\/v2\/types\/product"}],"replies":[{"embeddable":true,"href":"https:\/\/cormac.eu\/cs\/wp-json\/wp\/v2\/comments?post=4048"}],"wp:featuredmedia":[{"embeddable":true,"href":"https:\/\/cormac.eu\/cs\/wp-json\/wp\/v2\/media\/4028"}],"wp:attachment":[{"href":"https:\/\/cormac.eu\/cs\/wp-json\/wp\/v2\/media?parent=4048"}],"wp:term":[{"taxonomy":"product_brand","embeddable":true,"href":"https:\/\/cormac.eu\/cs\/wp-json\/wp\/v2\/product_brand?post=4048"},{"taxonomy":"product_cat","embeddable":true,"href":"https:\/\/cormac.eu\/cs\/wp-json\/wp\/v2\/product_cat?post=4048"},{"taxonomy":"product_tag","embeddable":true,"href":"https:\/\/cormac.eu\/cs\/wp-json\/wp\/v2\/product_tag?post=4048"}],"curies":[{"name":"wp","href":"https:\/\/api.w.org\/{rel}","templated":true}]}}