{"id":4006,"date":"2023-11-02T21:54:50","date_gmt":"2023-11-02T20:54:50","guid":{"rendered":"https:\/\/cormac.eu\/?post_type=product&#038;p=4006"},"modified":"2023-11-02T22:35:46","modified_gmt":"2023-11-02T21:35:46","slug":"kcm-omega-chocolate-depositor","status":"publish","type":"product","link":"https:\/\/cormac.eu\/cs\/product\/kcm-omega-chocolate-depositor\/","title":{"rendered":"\u010cokol\u00e1dov\u00fd depozit\u00e1\u0159 KCM Omega"},"content":{"rendered":"<p>KCM 9\/18 Omega je dokonal\u00fd n\u00e1stroj pro \u0159emeslnou v\u00fdrobu jednor\u00e1zov\u011b pln\u011bn\u00fdch v\u00fdrobk\u016f. Obsahuje pln\u011b elektro-servo poh\u00e1n\u011bn\u00fd depot\u00e9r s patentovan\u00fdm syst\u00e9mem oto\u010dn\u00e9ho p\u00edstu. \u0160t\u00edhl\u00e9 t\u011blo se vejde i do toho nejmen\u0161\u00edho rohu a je um\u00edst\u011bno na kole\u010dk\u00e1ch, tak\u017ee se d\u00e1 p\u0159emis\u0165ovat. Integrovan\u00e9 bezpe\u010dnostn\u00ed kryt\u00ed umo\u017e\u0148uje pln\u00fd p\u0159\u00edstup k z\u00e1sobn\u00edk\u016fm b\u011bhem v\u00fdroby. Depozitor m\u00e1 35mm vlo\u017eku v\u00e1lce s mo\u017enost\u00ed v\u00fdb\u011bru ze 3 r\u016fzn\u00fdch pr\u016fm\u011br\u016f p\u00edstu 10\/20\/25 mm. D\u00e9lka zdvihu p\u00edst\u016f je 32 mm. Stroj umo\u017e\u0148uje optim\u00e1ln\u00ed pr\u016fchodnost pro v\u00fdrobky s inkluzemi. M\u00e1 individu\u00e1ln\u00ed aktivaci p\u00edst\u016f s patentovan\u00fdm spojovac\u00edm syst\u00e9mem. Bo\u010dn\u00ed li\u0161ty jsou nastaviteln\u00e9 v rozmez\u00ed od 380 do 275 mm. To umo\u017e\u0148uje standardn\u00ed formy, vakuov\u011b tvarovan\u00e9 formy a desky!<\/p>\n<p>&nbsp;<\/p>\n<table style=\"height: 366px\" width=\"879\">\n<tbody>\n<tr>\n<td width=\"197\">\u00a0<strong>Funkce<\/strong><\/td>\n<td width=\"197\">\u00a0<strong>V\u00fdhody<\/strong><\/td>\n<\/tr>\n<tr>\n<td>Stroj na kole\u010dk\u00e1ch<\/td>\n<td>\n<ul>\n<li>snadn\u00fd pohyb<\/li>\n<\/ul>\n<\/td>\n<\/tr>\n<tr>\n<td>Syst\u00e9m ot\u00e1\u010den\u00ed p\u00edstu<\/td>\n<td>\n<ul>\n<li>nejvy\u0161\u0161\u00ed p\u0159esnost<\/li>\n<\/ul>\n<\/td>\n<\/tr>\n<tr>\n<td>Konzolov\u00fd blok p\u00edstu<\/td>\n<td>\n<ul>\n<li>snadn\u00fd p\u0159\u00edstup<\/li>\n<li>snadn\u00e9 \u010di\u0161t\u011bn\u00ed<\/li>\n<\/ul>\n<\/td>\n<\/tr>\n<tr>\n<td>Upevn\u011bn\u00ed desky s tryskami s centr\u00e1ln\u00edm z\u00e1mkem<\/td>\n<td>\n<ul>\n<li>Rychl\u00e1 v\u00fdm\u011bna tryskov\u00e9 desky<\/li>\n<\/ul>\n<\/td>\n<\/tr>\n<\/tbody>\n<\/table>\n<p>&nbsp;<\/p>\n<p>&nbsp;<\/p>","protected":false},"excerpt":{"rendered":"<p>Vysoce p\u0159esn\u00e1 a mobiln\u00ed jednor\u00e1zov\u00e1 \u010dokol\u00e1dovna pro ambici\u00f3zn\u00ed \u010dokolati\u00e9ry.<\/p>","protected":false},"featured_media":4025,"comment_status":"open","ping_status":"closed","template":"","meta":{"uix_meta_title":"","uix_meta_description":"","uix_canonical_url":""},"product_brand":[],"product_cat":[107,104],"product_tag":[],"class_list":{"0":"post-4006","1":"product","2":"type-product","3":"status-publish","4":"has-post-thumbnail","6":"product_cat-artisanal","7":"product_cat-processing","9":"first","10":"instock","11":"shipping-taxable","12":"product-type-simple"},"_links":{"self":[{"href":"https:\/\/cormac.eu\/cs\/wp-json\/wp\/v2\/product\/4006","targetHints":{"allow":["GET"]}}],"collection":[{"href":"https:\/\/cormac.eu\/cs\/wp-json\/wp\/v2\/product"}],"about":[{"href":"https:\/\/cormac.eu\/cs\/wp-json\/wp\/v2\/types\/product"}],"replies":[{"embeddable":true,"href":"https:\/\/cormac.eu\/cs\/wp-json\/wp\/v2\/comments?post=4006"}],"wp:featuredmedia":[{"embeddable":true,"href":"https:\/\/cormac.eu\/cs\/wp-json\/wp\/v2\/media\/4025"}],"wp:attachment":[{"href":"https:\/\/cormac.eu\/cs\/wp-json\/wp\/v2\/media?parent=4006"}],"wp:term":[{"taxonomy":"product_brand","embeddable":true,"href":"https:\/\/cormac.eu\/cs\/wp-json\/wp\/v2\/product_brand?post=4006"},{"taxonomy":"product_cat","embeddable":true,"href":"https:\/\/cormac.eu\/cs\/wp-json\/wp\/v2\/product_cat?post=4006"},{"taxonomy":"product_tag","embeddable":true,"href":"https:\/\/cormac.eu\/cs\/wp-json\/wp\/v2\/product_tag?post=4006"}],"curies":[{"name":"wp","href":"https:\/\/api.w.org\/{rel}","templated":true}]}}