{"id":3987,"date":"2023-10-27T14:59:24","date_gmt":"2023-10-27T12:59:24","guid":{"rendered":"https:\/\/cormac.eu\/?post_type=product&#038;p=3987"},"modified":"2023-10-27T15:28:07","modified_gmt":"2023-10-27T13:28:07","slug":"kulovy-mlyn","status":"publish","type":"product","link":"https:\/\/cormac.eu\/cs\/product\/ball-mill\/","title":{"rendered":"Kulov\u00fd ml\u00fdn"},"content":{"rendered":"<p>Kuli\u010dkov\u00fd ml\u00fdn s kapacitou 20-50 KG vhodn\u00fd pro mal\u00e9 a st\u0159edn\u00ed v\u00fdrobce \u010dokol\u00e1dy a cukr\u00e1rny. Stroj m\u016f\u017ee zjem\u0148ovat kr\u00e9my, \u010dokol\u00e1dov\u00e9 hmoty, \u010dokol\u00e1dov\u00e9 kr\u00e9my a r\u016fzn\u00e9 druhy polev a\u017e do jemnosti 20 mikron\u016f. Stroj je pevn\u00fd, spolehliv\u00fd a snadno ovladateln\u00fd. Jeho nap\u00e1jec\u00ed p\u0159\u00edpojka je nastavena na 220 V, d\u00edky \u010demu\u017e jej lze snadno zapojit a pou\u017e\u00edvat v jak\u00e9mkoli v\u00fdrobn\u00edm za\u0159\u00edzen\u00ed.<\/p>\n<p>&nbsp;<\/p>\n<table width=\"491\">\n<tbody>\n<tr>\n<td width=\"246\"><strong>Funkce<\/strong><\/td>\n<td width=\"246\"><strong>V\u00fdhody<\/strong><\/td>\n<\/tr>\n<tr>\n<td width=\"246\">Kompaktn\u00ed design<\/td>\n<td width=\"246\">Snadn\u00e9 um\u00edst\u011bn\u00ed a manipulace<\/td>\n<\/tr>\n<tr>\n<td width=\"246\">Nap\u00e1jen\u00ed 220 V<\/td>\n<td width=\"246\">Lze pou\u017e\u00edt v jak\u00e9mkoli za\u0159\u00edzen\u00ed, d\u00edln\u011b nebo laborato\u0159i.<\/td>\n<\/tr>\n<tr>\n<td width=\"246\"><\/td>\n<td width=\"246\"><\/td>\n<\/tr>\n<tr>\n<td width=\"246\">Rozm\u011bry<\/td>\n<td width=\"246\">D 875 x \u0160 675 x V 1100 mm<\/td>\n<\/tr>\n<tr>\n<td width=\"246\">Hmotnost<\/td>\n<td width=\"246\">340 Kg<\/td>\n<\/tr>\n<\/tbody>\n<\/table>","protected":false},"excerpt":{"rendered":"<p>N\u00edzkokapacitn\u00ed kulov\u00fd ml\u00fdn pro mal\u00e9 a st\u0159edn\u00ed v\u00fdrobce \u010dokol\u00e1dy a cukr\u00e1rny.<\/p>","protected":false},"featured_media":3986,"comment_status":"open","ping_status":"closed","template":"","meta":{"uix_meta_title":"","uix_meta_description":"","uix_canonical_url":""},"product_brand":[],"product_cat":[104],"product_tag":[],"class_list":{"0":"post-3987","1":"product","2":"type-product","3":"status-publish","4":"has-post-thumbnail","6":"product_cat-processing","8":"first","9":"instock","10":"shipping-taxable","11":"product-type-simple"},"_links":{"self":[{"href":"https:\/\/cormac.eu\/cs\/wp-json\/wp\/v2\/product\/3987","targetHints":{"allow":["GET"]}}],"collection":[{"href":"https:\/\/cormac.eu\/cs\/wp-json\/wp\/v2\/product"}],"about":[{"href":"https:\/\/cormac.eu\/cs\/wp-json\/wp\/v2\/types\/product"}],"replies":[{"embeddable":true,"href":"https:\/\/cormac.eu\/cs\/wp-json\/wp\/v2\/comments?post=3987"}],"wp:featuredmedia":[{"embeddable":true,"href":"https:\/\/cormac.eu\/cs\/wp-json\/wp\/v2\/media\/3986"}],"wp:attachment":[{"href":"https:\/\/cormac.eu\/cs\/wp-json\/wp\/v2\/media?parent=3987"}],"wp:term":[{"taxonomy":"product_brand","embeddable":true,"href":"https:\/\/cormac.eu\/cs\/wp-json\/wp\/v2\/product_brand?post=3987"},{"taxonomy":"product_cat","embeddable":true,"href":"https:\/\/cormac.eu\/cs\/wp-json\/wp\/v2\/product_cat?post=3987"},{"taxonomy":"product_tag","embeddable":true,"href":"https:\/\/cormac.eu\/cs\/wp-json\/wp\/v2\/product_tag?post=3987"}],"curies":[{"name":"wp","href":"https:\/\/api.w.org\/{rel}","templated":true}]}}