{"id":3935,"date":"2023-05-18T23:09:21","date_gmt":"2023-05-18T21:09:21","guid":{"rendered":"https:\/\/cormac.eu\/?post_type=product&#038;p=3935"},"modified":"2023-05-19T10:50:05","modified_gmt":"2023-05-19T08:50:05","slug":"automaticky-podavac-hromad","status":"publish","type":"product","link":"https:\/\/cormac.eu\/cs\/product\/automatic-pile-feeder\/","title":{"rendered":"Automatick\u00fd podava\u010d hromad"},"content":{"rendered":"<p>Automatick\u00fd podava\u010d hrom\u00e1dek pat\u0159\u00ed do kategorie manipula\u010dn\u00edch pod\u00e1vac\u00edch syst\u00e9m\u016f. Jedn\u00e1 se o horizont\u00e1ln\u00ed nakl\u00e1dac\u00ed a pod\u00e1vac\u00ed jednotku, kter\u00e1 se instaluje na v\u00fdstupn\u00edm konci v\u00fdrobn\u00edch linek.  Jeho \u00fakolem je seskupovat plo\u0161e le\u017e\u00edc\u00ed v\u00fdrobky do hromad a p\u0159en\u00e1\u0161et tyto hromady do p\u0159\u00edvodn\u00edch drah ovinovac\u00edho stroje (stroj\u016f). Tento podava\u010d hrom\u00e1dek \u0161etrn\u011b vytv\u00e1\u0159\u00ed hrom\u00e1dky v r\u016fzn\u00fdch v\u00fd\u0161k\u00e1ch, od jedn\u00e9 vrstvy a\u017e po maxim\u00e1ln\u00ed stabiln\u00ed v\u00fd\u0161ku. Zpracov\u00e1van\u00e9 produkty jsou obvykle su\u0161enky, krekry, sendvi\u010dov\u00e9 su\u0161enky, pl\u00e1tky toast\u016f nebo krekry.  \u0160pi\u010dkov\u00fd \u010dty\u0159os\u00fd horizont\u00e1ln\u00ed podava\u010d je poh\u00e1n\u011bn 4 servomotory.  Tato verze umo\u017e\u0148uje nastavovat v\u00fd\u0161ku z\u00e1sobn\u00edku za chodu stroje bez p\u0159eru\u0161en\u00ed. K dispozici je tak\u00e9 dvouos\u00e1 verze poh\u00e1n\u011bn\u00e1 dv\u011bma servomotory.<\/p>\n<p><strong>Rozsah kapacity<\/strong> : na m\u00edru\/na vy\u017e\u00e1d\u00e1n\u00ed<\/p>\n<p>&nbsp;<\/p>\n<table>\n<tbody>\n<tr>\n<td><strong>Funkce<\/strong><\/td>\n<td><strong>V\u00fdhody<\/strong><\/td>\n<\/tr>\n<tr>\n<td>Nastaven\u00ed v\u00fd\u0161ky stohu<\/td>\n<td>Pr\u016fb\u011b\u017en\u00e1 kompenzace odchylek tlou\u0161\u0165ky v\u00fdrobku<\/td>\n<\/tr>\n<tr>\n<td>Modul\u00e1rn\u00ed konstrukce<\/td>\n<td>K dispozici v r\u016fzn\u00fdch konfigurac\u00edch<\/td>\n<\/tr>\n<\/tbody>\n<\/table>\n<p>&nbsp;<\/p>","protected":false},"excerpt":{"rendered":"<p>Tento stroj sestavuje v\u00fdrobky, jako jsou su\u0161enky, krekry a tousty, do hromad a pod\u00e1v\u00e1 je na vstupn\u00ed p\u00e1s flowpackeru.<\/p>","protected":false},"featured_media":3897,"comment_status":"open","ping_status":"closed","template":"","meta":{"uix_meta_title":"","uix_meta_description":"","uix_canonical_url":""},"product_brand":[],"product_cat":[105],"product_tag":[275,265,271,276],"class_list":{"0":"post-3935","1":"product","2":"type-product","3":"status-publish","4":"has-post-thumbnail","6":"product_cat-packaging","7":"product_tag-feeding","8":"product_tag-flowpack","9":"product_tag-packaging-lines","10":"product_tag-stacking","12":"first","13":"instock","14":"shipping-taxable","15":"product-type-simple"},"_links":{"self":[{"href":"https:\/\/cormac.eu\/cs\/wp-json\/wp\/v2\/product\/3935","targetHints":{"allow":["GET"]}}],"collection":[{"href":"https:\/\/cormac.eu\/cs\/wp-json\/wp\/v2\/product"}],"about":[{"href":"https:\/\/cormac.eu\/cs\/wp-json\/wp\/v2\/types\/product"}],"replies":[{"embeddable":true,"href":"https:\/\/cormac.eu\/cs\/wp-json\/wp\/v2\/comments?post=3935"}],"wp:featuredmedia":[{"embeddable":true,"href":"https:\/\/cormac.eu\/cs\/wp-json\/wp\/v2\/media\/3897"}],"wp:attachment":[{"href":"https:\/\/cormac.eu\/cs\/wp-json\/wp\/v2\/media?parent=3935"}],"wp:term":[{"taxonomy":"product_brand","embeddable":true,"href":"https:\/\/cormac.eu\/cs\/wp-json\/wp\/v2\/product_brand?post=3935"},{"taxonomy":"product_cat","embeddable":true,"href":"https:\/\/cormac.eu\/cs\/wp-json\/wp\/v2\/product_cat?post=3935"},{"taxonomy":"product_tag","embeddable":true,"href":"https:\/\/cormac.eu\/cs\/wp-json\/wp\/v2\/product_tag?post=3935"}],"curies":[{"name":"wp","href":"https:\/\/api.w.org\/{rel}","templated":true}]}}