{"id":3931,"date":"2023-05-18T22:52:56","date_gmt":"2023-05-18T20:52:56","guid":{"rendered":"https:\/\/cormac.eu\/?post_type=product&#038;p=3931"},"modified":"2023-05-18T22:59:15","modified_gmt":"2023-05-18T20:59:15","slug":"flowpack-machine-pack-900","status":"publish","type":"product","link":"https:\/\/cormac.eu\/cs\/product\/flowpack-machine-pack-900\/","title":{"rendered":"Stroj Flowpack - balen\u00ed 900"},"content":{"rendered":"<p>Tento stroj flowpack pat\u0159\u00ed do \u0159ady 9, kter\u00e1 m\u00e1 horn\u00ed dr\u017e\u00e1k filmov\u00e9ho kotou\u010de. Tato konstruk\u010dn\u00ed platforma se pou\u017e\u00edv\u00e1 pro v\u00edce konfigurac\u00ed, kter\u00e9 v kombinaci s \u0161irokou \u0161k\u00e1lou p\u0159\u00edslu\u0161enstv\u00ed umo\u017e\u0148uj\u00ed p\u0159izp\u016fsobit stroj mnoha r\u016fzn\u00fdm produkt\u016fm, kter\u00e9 maj\u00ed b\u00fdt zabaleny v r\u016fzn\u00fdch v\u00fdrobn\u00edch prost\u0159ed\u00edch. Stroj lze dodat v r\u016fzn\u00fdch verz\u00edch, nap\u0159\u00edklad pro tepeln\u00e9 nebo studen\u00e9 uzav\u00edr\u00e1n\u00ed, s rota\u010dn\u00edm uzav\u00edra\u010dem\/\u0159ez\u00e1kem, v nerezov\u00e9m proveden\u00ed a v prav\u00e9m nebo lev\u00e9m proveden\u00ed.<\/p>\n<p><strong>Rozsah kapacity:<\/strong>\u00a0 200- 600 kus\u016f za minutu \/ 40 m\/minutu<\/p>\n<p>&nbsp;<\/p>\n<table style=\"height: 881px\" width=\"656\">\n<tbody>\n<tr>\n<td style=\"text-align: center\"><strong>Funkce<\/strong><\/td>\n<td>\n<p style=\"text-align: center\"><strong>V\u00fdhody<\/strong><\/p>\n<\/td>\n<\/tr>\n<tr>\n<td>Konzolov\u00e1 konstrukce<\/td>\n<td>\n<ul>\n<li>Dobr\u00fd p\u0159\u00edstup ke v\u0161em \u010d\u00e1stem stroje<\/li>\n<li>Snadn\u00e1 \u00fadr\u017eba<\/li>\n<\/ul>\n<\/td>\n<\/tr>\n<tr>\n<td>P\u00e1sov\u00fd dopravn\u00edk s tla\u010dn\u00fdmi lopatkami<\/td>\n<td>\n<ul>\n<li>Snadn\u00e1 zm\u011bna vzd\u00e1lenosti tla\u010d\u00edtek<\/li>\n<li>nen\u00ed pot\u0159eba \u017e\u00e1dn\u00e9 n\u00e1\u0159ad\u00ed<\/li>\n<\/ul>\n<\/td>\n<\/tr>\n<tr>\n<td>Modul\u00e1rn\u00ed konstrukce<\/td>\n<td>\n<ul>\n<li>P\u0159izp\u016fsobivost po\u017eadavk\u016fm z\u00e1kazn\u00edk\u016f<\/li>\n<\/ul>\n<\/td>\n<\/tr>\n<tr>\n<td>Pneumatick\u00fd dr\u017e\u00e1k navij\u00e1ku<\/td>\n<td>\n<ul>\n<li>Snadn\u00e1 v\u00fdm\u011bna c\u00edvky<\/li>\n<li>Axi\u00e1ln\u00ed nastaven\u00ed za chodu stroje<\/li>\n<\/ul>\n<\/td>\n<\/tr>\n<tr>\n<td>Univerz\u00e1ln\u00ed tv\u00e1\u0159ec\u00ed box<\/td>\n<td>\n<ul>\n<li>P\u0159izp\u016fsoben\u00ed r\u016fzn\u00fdm velikostem v\u00fdrobk\u016f<\/li>\n<\/ul>\n<\/td>\n<\/tr>\n<tr>\n<td>Modul pod\u00e9ln\u00e9ho t\u011bsn\u011bn\u00ed<\/td>\n<td>\n<ul>\n<li>1 p\u00e1r tahac\u00edch kole\u010dek ze studen\u00e9 f\u00f3lie<\/li>\n<li>2 p\u00e1ry vyh\u0159\u00edvan\u00fdch t\u011bsnic\u00edch kole\u010dek<\/li>\n<li>1 p\u00e1r ku\u017eelovit\u00fdch ploutv\u00ed skl\u00e1dac\u00edch kol<\/li>\n<\/ul>\n<\/td>\n<\/tr>\n<tr>\n<td>Modul pod\u00e9ln\u00e9ho sva\u0159ov\u00e1n\u00ed<\/td>\n<td>\n<ul>\n<li>Snadn\u00e1 demont\u00e1\u017e\/v\u00fdm\u011bna<\/li>\n<li>Snadn\u00e9 \u010di\u0161t\u011bn\u00ed<\/li>\n<\/ul>\n<\/td>\n<\/tr>\n<tr>\n<td>Rota\u010dn\u00ed \u0159ezac\u00ed a sva\u0159ovac\u00ed modul<\/td>\n<td>\n<ul>\n<li>Vyrobeno podle v\u00fdrobk\u016f a f\u00f3li\u00ed<\/li>\n<\/ul>\n<\/td>\n<\/tr>\n<tr>\n<td>V\u00fdstupn\u00ed dopravn\u00edk<\/td>\n<td>\n<ul>\n<li>Variabiln\u00ed rychlost<\/li>\n<li>syst\u00e9m detekce a odm\u00edtnut\u00ed<\/li>\n<\/ul>\n<\/td>\n<\/tr>\n<tr>\n<td>\u00a0Dotykov\u00fd displej<\/td>\n<td>\n<ul>\n<li>Pln\u011b elektronick\u00e9 ovl\u00e1d\u00e1n\u00ed<\/li>\n<li>Intuitivn\u00ed ovl\u00e1d\u00e1n\u00ed<\/li>\n<li>Ukl\u00e1d\u00e1n\u00ed parametr\u016f<\/li>\n<li>V\u00fdstrahy a varov\u00e1n\u00ed<\/li>\n<\/ul>\n<\/td>\n<\/tr>\n<\/tbody>\n<\/table>\n<p>&nbsp;<\/p>","protected":false},"excerpt":{"rendered":"<p>Stroj Flowpack pro pr\u016ftokov\u00e9 balen\u00ed b\u011b\u017en\u00fdch v\u00fdrobk\u016f p\u0159i st\u0159edn\u00edch a\u017e vysok\u00fdch v\u00fdrobn\u00edch rychlostech s pou\u017eit\u00edm poloautomatick\u00e9ho nebo pln\u011b automatick\u00e9ho pod\u00e1vac\u00edho syst\u00e9mu.<\/p>","protected":false},"featured_media":3895,"comment_status":"open","ping_status":"closed","template":"","meta":{"uix_meta_title":"","uix_meta_description":"","uix_canonical_url":""},"product_brand":[],"product_cat":[105],"product_tag":[265,266,271],"class_list":{"0":"post-3931","1":"product","2":"type-product","3":"status-publish","4":"has-post-thumbnail","6":"product_cat-packaging","7":"product_tag-flowpack","8":"product_tag-flowwrapping","9":"product_tag-packaging-lines","11":"first","12":"instock","13":"shipping-taxable","14":"product-type-simple"},"_links":{"self":[{"href":"https:\/\/cormac.eu\/cs\/wp-json\/wp\/v2\/product\/3931","targetHints":{"allow":["GET"]}}],"collection":[{"href":"https:\/\/cormac.eu\/cs\/wp-json\/wp\/v2\/product"}],"about":[{"href":"https:\/\/cormac.eu\/cs\/wp-json\/wp\/v2\/types\/product"}],"replies":[{"embeddable":true,"href":"https:\/\/cormac.eu\/cs\/wp-json\/wp\/v2\/comments?post=3931"}],"wp:featuredmedia":[{"embeddable":true,"href":"https:\/\/cormac.eu\/cs\/wp-json\/wp\/v2\/media\/3895"}],"wp:attachment":[{"href":"https:\/\/cormac.eu\/cs\/wp-json\/wp\/v2\/media?parent=3931"}],"wp:term":[{"taxonomy":"product_brand","embeddable":true,"href":"https:\/\/cormac.eu\/cs\/wp-json\/wp\/v2\/product_brand?post=3931"},{"taxonomy":"product_cat","embeddable":true,"href":"https:\/\/cormac.eu\/cs\/wp-json\/wp\/v2\/product_cat?post=3931"},{"taxonomy":"product_tag","embeddable":true,"href":"https:\/\/cormac.eu\/cs\/wp-json\/wp\/v2\/product_tag?post=3931"}],"curies":[{"name":"wp","href":"https:\/\/api.w.org\/{rel}","templated":true}]}}