{"id":3930,"date":"2023-05-18T22:35:25","date_gmt":"2023-05-18T20:35:25","guid":{"rendered":"https:\/\/cormac.eu\/?post_type=product&#038;p=3930"},"modified":"2023-05-18T22:46:02","modified_gmt":"2023-05-18T20:46:02","slug":"flowpack-machine-pack-90","status":"publish","type":"product","link":"https:\/\/cormac.eu\/cs\/product\/flowpack-machine-pack-90\/","title":{"rendered":"Stroj Flowpack - balen\u00ed 90"},"content":{"rendered":"<p>Tento stroj Flowpack pat\u0159\u00ed k \u0159ad\u011b 9, kter\u00e1 m\u00e1 horn\u00ed dr\u017e\u00e1k filmov\u00fdch c\u00edvek. Tato konstruk\u010dn\u00ed platforma se pou\u017e\u00edv\u00e1 pro v\u00edce konfigurac\u00ed, kter\u00e9 v kombinaci s \u0161irokou \u0161k\u00e1lou p\u0159\u00edslu\u0161enstv\u00ed umo\u017e\u0148uj\u00ed p\u0159izp\u016fsobit stroj mnoha r\u016fzn\u00fdm produkt\u016fm, kter\u00e9 maj\u00ed b\u00fdt zabaleny v r\u016fzn\u00fdch v\u00fdrobn\u00edch prost\u0159ed\u00edch. Stroj lze dodat v r\u016fzn\u00fdch verz\u00edch, nap\u0159\u00edklad pro tepeln\u00e9 nebo studen\u00e9 uzav\u00edr\u00e1n\u00ed, s rota\u010dn\u00edm uzav\u00edra\u010dem\/\u0159ez\u00e1kem, v nerezov\u00e9m proveden\u00ed a v prav\u00e9m nebo lev\u00e9m proveden\u00ed.<\/p>\n<p><strong>Rozsah kapacity:<\/strong> 100-300 ppm ; 30 mts \/min<\/p>\n<p>&nbsp;<\/p>\n<table style=\"height: 709px\" width=\"717\">\n<tbody>\n<tr>\n<td><strong>Funkce<\/strong><\/td>\n<td><strong>V\u00fdhody<\/strong><\/td>\n<\/tr>\n<tr>\n<td>Konzolov\u00e1 konstrukce<\/td>\n<td>\n<ul>\n<li>Dobr\u00fd p\u0159\u00edstup ke v\u0161em \u010d\u00e1stem stroje<\/li>\n<li>Snadn\u00e1 \u00fadr\u017eba<\/li>\n<\/ul>\n<\/td>\n<\/tr>\n<tr>\n<td><\/td>\n<td><\/td>\n<\/tr>\n<tr>\n<td>Modul\u00e1rn\u00ed konstrukce<\/td>\n<td>\n<ul>\n<li>P\u0159izp\u016fsobivost po\u017eadavk\u016fm z\u00e1kazn\u00edk\u016f<\/li>\n<\/ul>\n<\/td>\n<\/tr>\n<tr>\n<td>Pneumatick\u00fd dr\u017e\u00e1k navij\u00e1ku<\/td>\n<td>\n<ul>\n<li>Snadn\u00e1 v\u00fdm\u011bna c\u00edvky<\/li>\n<li>Axi\u00e1ln\u00ed nastaven\u00ed za chodu stroje<\/li>\n<\/ul>\n<\/td>\n<\/tr>\n<tr>\n<td>Modul\u00e1rn\u00ed pod\u00e9ln\u00e1 t\u011bsnic\u00ed jednotka<\/td>\n<td>\n<ul>\n<li>1 p\u00e1r studen\u00fdch kole\u010dek na stahov\u00e1n\u00ed f\u00f3lie<\/li>\n<li>2 p\u00e1ry vyh\u0159\u00edvan\u00fdch kole\u010dek pro t\u011bsn\u011bn\u00ed<\/li>\n<li>1 p\u00e1r ku\u017eelov\u00fdch kole\u010dek pro skl\u00e1d\u00e1n\u00ed t\u011bsn\u011bn\u00ed ploutv\u00ed<\/li>\n<\/ul>\n<\/td>\n<\/tr>\n<tr>\n<td>Univerz\u00e1ln\u00ed tv\u00e1\u0159ec\u00ed box<\/td>\n<td>\n<ul>\n<li>P\u0159izp\u016fsoben\u00ed r\u016fzn\u00fdm velikostem v\u00fdrobk\u016f<\/li>\n<\/ul>\n<\/td>\n<\/tr>\n<tr>\n<td>V\u00fdstupn\u00ed dopravn\u00edk s prom\u011bnlivou rychlost\u00ed<\/td>\n<td>\n<ul>\n<li>Nastaven\u00ed rychlosti balen\u00ed<\/li>\n<\/ul>\n<\/td>\n<\/tr>\n<tr>\n<td>\u00a0Dotykov\u00fd displej<\/td>\n<td>\n<ul>\n<li>Pln\u011b elektronick\u00e9 ovl\u00e1d\u00e1n\u00ed<\/li>\n<li>Intuitivn\u00ed ovl\u00e1d\u00e1n\u00ed<\/li>\n<li>Ukl\u00e1d\u00e1n\u00ed parametr\u016f<\/li>\n<li>V\u00fdstrahy a varov\u00e1n\u00ed<\/li>\n<\/ul>\n<\/td>\n<\/tr>\n<\/tbody>\n<\/table>","protected":false},"excerpt":{"rendered":"<p>Stroj Flowpack pro pr\u016ftokov\u00e9 balen\u00ed b\u011b\u017en\u00fdch v\u00fdrobk\u016f v n\u00edzko a\u017e st\u0159edn\u011b rychl\u00fdch v\u00fdrobn\u00edch s\u00e9ri\u00edch.<\/p>","protected":false},"featured_media":3892,"comment_status":"open","ping_status":"closed","template":"","meta":{"uix_meta_title":"","uix_meta_description":"","uix_canonical_url":""},"product_brand":[],"product_cat":[105],"product_tag":[265,266,271],"class_list":{"0":"post-3930","1":"product","2":"type-product","3":"status-publish","4":"has-post-thumbnail","6":"product_cat-packaging","7":"product_tag-flowpack","8":"product_tag-flowwrapping","9":"product_tag-packaging-lines","11":"first","12":"instock","13":"shipping-taxable","14":"product-type-simple"},"_links":{"self":[{"href":"https:\/\/cormac.eu\/cs\/wp-json\/wp\/v2\/product\/3930","targetHints":{"allow":["GET"]}}],"collection":[{"href":"https:\/\/cormac.eu\/cs\/wp-json\/wp\/v2\/product"}],"about":[{"href":"https:\/\/cormac.eu\/cs\/wp-json\/wp\/v2\/types\/product"}],"replies":[{"embeddable":true,"href":"https:\/\/cormac.eu\/cs\/wp-json\/wp\/v2\/comments?post=3930"}],"wp:featuredmedia":[{"embeddable":true,"href":"https:\/\/cormac.eu\/cs\/wp-json\/wp\/v2\/media\/3892"}],"wp:attachment":[{"href":"https:\/\/cormac.eu\/cs\/wp-json\/wp\/v2\/media?parent=3930"}],"wp:term":[{"taxonomy":"product_brand","embeddable":true,"href":"https:\/\/cormac.eu\/cs\/wp-json\/wp\/v2\/product_brand?post=3930"},{"taxonomy":"product_cat","embeddable":true,"href":"https:\/\/cormac.eu\/cs\/wp-json\/wp\/v2\/product_cat?post=3930"},{"taxonomy":"product_tag","embeddable":true,"href":"https:\/\/cormac.eu\/cs\/wp-json\/wp\/v2\/product_tag?post=3930"}],"curies":[{"name":"wp","href":"https:\/\/api.w.org\/{rel}","templated":true}]}}