{"id":3927,"date":"2023-05-18T22:15:35","date_gmt":"2023-05-18T20:15:35","guid":{"rendered":"https:\/\/cormac.eu\/?post_type=product&#038;p=3927"},"modified":"2023-05-19T11:00:29","modified_gmt":"2023-05-19T09:00:29","slug":"baleni-stroje-flowpack-60","status":"publish","type":"product","link":"https:\/\/cormac.eu\/cs\/product\/flowpack-machine-pack-60\/","title":{"rendered":"Stroj Flowpack - balen\u00ed 60"},"content":{"rendered":"<p>Tento stroj flowpack pat\u0159\u00ed do \u0159ady 6, kter\u00e1 m\u00e1 spodn\u00ed dr\u017e\u00e1k filmov\u00e9ho kotou\u010de.<br \/>\nTato konstruk\u010dn\u00ed platforma se pou\u017e\u00edv\u00e1 pro v\u00edce konfigurac\u00ed, kter\u00e9 v kombinaci s \u0161irokou \u0161k\u00e1lou p\u0159\u00edslu\u0161enstv\u00ed umo\u017e\u0148uj\u00ed p\u0159izp\u016fsobit stroj mnoha r\u016fzn\u00fdm v\u00fdrobk\u016fm, kter\u00e9 se maj\u00ed balit v r\u016fzn\u00fdch v\u00fdrobn\u00edch prost\u0159ed\u00edch.<br \/>\nStroj m\u016f\u017ee b\u00fdt dod\u00e1n v r\u016fzn\u00fdch verz\u00edch, nap\u0159\u00edklad pro tepeln\u00e9 nebo studen\u00e9 pe\u010det\u011bn\u00ed, s rota\u010dn\u00edm pe\u010det\u00edtkem\/\u0159ez\u00e1kem, v nerezov\u00e9m proveden\u00ed a v prav\u00e9m nebo lev\u00e9m proveden\u00ed.<br \/>\nStroj lze dodat s r\u016fzn\u00fdmi p\u0159izp\u016fsoben\u00fdmi syst\u00e9my pod\u00e1v\u00e1n\u00ed.<\/p>\n<p><strong>Rozsah kapacity<\/strong>: 100-300 kus\u016f za minutu; 30 m\/min.<\/p>\n<p>&nbsp;<\/p>\n<table style=\"height: 742px\" width=\"638\">\n<tbody>\n<tr>\n<td>\n<p style=\"text-align: center\"><strong>Funkce<\/strong><\/p>\n<\/td>\n<td>\n<p style=\"text-align: center\"><strong>V\u00fdhody<\/strong><\/p>\n<\/td>\n<\/tr>\n<tr>\n<td>Konzolov\u00e1 konstrukce<\/td>\n<td>\n<ul>\n<li>Dobr\u00fd p\u0159\u00edstup ke v\u0161em \u010d\u00e1stem stroje<\/li>\n<li>Snadn\u00e1 \u00fadr\u017eba<\/li>\n<\/ul>\n<\/td>\n<\/tr>\n<tr>\n<td>Modul\u00e1rn\u00ed konstrukce<\/td>\n<td>\n<ul>\n<li>P\u0159izp\u016fsobivost po\u017eadavk\u016fm z\u00e1kazn\u00edk\u016f<\/li>\n<li>vysok\u00e1 flexibilita<\/li>\n<\/ul>\n<\/td>\n<\/tr>\n<tr>\n<td>Pneumatick\u00fd dr\u017e\u00e1k navij\u00e1ku<\/td>\n<td>\n<ul>\n<li>Snadn\u00e1 v\u00fdm\u011bna c\u00edvky<\/li>\n<li>Axi\u00e1ln\u00ed nastaven\u00ed za chodu stroje<\/li>\n<\/ul>\n<\/td>\n<\/tr>\n<tr>\n<td>Univerz\u00e1ln\u00ed tv\u00e1\u0159ec\u00ed box<\/td>\n<td>\n<ul>\n<li>P\u0159izp\u016fsoben\u00ed r\u016fzn\u00fdm velikostem v\u00fdrobk\u016f<\/li>\n<\/ul>\n<\/td>\n<\/tr>\n<tr>\n<td>Modul\u00e1rn\u00ed pod\u00e9ln\u00e1 t\u011bsnic\u00ed jednotka<\/td>\n<td>\n<ul>\n<li>1 p\u00e1r kol pro ta\u017een\u00ed za studena<\/li>\n<li>2 p\u00e1ry vyh\u0159\u00edvan\u00fdch t\u011bsnic\u00edch kole\u010dek<\/li>\n<li>1 p\u00e1r ku\u017eelovit\u00fdch ploutv\u00ed skl\u00e1dac\u00edch kol<\/li>\n<\/ul>\n<\/td>\n<\/tr>\n<tr>\n<td>Univerz\u00e1ln\u00ed tv\u00e1\u0159ec\u00ed box<\/td>\n<td>\n<ul>\n<li>P\u0159izp\u016fsoben\u00ed r\u016fzn\u00fdm velikostem v\u00fdrobk\u016f<\/li>\n<\/ul>\n<\/td>\n<\/tr>\n<tr>\n<td>V\u00fdstupn\u00ed dopravn\u00edk s prom\u011bnlivou rychlost\u00ed<\/td>\n<td>\n<ul>\n<li>Nastaven\u00ed rychlosti balen\u00ed<\/li>\n<\/ul>\n<\/td>\n<\/tr>\n<tr>\n<td>\u00a010,4\" dotykov\u00fd displej<\/td>\n<td>\n<ul>\n<li>Pln\u011b elektronick\u00e9 ovl\u00e1d\u00e1n\u00ed<\/li>\n<li>Intuitivn\u00ed ovl\u00e1d\u00e1n\u00ed<\/li>\n<li>Ukl\u00e1d\u00e1n\u00ed parametr\u016f<\/li>\n<li>Zobrazen\u00e9 alarmy a varov\u00e1n\u00ed<\/li>\n<\/ul>\n<\/td>\n<\/tr>\n<\/tbody>\n<\/table>","protected":false},"excerpt":{"rendered":"<p>Stroj Flowpack pro pr\u016ftokov\u00e9 balen\u00ed nepravideln\u00fdch nebo k\u0159ehk\u00fdch v\u00fdrobk\u016f p\u0159i n\u00edzk\u00fdch a\u017e st\u0159edn\u00edch v\u00fdrobn\u00edch rychlostech.<\/p>","protected":false},"featured_media":3891,"comment_status":"open","ping_status":"closed","template":"","meta":{"uix_meta_title":"","uix_meta_description":"","uix_canonical_url":""},"product_brand":[],"product_cat":[105],"product_tag":[274,265,266],"class_list":{"0":"post-3927","1":"product","2":"type-product","3":"status-publish","4":"has-post-thumbnail","6":"product_cat-packaging","7":"product_tag-complete-packaging-lines","8":"product_tag-flowpack","9":"product_tag-flowwrapping","11":"first","12":"instock","13":"shipping-taxable","14":"product-type-simple"},"_links":{"self":[{"href":"https:\/\/cormac.eu\/cs\/wp-json\/wp\/v2\/product\/3927","targetHints":{"allow":["GET"]}}],"collection":[{"href":"https:\/\/cormac.eu\/cs\/wp-json\/wp\/v2\/product"}],"about":[{"href":"https:\/\/cormac.eu\/cs\/wp-json\/wp\/v2\/types\/product"}],"replies":[{"embeddable":true,"href":"https:\/\/cormac.eu\/cs\/wp-json\/wp\/v2\/comments?post=3927"}],"wp:featuredmedia":[{"embeddable":true,"href":"https:\/\/cormac.eu\/cs\/wp-json\/wp\/v2\/media\/3891"}],"wp:attachment":[{"href":"https:\/\/cormac.eu\/cs\/wp-json\/wp\/v2\/media?parent=3927"}],"wp:term":[{"taxonomy":"product_brand","embeddable":true,"href":"https:\/\/cormac.eu\/cs\/wp-json\/wp\/v2\/product_brand?post=3927"},{"taxonomy":"product_cat","embeddable":true,"href":"https:\/\/cormac.eu\/cs\/wp-json\/wp\/v2\/product_cat?post=3927"},{"taxonomy":"product_tag","embeddable":true,"href":"https:\/\/cormac.eu\/cs\/wp-json\/wp\/v2\/product_tag?post=3927"}],"curies":[{"name":"wp","href":"https:\/\/api.w.org\/{rel}","templated":true}]}}