{"id":3912,"date":"2023-05-18T21:19:48","date_gmt":"2023-05-18T19:19:48","guid":{"rendered":"https:\/\/cormac.eu\/?post_type=product&#038;p=3912"},"modified":"2023-05-19T11:04:56","modified_gmt":"2023-05-19T09:04:56","slug":"flowpack-machine-pack-300","status":"publish","type":"product","link":"https:\/\/cormac.eu\/cs\/product\/flowpack-machine-pack-300\/","title":{"rendered":"Flowpack machine &#8211; Pack 300"},"content":{"rendered":"<p>This flowpack machine belongs to the \u20183-series\u2019 which have a top and bottom film reel holder. This design platform is used for multiple configurations which, in combination with a broad range of accessories allows for the machine to be adapted to many different products to be wrapped in different production environments. The machine can be delivered in different\u00a0 versions such as for heat or cold seal, with rotary sealer\/cutter, in stainless steel and in right or left hand execution. The machine can be delivered with different customised feeding systems.<\/p>\n<p><strong>Rozsah kapacity<\/strong>:\u00a0 200- 600 pieces per minute; 40 mts\/min.<\/p>\n<p>&nbsp;<\/p>\n<table>\n<tbody>\n<tr>\n<td><strong>Funkce<\/strong><\/td>\n<td><strong>V\u00fdhody<\/strong><\/td>\n<\/tr>\n<tr>\n<td>Konzolov\u00e1 konstrukce<\/td>\n<td>\n<ul>\n<li>Dobr\u00fd p\u0159\u00edstup ke v\u0161em \u010d\u00e1stem stroje<\/li>\n<li>Snadn\u00e1 \u00fadr\u017eba<\/li>\n<\/ul>\n<\/td>\n<\/tr>\n<tr>\n<td>Modul\u00e1rn\u00ed konstrukce<\/td>\n<td>\n<ul>\n<li>P\u0159izp\u016fsobivost po\u017eadavk\u016fm z\u00e1kazn\u00edk\u016f<\/li>\n<li>vysok\u00e1 flexibilita<\/li>\n<\/ul>\n<\/td>\n<\/tr>\n<tr>\n<td>Pallet Conveyor<\/td>\n<td>\n<ul>\n<li>Easily removaleb pushers<\/li>\n<li>Easy to adjust pusher distance<\/li>\n<li>toollless<\/li>\n<\/ul>\n<\/td>\n<\/tr>\n<tr>\n<td>Pneumatick\u00fd dr\u017e\u00e1k navij\u00e1ku<\/td>\n<td>\n<ul>\n<li>Snadn\u00e1 v\u00fdm\u011bna c\u00edvky<\/li>\n<li>Axi\u00e1ln\u00ed nastaven\u00ed za chodu stroje<\/li>\n<\/ul>\n<\/td>\n<\/tr>\n<tr>\n<td>Modul\u00e1rn\u00ed pod\u00e9ln\u00e1 t\u011bsnic\u00ed jednotka<\/td>\n<td>\n<ul>\n<li>1 p\u00e1r kol pro ta\u017een\u00ed za studena<\/li>\n<li>2 p\u00e1ry vyh\u0159\u00edvan\u00fdch t\u011bsnic\u00edch kole\u010dek<\/li>\n<li>1 p\u00e1r ku\u017eelovit\u00fdch ploutv\u00ed skl\u00e1dac\u00edch kol<\/li>\n<\/ul>\n<\/td>\n<\/tr>\n<tr>\n<td>Longitudinal welding unit<\/td>\n<td>\n<ul>\n<li>Easy removal\/replacement<\/li>\n<li>Snadn\u00e9 \u010di\u0161t\u011bn\u00ed<\/li>\n<\/ul>\n<\/td>\n<\/tr>\n<tr>\n<td>V\u00fdstupn\u00ed dopravn\u00edk s v\u00fdhozem<\/td>\n<td>\n<ul>\n<li>Variabiln\u00ed nastaven\u00ed rychlosti<\/li>\n<li>detection &amp; ejection of empty\/double packs<\/li>\n<\/ul>\n<\/td>\n<\/tr>\n<tr>\n<td>\u00a010,4\" dotykov\u00fd displej<\/td>\n<td>\n<ul>\n<li>Pln\u011b elektronick\u00e9 ovl\u00e1d\u00e1n\u00ed<\/li>\n<li>Intuitivn\u00ed ovl\u00e1d\u00e1n\u00ed<\/li>\n<li>Ukl\u00e1d\u00e1n\u00ed parametr\u016f<\/li>\n<li>Zobrazen\u00e9 alarmy a varov\u00e1n\u00ed<\/li>\n<\/ul>\n<\/td>\n<\/tr>\n<\/tbody>\n<\/table>","protected":false},"excerpt":{"rendered":"<p>Stroj Flowpack pro pr\u016ftokov\u00e9 balen\u00ed ploch\u00fdch v\u00fdrobk\u016f p\u0159i st\u0159edn\u00edch a\u017e vysok\u00fdch rychlostech.<\/p>","protected":false},"featured_media":3893,"comment_status":"open","ping_status":"closed","template":"","meta":{"uix_meta_title":"","uix_meta_description":"","uix_canonical_url":""},"product_brand":[],"product_cat":[105],"product_tag":[265,266,271],"class_list":{"0":"post-3912","1":"product","2":"type-product","3":"status-publish","4":"has-post-thumbnail","6":"product_cat-packaging","7":"product_tag-flowpack","8":"product_tag-flowwrapping","9":"product_tag-packaging-lines","11":"first","12":"instock","13":"shipping-taxable","14":"product-type-simple"},"_links":{"self":[{"href":"https:\/\/cormac.eu\/cs\/wp-json\/wp\/v2\/product\/3912","targetHints":{"allow":["GET"]}}],"collection":[{"href":"https:\/\/cormac.eu\/cs\/wp-json\/wp\/v2\/product"}],"about":[{"href":"https:\/\/cormac.eu\/cs\/wp-json\/wp\/v2\/types\/product"}],"replies":[{"embeddable":true,"href":"https:\/\/cormac.eu\/cs\/wp-json\/wp\/v2\/comments?post=3912"}],"wp:featuredmedia":[{"embeddable":true,"href":"https:\/\/cormac.eu\/cs\/wp-json\/wp\/v2\/media\/3893"}],"wp:attachment":[{"href":"https:\/\/cormac.eu\/cs\/wp-json\/wp\/v2\/media?parent=3912"}],"wp:term":[{"taxonomy":"product_brand","embeddable":true,"href":"https:\/\/cormac.eu\/cs\/wp-json\/wp\/v2\/product_brand?post=3912"},{"taxonomy":"product_cat","embeddable":true,"href":"https:\/\/cormac.eu\/cs\/wp-json\/wp\/v2\/product_cat?post=3912"},{"taxonomy":"product_tag","embeddable":true,"href":"https:\/\/cormac.eu\/cs\/wp-json\/wp\/v2\/product_tag?post=3912"}],"curies":[{"name":"wp","href":"https:\/\/api.w.org\/{rel}","templated":true}]}}