{"id":3783,"date":"2023-03-05T16:29:34","date_gmt":"2023-03-05T15:29:34","guid":{"rendered":"https:\/\/cormac.eu\/?post_type=product&#038;p=3783"},"modified":"2023-03-05T16:33:43","modified_gmt":"2023-03-05T15:33:43","slug":"paletizacni-system-pro-bedny-a-svazky-2","status":"publish","type":"product","link":"https:\/\/cormac.eu\/cs\/product\/palletizing-system-for-cases-and-bundles\/","title":{"rendered":"Paletovac\u00ed syst\u00e9m pro bedny a svazky"},"content":{"rendered":"<p>Nab\u00eddka paletiz\u00e1tor\u016f zahrnuje automatick\u00e9 vysoko\u00farov\u0148ov\u00e9 a n\u00edzko\u00farov\u0148ov\u00e9 paletiz\u00e1tory pro pevn\u00e9 nebo poj\u00edzdn\u00e9 palety. Tyto syst\u00e9my jsou pln\u011b p\u0159izp\u016fsobeny po\u017eadavk\u016fm z\u00e1kazn\u00edka. Mohou b\u00fdt navr\u017eeny s velkou nebo malou plochou v z\u00e1vislosti na dostupn\u00e9m prostoru.<br \/>\nMohou b\u00fdt vybaveny jednoduch\u00fdm, dvojit\u00fdm nebo trojit\u00fdm p\u0159\u00edvodem a za\u0159\u00edzen\u00edm pro tvarov\u00e1n\u00ed vrstev s jednoduch\u00fdm nebo dvojit\u00fdm tla\u010den\u00edm, bloky nebo roboty. V\u011bt\u0161inu syst\u00e9m\u016f lze naprogramovat tak, aby se automaticky p\u0159izp\u016fsobily r\u016fzn\u00fdm velikostem v\u00fdrobk\u016f.<\/p>\n<p>&nbsp;<\/p>\n<table width=\"528\">\n<tbody>\n<tr>\n<td width=\"528\"><strong>Funkce<\/strong><\/td>\n<\/tr>\n<tr>\n<td>Syst\u00e9my pro mobiln\u00ed nebo pevn\u00e9 palety<\/td>\n<\/tr>\n<tr>\n<td>90\u00b0 syst\u00e9m p\u0159enosu vrstev<\/td>\n<\/tr>\n<tr>\n<td>Vysoko\u00farov\u0148ov\u00e9 nebo n\u00edzko\u00farov\u0148ov\u00e9 p\u0159\u00edvodn\u00ed dopravn\u00edky<\/td>\n<\/tr>\n<tr>\n<td>Automatick\u00e1 regulace velikosti v\u00fdrobku<\/td>\n<\/tr>\n<tr>\n<td>Na m\u00edru po\u017eadavk\u016fm z\u00e1kazn\u00edka<\/td>\n<\/tr>\n<\/tbody>\n<\/table>\n<p>&nbsp;<\/p>\n<p><strong>Kapacity pro r\u016fzn\u00e9 syst\u00e9my<\/strong><\/p>\n<table style=\"height: 707px\" width=\"616\">\n<tbody>\n<tr>\n<td width=\"172\"><strong>Paletovac\u00ed syst\u00e9m<\/strong><\/td>\n<td width=\"57\">\n<p style=\"text-align: center\"><strong>Paleta<\/strong><\/p>\n<\/td>\n<td colspan=\"2\" width=\"131\">\n<p style=\"text-align: center\"><strong>Rychlost v\u00fdroby<\/strong><\/p>\n<\/td>\n<\/tr>\n<tr>\n<td width=\"172\"><\/td>\n<td width=\"57\"><\/td>\n<td width=\"67\">\n<p style=\"text-align: center\"><strong>CMP<\/strong><\/p>\n<\/td>\n<td width=\"64\">\n<p style=\"text-align: center\"><strong>SPM<\/strong><\/p>\n<\/td>\n<\/tr>\n<tr>\n<td width=\"172\">Kompaktn\u00ed n\u00edzk\u00e1 \u00farove\u0148<\/td>\n<td width=\"57\">\n<p style=\"text-align: center\">\n<\/td>\n<td style=\"text-align: center\" width=\"67\">25<\/td>\n<td width=\"64\">\n<p style=\"text-align: center\">2,5<\/p>\n<\/td>\n<\/tr>\n<tr>\n<td width=\"172\">Kompaktn\u00ed robotick\u00fd ostrov<\/td>\n<td width=\"57\">\n<p style=\"text-align: center\">\n<\/td>\n<td style=\"text-align: center\" width=\"67\">25<\/td>\n<td width=\"64\">\n<p style=\"text-align: center\">2,5<\/p>\n<\/td>\n<\/tr>\n<tr>\n<td width=\"172\">Robotick\u00fd ostrov<\/td>\n<td width=\"57\">\n<p style=\"text-align: center\">\n<\/td>\n<td style=\"text-align: center\" width=\"67\">25<\/td>\n<td width=\"64\">\n<p style=\"text-align: center\">2,5<\/p>\n<\/td>\n<\/tr>\n<tr>\n<td width=\"172\">Kompaktn\u00ed na vysok\u00e9 \u00farovni<\/td>\n<td width=\"57\">\n<p style=\"text-align: center\">\n<\/td>\n<td style=\"text-align: center\" width=\"67\">40<\/td>\n<td width=\"64\">\n<p style=\"text-align: center\">4<\/p>\n<\/td>\n<\/tr>\n<tr>\n<td width=\"172\">Vysok\u00e1 \u00farove\u0148 v\u00edce zna\u010dek<\/td>\n<td width=\"57\">\n<p style=\"text-align: center\">pevn\u00fd<\/p>\n<\/td>\n<td style=\"text-align: center\" width=\"67\">40<\/td>\n<td width=\"64\">\n<p style=\"text-align: center\">4,5<\/p>\n<\/td>\n<\/tr>\n<tr>\n<td width=\"172\">Robotick\u00fd syst\u00e9m<\/td>\n<td width=\"57\">\n<p style=\"text-align: center\">\n<\/td>\n<td style=\"text-align: center\" width=\"67\">60<\/td>\n<td width=\"64\">\n<p style=\"text-align: center\">4,5<\/p>\n<\/td>\n<\/tr>\n<tr>\n<td width=\"172\">Vysoko\u00farov\u0148ov\u00fd p\u0159\u00edvod<\/td>\n<td width=\"57\">\n<p style=\"text-align: center\">pevn\u00fd<\/p>\n<\/td>\n<td style=\"text-align: center\" width=\"67\">60<\/td>\n<td style=\"text-align: center\" width=\"64\">4,5<\/td>\n<\/tr>\n<tr>\n<td width=\"172\">Vysok\u00e1 \u00farove\u0148 p\u0159\u00edvodu<\/td>\n<td width=\"57\">\n<p style=\"text-align: center\">mobiln\u00ed<\/p>\n<\/td>\n<td style=\"text-align: center\" width=\"67\">120<\/td>\n<td width=\"64\">\n<p style=\"text-align: center\">8<\/p>\n<\/td>\n<\/tr>\n<tr>\n<td width=\"172\">Vysok\u00e1 \u00farove\u0148 p\u0159\u00edvodu<\/td>\n<td width=\"57\">\n<p style=\"text-align: center\">\n<\/td>\n<td style=\"text-align: center\" width=\"67\">140<\/td>\n<td width=\"64\">\n<p style=\"text-align: center\">11<\/p>\n<\/td>\n<\/tr>\n<\/tbody>\n<\/table>","protected":false},"excerpt":{"rendered":"<p>Automatick\u00fd paletiza\u010dn\u00ed syst\u00e9m na m\u00edru pro bedny a svazky s n\u00edzkou, st\u0159edn\u00ed a vysokou kapacitou.<\/p>","protected":false},"featured_media":3785,"comment_status":"open","ping_status":"closed","template":"","meta":{"uix_meta_title":"","uix_meta_description":"","uix_canonical_url":""},"product_brand":[],"product_cat":[257],"product_tag":[],"class_list":{"0":"post-3783","1":"product","2":"type-product","3":"status-publish","4":"has-post-thumbnail","6":"product_cat-end-of-line-packaging","8":"first","9":"instock","10":"shipping-taxable","11":"product-type-simple"},"_links":{"self":[{"href":"https:\/\/cormac.eu\/cs\/wp-json\/wp\/v2\/product\/3783","targetHints":{"allow":["GET"]}}],"collection":[{"href":"https:\/\/cormac.eu\/cs\/wp-json\/wp\/v2\/product"}],"about":[{"href":"https:\/\/cormac.eu\/cs\/wp-json\/wp\/v2\/types\/product"}],"replies":[{"embeddable":true,"href":"https:\/\/cormac.eu\/cs\/wp-json\/wp\/v2\/comments?post=3783"}],"wp:featuredmedia":[{"embeddable":true,"href":"https:\/\/cormac.eu\/cs\/wp-json\/wp\/v2\/media\/3785"}],"wp:attachment":[{"href":"https:\/\/cormac.eu\/cs\/wp-json\/wp\/v2\/media?parent=3783"}],"wp:term":[{"taxonomy":"product_brand","embeddable":true,"href":"https:\/\/cormac.eu\/cs\/wp-json\/wp\/v2\/product_brand?post=3783"},{"taxonomy":"product_cat","embeddable":true,"href":"https:\/\/cormac.eu\/cs\/wp-json\/wp\/v2\/product_cat?post=3783"},{"taxonomy":"product_tag","embeddable":true,"href":"https:\/\/cormac.eu\/cs\/wp-json\/wp\/v2\/product_tag?post=3783"}],"curies":[{"name":"wp","href":"https:\/\/api.w.org\/{rel}","templated":true}]}}