{"id":3777,"date":"2023-03-03T18:11:56","date_gmt":"2023-03-03T17:11:56","guid":{"rendered":"https:\/\/cormac.eu\/?post_type=product&#038;p=3777"},"modified":"2023-03-03T18:13:34","modified_gmt":"2023-03-03T17:13:34","slug":"ctvercove-silo-na-kavu-2","status":"publish","type":"product","link":"https:\/\/cormac.eu\/cs\/product\/square-coffee-silo\/","title":{"rendered":"\u010ctvercov\u00e9 silo na k\u00e1vu"},"content":{"rendered":"<p>K\u00e1vov\u00e9 silo z uhl\u00edkov\u00e9ho ocelov\u00e9ho plechu o tlou\u0161\u0165ce 2 mm s vnit\u0159n\u00edmi v\u00fdztuhami namontovan\u00e9 na nosn\u00e9 konstrukci, zvenku lakovan\u00e9. Horn\u00ed nakl\u00e1dac\u00ed syst\u00e9m s p\u0159edn\u00edm oto\u010dn\u00fdm voli\u010dem. Vykl\u00e1dac\u00ed syst\u00e9m s v\u00e1\u017eic\u00ed n\u00e1sypkou, kter\u00fd umo\u017e\u0148uje p\u0159ipravit v\u0161echny sm\u011bsi pot\u0159ebn\u00e9 pro z\u00e1kazn\u00edka.<\/p>\n<p>&nbsp;<\/p>\n<table width=\"586\">\n<tbody>\n<tr>\n<td width=\"1\"><\/td>\n<td colspan=\"3\" width=\"586\"><strong>Funkce<\/strong><\/td>\n<\/tr>\n<tr>\n<td colspan=\"2\" width=\"292\">Nosn\u00e1 konstrukce sila<\/td>\n<td width=\"293\">Koncov\u00e9 sp\u00edna\u010de<\/td>\n<td width=\"1\"><\/td>\n<\/tr>\n<tr>\n<td colspan=\"2\" width=\"292\">Kovov\u00e9 desky a ku\u017eely o tlou\u0161\u0165ce 2 mm<\/td>\n<td width=\"293\">Servisn\u00ed schody s bezpe\u010dnostn\u00ed ochranou<\/td>\n<td width=\"1\"><\/td>\n<\/tr>\n<tr>\n<td colspan=\"2\" width=\"292\">Ovl\u00e1d\u00e1n\u00ed \u00farovn\u011b<\/td>\n<td width=\"293\">Kontroln\u00ed sklo<\/td>\n<td width=\"1\"><\/td>\n<\/tr>\n<tr>\n<td colspan=\"2\" width=\"292\">P\u0159ij\u00edmac\u00ed cykl\u00f3n<\/td>\n<td width=\"293\">4 pneumatick\u00e9 registry<\/td>\n<td width=\"1\"><\/td>\n<\/tr>\n<tr>\n<td colspan=\"2\" width=\"292\">Selektor se 4 polohami<\/td>\n<td width=\"293\"><\/td>\n<td width=\"1\"><\/td>\n<\/tr>\n<\/tbody>\n<\/table>\n<p>&nbsp;<\/p>\n<table width=\"586\">\n<tbody>\n<tr>\n<td width=\"292\"><strong>Technick\u00e9 detaily<\/strong><\/td>\n<td width=\"293\"><\/td>\n<\/tr>\n<tr>\n<td width=\"292\">Kapacity<\/td>\n<td width=\"293\">5 t pra\u017een\u00e9ho produktu \/ 10 t zelen\u00e9ho produktu<\/p>\n<p>10 t pra\u017een\u00e9ho produktu \/ 20 t zelen\u00e9ho produktu<br \/>\n20 t pra\u017een\u00e9ho produktu \/ 40 t zelen\u00e9ho produktu<\/td>\n<\/tr>\n<tr>\n<td width=\"292\">Dal\u0161\u00ed technick\u00e9 \u00fadaje<\/td>\n<td width=\"293\">Na vy\u017e\u00e1d\u00e1n\u00ed<\/td>\n<\/tr>\n<\/tbody>\n<\/table>","protected":false},"excerpt":{"rendered":"<p>Sila na skladov\u00e1n\u00ed zelen\u00fdch a pra\u017een\u00fdch produkt\u016f.<\/p>","protected":false},"featured_media":3776,"comment_status":"open","ping_status":"closed","template":"","meta":{"uix_meta_title":"","uix_meta_description":"","uix_canonical_url":""},"product_brand":[],"product_cat":[104],"product_tag":[],"class_list":{"0":"post-3777","1":"product","2":"type-product","3":"status-publish","4":"has-post-thumbnail","6":"product_cat-processing","8":"first","9":"instock","10":"shipping-taxable","11":"product-type-simple"},"_links":{"self":[{"href":"https:\/\/cormac.eu\/cs\/wp-json\/wp\/v2\/product\/3777","targetHints":{"allow":["GET"]}}],"collection":[{"href":"https:\/\/cormac.eu\/cs\/wp-json\/wp\/v2\/product"}],"about":[{"href":"https:\/\/cormac.eu\/cs\/wp-json\/wp\/v2\/types\/product"}],"replies":[{"embeddable":true,"href":"https:\/\/cormac.eu\/cs\/wp-json\/wp\/v2\/comments?post=3777"}],"wp:featuredmedia":[{"embeddable":true,"href":"https:\/\/cormac.eu\/cs\/wp-json\/wp\/v2\/media\/3776"}],"wp:attachment":[{"href":"https:\/\/cormac.eu\/cs\/wp-json\/wp\/v2\/media?parent=3777"}],"wp:term":[{"taxonomy":"product_brand","embeddable":true,"href":"https:\/\/cormac.eu\/cs\/wp-json\/wp\/v2\/product_brand?post=3777"},{"taxonomy":"product_cat","embeddable":true,"href":"https:\/\/cormac.eu\/cs\/wp-json\/wp\/v2\/product_cat?post=3777"},{"taxonomy":"product_tag","embeddable":true,"href":"https:\/\/cormac.eu\/cs\/wp-json\/wp\/v2\/product_tag?post=3777"}],"curies":[{"name":"wp","href":"https:\/\/api.w.org\/{rel}","templated":true}]}}