{"id":3775,"date":"2023-03-03T17:50:36","date_gmt":"2023-03-03T16:50:36","guid":{"rendered":"https:\/\/cormac.eu\/?post_type=product&#038;p=3775"},"modified":"2023-03-03T18:08:03","modified_gmt":"2023-03-03T17:08:03","slug":"profesionalni-prazicka-kavy-v-obchode-2","status":"publish","type":"product","link":"https:\/\/cormac.eu\/cs\/product\/shop-coffee-roaster-professional\/","title":{"rendered":"Pra\u017e\u00edc\u00ed stroj pro kav\u00e1rny (profesion\u00e1ln\u00ed)"},"content":{"rendered":"<p>Pra\u017ei\u010dky k\u00e1vy s technologi\u00ed pro vizualizaci tepeln\u00e9 k\u0159ivky produktu b\u011bhem procesu pra\u017een\u00ed. Ide\u00e1ln\u00ed k\u0159ivky pra\u017een\u00ed pro ka\u017ed\u00fd v\u00fdrobek lze navrhnout pomoc\u00ed potenciometru nebo zaveden\u00edm dat. Automatick\u00e1 a inteligentn\u00ed regulace teploty nav\u00edc umo\u017e\u0148uje ulo\u017eit ide\u00e1ln\u00ed k\u0159ivku pra\u017een\u00ed pro ur\u010dit\u00fd v\u00fdrobek, aby ji bylo mo\u017en\u00e9 snadno a p\u0159esn\u011b reprodukovat, a to i v p\u0159\u00edpad\u011b, \u017ee by se vyskytly rozd\u00edly, jako je nap\u0159\u00edklad vlo\u017een\u00ed jin\u00e9ho mno\u017estv\u00ed v\u00fdrobku, vy\u0161\u0161\u00ed nebo ni\u017e\u0161\u00ed okoln\u00ed teplota, rozd\u00edln\u00e1 vlhkost nebo teplota zelen\u00e9ho v\u00fdrobku atd. Pra\u017ei\u010dky k\u00e1vy jsou vybaveny dotykov\u00fdm displejem, modula\u010dn\u00edmi ho\u0159\u00e1ky a modulem WI-FI pro vzd\u00e1len\u00e9 sledov\u00e1n\u00ed a ovl\u00e1d\u00e1n\u00ed z mobiln\u00edho telefonu, tabletu nebo po\u010d\u00edta\u010de. Tento sign\u00e1l lze prom\u00edtat z\u00e1kazn\u00edk\u016fm na d\u00e1lku, tak\u017ee mohou v p\u0159\u00edm\u00e9m p\u0159enosu sledovat k\u0159ivku pra\u017een\u00ed sv\u00e9ho v\u00fdrobku a potvrdit tak, \u017ee jejich v\u00fdrobek je pra\u017een optim\u00e1ln\u011b.<\/p>\n<table width=\"586\">\n<tbody>\n<tr>\n<td colspan=\"2\" width=\"586\"><strong>Funkce<\/strong><\/td>\n<\/tr>\n<tr>\n<td width=\"292\">PLC a dotykov\u00fd displej Schneider<\/td>\n<td width=\"293\">Lo\u017eisko slupek<\/td>\n<\/tr>\n<tr>\n<td width=\"292\">Nakl\u00e1dac\u00ed n\u00e1sypka<\/td>\n<td width=\"293\">\u010ci\u0161t\u011bn\u00ed chladi\u010de dve\u0159\u00ed<\/td>\n<\/tr>\n<tr>\n<td width=\"292\">Inteligentn\u00ed \u0159\u00edzen\u00ed pe\u010den\u00ed<\/td>\n<td width=\"293\">\u00a0Nez\u00e1visl\u00e1 karafa<\/td>\n<\/tr>\n<tr>\n<td width=\"292\">Sac\u00ed chladi\u010d<\/td>\n<td width=\"293\">Ho\u0159\u00e1k<\/td>\n<\/tr>\n<tr>\n<td width=\"292\">Odb\u011br vzork\u016f<\/td>\n<td width=\"293\"><\/td>\n<\/tr>\n<\/tbody>\n<\/table>\n<p>&nbsp;<\/p>\n<table width=\"586\">\n<tbody>\n<tr>\n<td width=\"292\"><strong>Technick\u00e9 detaily<\/strong><\/td>\n<td width=\"293\"><\/td>\n<\/tr>\n<tr>\n<td width=\"292\">Kapacita<\/td>\n<td width=\"293\">6-8 kg\/hod<\/td>\n<\/tr>\n<tr>\n<td width=\"292\">Rozm\u011bry<\/td>\n<td width=\"293\">D 99 x \u0160 80 x V 94 cm<\/td>\n<\/tr>\n<tr>\n<td width=\"292\">Energie<\/td>\n<td width=\"293\">* Zemn\u00ed plyn: 0,2 a\u017e 0,4 m3\/h<br \/>\n* Butan: 0,1 a\u017e 0,3 kg\/h<\/td>\n<\/tr>\n<tr>\n<td width=\"292\">Maxim\u00e1ln\u00ed tepeln\u00fd v\u00fdkon<\/td>\n<td width=\"293\">\u00a05 000 Kcal \/ hod<\/td>\n<\/tr>\n<tr>\n<td width=\"292\">Nap\u011bt\u00ed<\/td>\n<td width=\"293\">\u00a0220 V 50\/60 Hz<\/td>\n<\/tr>\n<tr>\n<td width=\"292\">Power<\/td>\n<td width=\"293\">0,5 kW<\/td>\n<\/tr>\n<tr>\n<td width=\"292\">Hmotnost<\/td>\n<td width=\"293\">85 kg<\/td>\n<\/tr>\n<\/tbody>\n<\/table>","protected":false},"excerpt":{"rendered":"<p>Profesion\u00e1ln\u00ed pra\u017e\u00edrna k\u00e1vy pro obchody a mal\u00e9 provozovny<\/p>","protected":false},"featured_media":3774,"comment_status":"open","ping_status":"closed","template":"","meta":{"uix_meta_title":"","uix_meta_description":"","uix_canonical_url":""},"product_brand":[],"product_cat":[107,104],"product_tag":[],"class_list":{"0":"post-3775","1":"product","2":"type-product","3":"status-publish","4":"has-post-thumbnail","6":"product_cat-artisanal","7":"product_cat-processing","9":"first","10":"instock","11":"shipping-taxable","12":"product-type-simple"},"_links":{"self":[{"href":"https:\/\/cormac.eu\/cs\/wp-json\/wp\/v2\/product\/3775","targetHints":{"allow":["GET"]}}],"collection":[{"href":"https:\/\/cormac.eu\/cs\/wp-json\/wp\/v2\/product"}],"about":[{"href":"https:\/\/cormac.eu\/cs\/wp-json\/wp\/v2\/types\/product"}],"replies":[{"embeddable":true,"href":"https:\/\/cormac.eu\/cs\/wp-json\/wp\/v2\/comments?post=3775"}],"wp:featuredmedia":[{"embeddable":true,"href":"https:\/\/cormac.eu\/cs\/wp-json\/wp\/v2\/media\/3774"}],"wp:attachment":[{"href":"https:\/\/cormac.eu\/cs\/wp-json\/wp\/v2\/media?parent=3775"}],"wp:term":[{"taxonomy":"product_brand","embeddable":true,"href":"https:\/\/cormac.eu\/cs\/wp-json\/wp\/v2\/product_brand?post=3775"},{"taxonomy":"product_cat","embeddable":true,"href":"https:\/\/cormac.eu\/cs\/wp-json\/wp\/v2\/product_cat?post=3775"},{"taxonomy":"product_tag","embeddable":true,"href":"https:\/\/cormac.eu\/cs\/wp-json\/wp\/v2\/product_tag?post=3775"}],"curies":[{"name":"wp","href":"https:\/\/api.w.org\/{rel}","templated":true}]}}