{"id":3773,"date":"2023-03-03T17:22:34","date_gmt":"2023-03-03T16:22:34","guid":{"rendered":"https:\/\/cormac.eu\/?post_type=product&#038;p=3773"},"modified":"2023-03-03T17:25:32","modified_gmt":"2023-03-03T16:25:32","slug":"prazici-stroj-pro-kavarny-stredni","status":"publish","type":"product","link":"https:\/\/cormac.eu\/cs\/product\/coffee-shop-roasting-machine-medium\/","title":{"rendered":"Pra\u017e\u00edc\u00ed stroj pro kav\u00e1rny (st\u0159edn\u00ed)"},"content":{"rendered":"<p>Tento pra\u017eic\u00ed stroj je vhodn\u00fd pro maloobchodn\u00ed prodejny k\u00e1vy nebo \u0159emesln\u00e9 v\u00fdrobny. Lze na n\u011bm pra\u017eit nejen zelen\u00e1 k\u00e1vov\u00e1 zrna, ale i dal\u0161\u00ed produkty, jako jsou obiloviny a o\u0159echy.Stroj m\u00e1 elegantn\u00ed vzhled, kter\u00fd bude skute\u010dn\u011b hodnotn\u00fdm dopl\u0148kem maloobchodn\u00ed prodejny. Snadno se obsluhuje a nevy\u017eaduje velkou \u00fadr\u017ebu. Kvalita pra\u017een\u00ed bude vynikaj\u00edc\u00ed a \u00fa\u010dinek pra\u017een\u00ed bude konzistentn\u00ed se stabiln\u00edm bodem pra\u017een\u00ed.<\/p>\n<table width=\"586\">\n<tbody>\n<tr>\n<td colspan=\"2\" width=\"586\"><strong>Funkce<\/strong><\/td>\n<\/tr>\n<tr>\n<td width=\"292\">Chladi\u010d s ods\u00e1v\u00e1n\u00edm<\/td>\n<td width=\"293\">N\u00e1doba na vzorek<\/td>\n<\/tr>\n<tr>\n<td width=\"292\">Leskl\u00fd \u010dern\u00fd lak se zlat\u00fdmi akcenty<\/td>\n<td width=\"293\">Elegantn\u00ed vzhled<\/td>\n<\/tr>\n<tr>\n<td width=\"292\">N\u00edzk\u00e9 n\u00e1roky na \u00fadr\u017ebu<\/td>\n<td width=\"293\">Snadn\u00e1 instalace<\/td>\n<\/tr>\n<tr>\n<td width=\"292\">Nalo\u017een\u00ed z\u00e1sobn\u00edku<\/td>\n<td width=\"293\">Digit\u00e1ln\u00ed termostat<\/td>\n<\/tr>\n<tr>\n<td width=\"292\">Z\u00e1suvka na plevy<\/td>\n<td width=\"293\">N\u00e1doba na vzorek<\/td>\n<\/tr>\n<\/tbody>\n<\/table>\n<p>&nbsp;<\/p>\n<table width=\"586\">\n<tbody>\n<tr>\n<td width=\"292\"><strong>Technick\u00e9 detaily<\/strong><\/td>\n<td width=\"293\">&nbsp;<\/td>\n<\/tr>\n<tr>\n<td width=\"292\">Kapacita<\/td>\n<td width=\"293\">6-8 kg \/ hod.<\/td>\n<\/tr>\n<tr>\n<td width=\"292\">Rozm\u011bry<\/td>\n<td width=\"293\">96 x 46 x 82 cm<\/td>\n<\/tr>\n<tr>\n<td width=\"292\">Hmotnost<\/td>\n<td width=\"293\">79 kg<\/td>\n<\/tr>\n<tr>\n<td width=\"292\">Nap\u011bt\u00ed<\/td>\n<td width=\"293\">220 V 50 Hz<\/td>\n<\/tr>\n<tr>\n<td width=\"292\">nap\u00e1jen\u00ed<\/td>\n<td width=\"293\">2,84 kW ; spot\u0159eba 12,9 A<\/td>\n<\/tr>\n<\/tbody>\n<\/table>","protected":false},"excerpt":{"rendered":"<p>Pra\u017ei\u010dka pro kav\u00e1rny, vhodn\u00e1 jako vzorov\u00e1 pra\u017ei\u010dka nebo pro specializovan\u00e9 prodejny, kter\u00e9 cht\u011bj\u00ed pra\u017eit k\u00e1vu p\u0159\u00edmo p\u0159ed z\u00e1kazn\u00edkem.<\/p>\n<p>&nbsp;<\/p>","protected":false},"featured_media":3771,"comment_status":"open","ping_status":"closed","template":"","meta":{"uix_meta_title":"","uix_meta_description":"","uix_canonical_url":""},"product_brand":[],"product_cat":[107],"product_tag":[],"class_list":{"0":"post-3773","1":"product","2":"type-product","3":"status-publish","4":"has-post-thumbnail","6":"product_cat-artisanal","8":"first","9":"instock","10":"shipping-taxable","11":"product-type-simple"},"_links":{"self":[{"href":"https:\/\/cormac.eu\/cs\/wp-json\/wp\/v2\/product\/3773","targetHints":{"allow":["GET"]}}],"collection":[{"href":"https:\/\/cormac.eu\/cs\/wp-json\/wp\/v2\/product"}],"about":[{"href":"https:\/\/cormac.eu\/cs\/wp-json\/wp\/v2\/types\/product"}],"replies":[{"embeddable":true,"href":"https:\/\/cormac.eu\/cs\/wp-json\/wp\/v2\/comments?post=3773"}],"wp:featuredmedia":[{"embeddable":true,"href":"https:\/\/cormac.eu\/cs\/wp-json\/wp\/v2\/media\/3771"}],"wp:attachment":[{"href":"https:\/\/cormac.eu\/cs\/wp-json\/wp\/v2\/media?parent=3773"}],"wp:term":[{"taxonomy":"product_brand","embeddable":true,"href":"https:\/\/cormac.eu\/cs\/wp-json\/wp\/v2\/product_brand?post=3773"},{"taxonomy":"product_cat","embeddable":true,"href":"https:\/\/cormac.eu\/cs\/wp-json\/wp\/v2\/product_cat?post=3773"},{"taxonomy":"product_tag","embeddable":true,"href":"https:\/\/cormac.eu\/cs\/wp-json\/wp\/v2\/product_tag?post=3773"}],"curies":[{"name":"wp","href":"https:\/\/api.w.org\/{rel}","templated":true}]}}