{"id":3769,"date":"2023-03-03T16:49:01","date_gmt":"2023-03-03T15:49:01","guid":{"rendered":"https:\/\/cormac.eu\/?post_type=product&#038;p=3769"},"modified":"2023-03-03T16:59:06","modified_gmt":"2023-03-03T15:59:06","slug":"prumyslovy-mlynek-na-kavu-2","status":"publish","type":"product","link":"https:\/\/cormac.eu\/cs\/product\/industrial-coffee-grinder-2\/","title":{"rendered":"Pr\u016fmyslov\u00fd ml\u00fdnek na k\u00e1vu (st\u0159edn\u00ed)"},"content":{"rendered":"<p>Pr\u016fmyslov\u00fd ml\u00fdnek na k\u00e1vu, speci\u00e1ln\u011b navr\u017een\u00fd pro st\u0159edn\u00ed a\u017e velkou v\u00fdrobu. Speci\u00e1ln\u00ed konstrukce mlec\u00edch disk\u016f zaji\u0161\u0165uje dokonal\u00e9 a rovnom\u011brn\u00e9 mlet\u00ed. P\u0159\u00edstroj se snadno reguluje ot\u00e1\u010den\u00edm horn\u00ed kruhov\u00e9 \u010d\u00e1sti , \u010d\u00edm\u017e se m\u011bn\u00ed stupe\u0148 mlet\u00ed. Ve vnit\u0159n\u00edm prostoru mlec\u00ed komory se pomoc\u00ed vyhazova\u010d\u016f doc\u00edl\u00ed prom\u00edch\u00e1n\u00ed a tak\u00e9 rozdrcen\u00ed plev, kter\u00e9 by mohly b\u00fdt namlety. Mlec\u00ed komora je v\u011btr\u00e1na vzduchem, co\u017e zabra\u0148uje p\u0159eh\u0159\u00e1t\u00ed k\u00e1vy, aby bylo dosa\u017eeno optim\u00e1ln\u00ed kvality a aroma. Teplota k\u00e1vy se kontroluje pomoc\u00ed sondy. Tento p\u0159\u00edstroj snadno namele k\u00e1vu od velmi jemn\u00e9 a\u017e po hustou a m\u016f\u017ee pracovat nep\u0159etr\u017eit\u011b mnoho hodin v kuse. K\u00e1vovar je chlazen\u00fd vzduchem a m\u00e1 ventila\u010dn\u00ed syst\u00e9m, kter\u00fd zabra\u0148uje zah\u0159\u00edv\u00e1n\u00ed k\u00e1vy.<\/p>\n<p>&nbsp;<\/p>\n<table width=\"586\">\n<tbody>\n<tr>\n<td colspan=\"2\" width=\"586\"><strong>Funkce<\/strong><\/td>\n<\/tr>\n<tr>\n<td width=\"283\">Nakl\u00e1dac\u00ed z\u00e1sobn\u00edk<\/td>\n<td width=\"303\">Dve\u0159e \u010distoty<\/td>\n<\/tr>\n<tr>\n<td width=\"283\">Neodymov\u00fd magnet<\/td>\n<td width=\"303\">Motor a poh\u00e1n\u011bn\u00e9 \u0159emenice<\/td>\n<\/tr>\n<tr>\n<td width=\"283\">Ru\u010dn\u00ed registr<\/td>\n<td width=\"303\">Tepeln\u00e1 ochrana<\/td>\n<\/tr>\n<tr>\n<td width=\"283\">V\u011btrac\u00ed okruh<\/td>\n<td width=\"303\">Rozvad\u011b\u010d<\/td>\n<\/tr>\n<tr>\n<td width=\"283\">Kotou\u010de Halb Platte se speci\u00e1ln\u00ed tvrdost\u00ed<\/td>\n<td width=\"303\">Teplom\u011br<\/td>\n<\/tr>\n<tr>\n<td width=\"283\">Monoblokov\u00e9 \u0161asi<\/td>\n<td width=\"303\">Teplotn\u00ed sonda<\/td>\n<\/tr>\n<\/tbody>\n<\/table>\n<p>&nbsp;<\/p>\n<table width=\"586\">\n<tbody>\n<tr>\n<td><strong>Technick\u00e9 detaily<\/strong><\/td>\n<td><\/td>\n<\/tr>\n<tr>\n<td>Kapacita<\/td>\n<td>300 - 600 kg\/hod<\/td>\n<\/tr>\n<tr>\n<td>Power<\/td>\n<td>12 HP<\/td>\n<\/tr>\n<tr>\n<td>Nap\u011bt\u00ed<\/td>\n<td>T\u0159\u00edf\u00e1zov\u00fd 230\/400V 50Hz<\/td>\n<\/tr>\n<\/tbody>\n<\/table>","protected":false},"excerpt":{"rendered":"<p>Diskov\u00fd ml\u00fdnek na k\u00e1vu pro st\u0159edn\u00ed a velkou produkci se snadn\u00fdm nastaven\u00edm mlet\u00ed k\u00e1vy od velmi jemn\u00e9ho po hrub\u00e9.<\/p>","protected":false},"featured_media":3767,"comment_status":"open","ping_status":"closed","template":"","meta":{"uix_meta_title":"","uix_meta_description":"","uix_canonical_url":""},"product_brand":[],"product_cat":[104],"product_tag":[],"class_list":{"0":"post-3769","1":"product","2":"type-product","3":"status-publish","4":"has-post-thumbnail","6":"product_cat-processing","8":"first","9":"instock","10":"shipping-taxable","11":"product-type-simple"},"_links":{"self":[{"href":"https:\/\/cormac.eu\/cs\/wp-json\/wp\/v2\/product\/3769","targetHints":{"allow":["GET"]}}],"collection":[{"href":"https:\/\/cormac.eu\/cs\/wp-json\/wp\/v2\/product"}],"about":[{"href":"https:\/\/cormac.eu\/cs\/wp-json\/wp\/v2\/types\/product"}],"replies":[{"embeddable":true,"href":"https:\/\/cormac.eu\/cs\/wp-json\/wp\/v2\/comments?post=3769"}],"wp:featuredmedia":[{"embeddable":true,"href":"https:\/\/cormac.eu\/cs\/wp-json\/wp\/v2\/media\/3767"}],"wp:attachment":[{"href":"https:\/\/cormac.eu\/cs\/wp-json\/wp\/v2\/media?parent=3769"}],"wp:term":[{"taxonomy":"product_brand","embeddable":true,"href":"https:\/\/cormac.eu\/cs\/wp-json\/wp\/v2\/product_brand?post=3769"},{"taxonomy":"product_cat","embeddable":true,"href":"https:\/\/cormac.eu\/cs\/wp-json\/wp\/v2\/product_cat?post=3769"},{"taxonomy":"product_tag","embeddable":true,"href":"https:\/\/cormac.eu\/cs\/wp-json\/wp\/v2\/product_tag?post=3769"}],"curies":[{"name":"wp","href":"https:\/\/api.w.org\/{rel}","templated":true}]}}