{"id":3765,"date":"2023-03-03T16:29:40","date_gmt":"2023-03-03T15:29:40","guid":{"rendered":"https:\/\/cormac.eu\/?post_type=product&#038;p=3765"},"modified":"2023-03-03T16:58:38","modified_gmt":"2023-03-03T15:58:38","slug":"industrial-coffee-grinder","status":"publish","type":"product","link":"https:\/\/cormac.eu\/cs\/product\/industrial-coffee-grinder\/","title":{"rendered":"Industrial coffee grinder (small)"},"content":{"rendered":"<p>Industrial coffee grinder, specially designed for middle sized\u00a0 production. The special design of the grinding discs assures a complete and uniform ground.\u00a0 The machine is easily regulated by turning the top circular part , thus varying the degree of grinding. In the grinding chamber&#8217;s interior, the ejectors accomplish the mixture, as well as the crushing of the chaffs that could be ground. The grinding chamber is ventilated by air, preventing the coffee to overheat so that optimal quality and aroma can be achieved. The cofffee temperature is controlled by means of a probe. This machine can easily grind cofffee from very fine to thick.<\/p>\n<p>&nbsp;<\/p>\n<table width=\"586\">\n<tbody>\n<tr>\n<td colspan=\"2\" width=\"586\"><strong>Funkce<\/strong><\/td>\n<\/tr>\n<tr>\n<td width=\"283\">Nakl\u00e1dac\u00ed z\u00e1sobn\u00edk<\/td>\n<td width=\"303\">Dve\u0159e \u010distoty<\/td>\n<\/tr>\n<tr>\n<td width=\"283\">Neodymov\u00fd magnet<\/td>\n<td width=\"303\">Motor a poh\u00e1n\u011bn\u00e9 \u0159emenice<\/td>\n<\/tr>\n<tr>\n<td width=\"283\">Ru\u010dn\u00ed registr<\/td>\n<td width=\"303\">Tepeln\u00e1 ochrana<\/td>\n<\/tr>\n<tr>\n<td width=\"283\">V\u011btrac\u00ed okruh<\/td>\n<td width=\"303\">Rozvad\u011b\u010d<\/td>\n<\/tr>\n<tr>\n<td width=\"283\">Kotou\u010de Halb Platte se speci\u00e1ln\u00ed tvrdost\u00ed<\/td>\n<td width=\"303\">Teplom\u011br<\/td>\n<\/tr>\n<tr>\n<td width=\"283\">Monoblokov\u00e9 \u0161asi<\/td>\n<td width=\"303\">Teplotn\u00ed sonda<\/td>\n<\/tr>\n<\/tbody>\n<\/table>\n<p>&nbsp;<\/p>\n<table width=\"586\">\n<tbody>\n<tr>\n<td><strong>Technick\u00e9 detaily<\/strong><\/td>\n<td><\/td>\n<\/tr>\n<tr>\n<td>Kapacita<\/td>\n<td>150-300 Kg\/hr<\/td>\n<\/tr>\n<tr>\n<td>Power<\/td>\n<td>7,5 HP<\/td>\n<\/tr>\n<tr>\n<td>Nap\u011bt\u00ed<\/td>\n<td>T\u0159\u00edf\u00e1zov\u00fd 230\/400V 50Hz<\/td>\n<\/tr>\n<\/tbody>\n<\/table>","protected":false},"excerpt":{"rendered":"<p>Coffee Disc grinder\u00a0 for\u00a0 small and medium production with easy settings to grind\u00a0 coffeee from very fine to coarse. This grinder\u00a0 can work continuously for many hours in a row. The machine is air-cooled and has a ventilation system to prevent coffee from heating up.<\/p>","protected":false},"featured_media":3766,"comment_status":"open","ping_status":"closed","template":"","meta":{"uix_meta_title":"","uix_meta_description":"","uix_canonical_url":""},"product_brand":[],"product_cat":[104],"product_tag":[],"class_list":{"0":"post-3765","1":"product","2":"type-product","3":"status-publish","4":"has-post-thumbnail","6":"product_cat-processing","8":"first","9":"instock","10":"shipping-taxable","11":"product-type-simple"},"_links":{"self":[{"href":"https:\/\/cormac.eu\/cs\/wp-json\/wp\/v2\/product\/3765","targetHints":{"allow":["GET"]}}],"collection":[{"href":"https:\/\/cormac.eu\/cs\/wp-json\/wp\/v2\/product"}],"about":[{"href":"https:\/\/cormac.eu\/cs\/wp-json\/wp\/v2\/types\/product"}],"replies":[{"embeddable":true,"href":"https:\/\/cormac.eu\/cs\/wp-json\/wp\/v2\/comments?post=3765"}],"wp:featuredmedia":[{"embeddable":true,"href":"https:\/\/cormac.eu\/cs\/wp-json\/wp\/v2\/media\/3766"}],"wp:attachment":[{"href":"https:\/\/cormac.eu\/cs\/wp-json\/wp\/v2\/media?parent=3765"}],"wp:term":[{"taxonomy":"product_brand","embeddable":true,"href":"https:\/\/cormac.eu\/cs\/wp-json\/wp\/v2\/product_brand?post=3765"},{"taxonomy":"product_cat","embeddable":true,"href":"https:\/\/cormac.eu\/cs\/wp-json\/wp\/v2\/product_cat?post=3765"},{"taxonomy":"product_tag","embeddable":true,"href":"https:\/\/cormac.eu\/cs\/wp-json\/wp\/v2\/product_tag?post=3765"}],"curies":[{"name":"wp","href":"https:\/\/api.w.org\/{rel}","templated":true}]}}