{"id":3761,"date":"2023-03-03T13:39:55","date_gmt":"2023-03-03T12:39:55","guid":{"rendered":"https:\/\/cormac.eu\/?post_type=product&#038;p=3761"},"modified":"2023-03-03T16:53:10","modified_gmt":"2023-03-03T15:53:10","slug":"prazicka-smesne-kavy","status":"publish","type":"product","link":"https:\/\/cormac.eu\/cs\/product\/mixed-coffee-roaster\/","title":{"rendered":"Pra\u017e\u00edrna sm\u00ed\u0161en\u00e9 k\u00e1vy"},"content":{"rendered":"<p>Poloautomatick\u00e9 za\u0159\u00edzen\u00ed na pra\u017een\u00ed p\u0159edev\u0161\u00edm k\u00e1vy a o\u0159ech\u016f vhodn\u00e9 pro mal\u00e9 a st\u0159edn\u00ed v\u00fdrobn\u00ed provozy. Pra\u017ei\u010dka je vhodn\u00e1 pro p\u0159\u00edrodn\u00ed pra\u017een\u00ed a sm\u00ed\u0161en\u00e9 pra\u017een\u00ed k\u00e1vy s pou\u017eit\u00edm granulovan\u00fdch p\u0159\u00edsad, jako je s\u016fl, cukr apod.Tuto pra\u017ei\u010dku lze tak\u00e9 upravit pro p\u0159\u00edrodn\u00ed pra\u017een\u00ed obilovin r\u016fzn\u00fdch velikost\u00ed. PLC s inteligentn\u00edm softwarem pro automatick\u00e9 sledov\u00e1n\u00ed pra\u017eic\u00edch k\u0159ivek, grafy, umo\u017e\u0148uje ulo\u017eit a\u017e 20 pra\u017eic\u00edch receptur, \u0159\u00eddit rychlost ot\u00e1\u010den\u00ed bubnu a sac\u00edho ventil\u00e1toru pro ka\u017edou pra\u017eic\u00ed k\u0159ivku. Software byl vyvinut ve vlastn\u00ed re\u017eii a je integrov\u00e1n do pra\u017ei\u010dky, bez dal\u0161\u00edch n\u00e1klad\u016f na jeho pou\u017e\u00edv\u00e1n\u00ed. chladi\u010d je speci\u00e1ln\u00ed pro p\u0159\u00edrodn\u00ed produkty nebo s p\u0159\u00edsadami se st\u0159edov\u00fdm vnit\u0159n\u00edm ku\u017eelem, kter\u00fd \u00fast\u00ed do odtoku pro z\u00e1kazn\u00edky, aby odv\u00e1d\u011bl vodu z \u010di\u0161t\u011bn\u00ed pra\u017eic\u00edho bubnu a samotn\u00e9ho chladi\u010de. Sou\u010d\u00e1st\u00ed dekantovac\u00edho cyklonu DCI je izolovan\u00e1 n\u00e1dr\u017e na spalov\u00e1n\u00ed slupek k\u00e1vov\u00fdch zrn. Tyto pra\u017ei\u010dky obsahuj\u00ed nejnov\u011bj\u0161\u00ed technologick\u00e9 vymo\u017eenosti a jsou vybaveny vlastn\u00edm softwarem pro pra\u017eic\u00ed profil vyvinut\u00fdm ve firm\u011b. Tento software je sou\u010d\u00e1st\u00ed pra\u017ei\u010dky.<\/p>\n<p><strong>Kapacita<\/strong><\/p>\n<p>Nosnost 15 kg - 30 kg zrnkov\u00e9 k\u00e1vy<br \/>\nV\u00fdrobn\u00ed kapacita: Nastaviteln\u00e9 cykly 15-22 minut v z\u00e1vislosti na produktu a m\u00edstu p\u0159\u00edpravy k\u00e1vy.<\/p>\n<p>&nbsp;<\/p>\n<table style=\"height: 382px\" width=\"713\">\n<tbody>\n<tr>\n<td width=\"402\"><strong>Funkce<\/strong><\/td>\n<td width=\"184\"><strong>V\u00fdhody<\/strong><\/td>\n<\/tr>\n<tr>\n<td>Kontaktn\u00ed plochy bubnu a v\u00fdrobku z nerezov\u00e9 oceli<\/td>\n<td>Kysl\u00edkov\u00e1 konstrukce<\/td>\n<\/tr>\n<tr>\n<td>Pe\u010dic\u00ed za\u0159\u00edzen\u00ed zahrnuje \u010di\u0161t\u011bn\u00ed vodou, kter\u00e9 je ji\u017e p\u0159izp\u016fsobeno syst\u00e9mu.<\/td>\n<td>Snadn\u00e9 \u010di\u0161t\u011bn\u00ed<\/td>\n<\/tr>\n<tr>\n<td>Rekuperace a recyklace hork\u00e9ho vzduchu<\/td>\n<td>\u00daspora energie a\u017e 30%<\/td>\n<\/tr>\n<tr>\n<td>Modula\u010dn\u00ed teplotn\u00ed syst\u00e9m<\/td>\n<td>Lep\u0161\u00ed regulace teploty<br \/>\nEnergetick\u00e1 \u00fa\u010dinnost<\/td>\n<\/tr>\n<\/tbody>\n<\/table>\n<p>&nbsp;<\/p>\n<p>&nbsp;<\/p>\n<p>&nbsp;<\/p>","protected":false},"excerpt":{"rendered":"<p>Sm\u00ed\u0161en\u00e1 pra\u017ei\u010dka pro p\u0159\u00edrodn\u00ed a sm\u00ed\u0161en\u00e9 pra\u017een\u00ed p\u0159\u00edrodn\u00ed k\u00e1vy, pra\u017een\u00e9 k\u00e1vy (k\u00e1va s cukrem), obilovin, su\u0161en\u00e9ho ovoce, kakaa a dal\u0161\u00edch granulovan\u00fdch produkt\u016f o p\u0159ibli\u017en\u00e9 velikosti 8 mm.<\/p>","protected":false},"featured_media":3763,"comment_status":"open","ping_status":"closed","template":"","meta":{"uix_meta_title":"","uix_meta_description":"","uix_canonical_url":""},"product_brand":[],"product_cat":[104],"product_tag":[],"class_list":{"0":"post-3761","1":"product","2":"type-product","3":"status-publish","4":"has-post-thumbnail","6":"product_cat-processing","8":"first","9":"instock","10":"shipping-taxable","11":"product-type-simple"},"_links":{"self":[{"href":"https:\/\/cormac.eu\/cs\/wp-json\/wp\/v2\/product\/3761","targetHints":{"allow":["GET"]}}],"collection":[{"href":"https:\/\/cormac.eu\/cs\/wp-json\/wp\/v2\/product"}],"about":[{"href":"https:\/\/cormac.eu\/cs\/wp-json\/wp\/v2\/types\/product"}],"replies":[{"embeddable":true,"href":"https:\/\/cormac.eu\/cs\/wp-json\/wp\/v2\/comments?post=3761"}],"wp:featuredmedia":[{"embeddable":true,"href":"https:\/\/cormac.eu\/cs\/wp-json\/wp\/v2\/media\/3763"}],"wp:attachment":[{"href":"https:\/\/cormac.eu\/cs\/wp-json\/wp\/v2\/media?parent=3761"}],"wp:term":[{"taxonomy":"product_brand","embeddable":true,"href":"https:\/\/cormac.eu\/cs\/wp-json\/wp\/v2\/product_brand?post=3761"},{"taxonomy":"product_cat","embeddable":true,"href":"https:\/\/cormac.eu\/cs\/wp-json\/wp\/v2\/product_cat?post=3761"},{"taxonomy":"product_tag","embeddable":true,"href":"https:\/\/cormac.eu\/cs\/wp-json\/wp\/v2\/product_tag?post=3761"}],"curies":[{"name":"wp","href":"https:\/\/api.w.org\/{rel}","templated":true}]}}