{"id":3758,"date":"2023-03-03T11:10:45","date_gmt":"2023-03-03T10:10:45","guid":{"rendered":"https:\/\/cormac.eu\/?post_type=product&#038;p=3758"},"modified":"2023-03-03T13:35:24","modified_gmt":"2023-03-03T12:35:24","slug":"prumyslova-prazicka-kavy-2","status":"publish","type":"product","link":"https:\/\/cormac.eu\/cs\/product\/industrial-coffee-roaster\/","title":{"rendered":"Pr\u016fmyslov\u00e1 pra\u017ei\u010dka k\u00e1vy"},"content":{"rendered":"<p>Stroj na p\u0159\u00edrodn\u00ed pra\u017een\u00ed zelen\u00fdch k\u00e1vov\u00fdch zrn, o\u0159ech\u016f a obilovin s kapacitou pra\u017een\u00ed od 15 kg do 30 kg\/cyklus a s 3 a\u017e 5 pra\u017eic\u00edmi cykly za hodinu v z\u00e1vislosti na druhu k\u00e1vy a bodu pra\u017een\u00ed. Poskytuje modulovan\u00e9 \u0159\u00edzen\u00ed teploty, PLC s inteligentn\u00edm softwarem a dotykovou obrazovkou pro vytv\u00e1\u0159en\u00ed a sledov\u00e1n\u00ed pra\u017eic\u00edch profil\u016f. V\u0161echny pra\u017eic\u00ed cykly z\u00edsk\u00e1vaj\u00ed stejn\u00fd pra\u017eic\u00ed profil a pra\u017eic\u00ed recepty lze p\u0159izp\u016fsobit a ulo\u017eit podle p\u016fvodu ka\u017ed\u00e9ho produktu.<br \/>\nD\u00edky sv\u00fdm pr\u016fm\u011brn\u00fdm rozm\u011br\u016fm ji lze namontovat t\u00e9m\u011b\u0159 kamkoli a nep\u0159etr\u017eit\u011b pracovat v automatick\u00e9m nebo poloautomatick\u00e9m re\u017eimu p\u0159i zachov\u00e1n\u00ed vynikaj\u00edc\u00ed kvality.<\/p>\n<p>&nbsp;<\/p>\n<table width=\"586\">\n<tbody>\n<tr>\n<td width=\"251\"><strong>Funkce<\/strong><\/td>\n<td width=\"335\"><strong>V\u00fdhody<\/strong><\/td>\n<\/tr>\n<tr>\n<td>Nalo\u017een\u00ed z\u00e1sobn\u00edku<\/td>\n<td>Snadn\u00e1 instalace<\/td>\n<\/tr>\n<tr>\n<td>Plynov\u00e9 vyt\u00e1p\u011bn\u00ed<\/td>\n<td>Elegantn\u00ed vzhled<\/td>\n<\/tr>\n<tr>\n<td>Rekuperace a recyklace hork\u00e9ho vzduchu<\/td>\n<td>N\u00edzk\u00e9 n\u00e1klady na \u00fadr\u017ebu<\/td>\n<\/tr>\n<tr>\n<td>Izolace s vl\u00e1knem cremaics o teplot\u011b 1250 \u00b0C<\/td>\n<td>Bezpe\u010dnost, \u00faspora energie, efektivita<\/td>\n<\/tr>\n<tr>\n<td>Ohni\u0161t\u011b ze \u017e\u00e1ruvzdorn\u00e9 oceli<\/td>\n<td>\u017d\u00e1dn\u00e1 \u00fadr\u017eba<\/td>\n<\/tr>\n<tr>\n<td>Nez\u00e1visl\u00e9 ventil\u00e1tory pro pe\u010den\u00ed a chlazen\u00ed.<\/td>\n<td>Regulace teploty<\/td>\n<\/tr>\n<tr>\n<td>Cykl\u00f3nov\u00e1 spalovna plev.<\/td>\n<td><\/td>\n<\/tr>\n<tr>\n<td>Samostatn\u00e1 elektrick\u00e1 sk\u0159\u00ed\u0148.<\/td>\n<td>Zv\u00fd\u0161en\u00e1 bezpe\u010dnost a kontrola<\/td>\n<\/tr>\n<tr>\n<td>Modula\u010dn\u00ed ho\u0159\u00e1k<\/td>\n<td>\u00daspora energie<\/td>\n<\/tr>\n<tr>\n<td>PLC a dotykov\u00e1 obrazovka<\/td>\n<td>Pln\u00e1 kontrola parametr\u016f procesu<\/td>\n<\/tr>\n<\/tbody>\n<\/table>\n<p>&nbsp;<\/p>\n<table width=\"586\">\n<tbody>\n<tr>\n<td><strong>Technick\u00e9 detaily<\/strong><\/td>\n<td><\/td>\n<\/tr>\n<tr>\n<td>Rozm\u011bry<\/td>\n<td>D 2300 x \u0160 1800 x V 2170-2480 mm<\/td>\n<\/tr>\n<tr>\n<td>Hmotnost<\/td>\n<td>1500 kg<\/td>\n<\/tr>\n<tr>\n<td>Nap\u011bt\u00ed<\/td>\n<td>T\u0159\u00edf\u00e1zov\u00e9 nap\u011bt\u00ed 380V + N+E 50\/60 Hz<\/td>\n<\/tr>\n<\/tbody>\n<\/table>","protected":false},"excerpt":{"rendered":"<p>Poloautomatick\u00e9 a\u017e pln\u011b automatick\u00e9 pra\u017e\u00edc\u00ed za\u0159\u00edzen\u00ed schopn\u00e9 pra\u017eit \u0161irokou \u0161k\u00e1lu produkt\u016f p\u0159irozen\u00fdm zp\u016fsobem .<\/p>","protected":false},"featured_media":3759,"comment_status":"open","ping_status":"closed","template":"","meta":{"uix_meta_title":"","uix_meta_description":"","uix_canonical_url":""},"product_brand":[],"product_cat":[104],"product_tag":[],"class_list":{"0":"post-3758","1":"product","2":"type-product","3":"status-publish","4":"has-post-thumbnail","6":"product_cat-processing","8":"first","9":"instock","10":"shipping-taxable","11":"product-type-simple"},"_links":{"self":[{"href":"https:\/\/cormac.eu\/cs\/wp-json\/wp\/v2\/product\/3758","targetHints":{"allow":["GET"]}}],"collection":[{"href":"https:\/\/cormac.eu\/cs\/wp-json\/wp\/v2\/product"}],"about":[{"href":"https:\/\/cormac.eu\/cs\/wp-json\/wp\/v2\/types\/product"}],"replies":[{"embeddable":true,"href":"https:\/\/cormac.eu\/cs\/wp-json\/wp\/v2\/comments?post=3758"}],"wp:featuredmedia":[{"embeddable":true,"href":"https:\/\/cormac.eu\/cs\/wp-json\/wp\/v2\/media\/3759"}],"wp:attachment":[{"href":"https:\/\/cormac.eu\/cs\/wp-json\/wp\/v2\/media?parent=3758"}],"wp:term":[{"taxonomy":"product_brand","embeddable":true,"href":"https:\/\/cormac.eu\/cs\/wp-json\/wp\/v2\/product_brand?post=3758"},{"taxonomy":"product_cat","embeddable":true,"href":"https:\/\/cormac.eu\/cs\/wp-json\/wp\/v2\/product_cat?post=3758"},{"taxonomy":"product_tag","embeddable":true,"href":"https:\/\/cormac.eu\/cs\/wp-json\/wp\/v2\/product_tag?post=3758"}],"curies":[{"name":"wp","href":"https:\/\/api.w.org\/{rel}","templated":true}]}}