{"id":3756,"date":"2023-03-03T10:19:24","date_gmt":"2023-03-03T09:19:24","guid":{"rendered":"https:\/\/cormac.eu\/?post_type=product&#038;p=3756"},"modified":"2023-03-03T17:14:19","modified_gmt":"2023-03-03T16:14:19","slug":"prazicka-kavy","status":"publish","type":"product","link":"https:\/\/cormac.eu\/cs\/product\/coffee-roasting-machine\/","title":{"rendered":"Pra\u017e\u00edc\u00ed stroj pro kav\u00e1rny (mal\u00fd)"},"content":{"rendered":"<p>Tento pra\u017eic\u00ed stroj je vhodn\u00fd pro maloobchodn\u00ed prodejny k\u00e1vy nebo \u0159emesln\u00e9 v\u00fdrobny. M\u016f\u017ee pra\u017eit nejen zelen\u00e1 k\u00e1vov\u00e1 zrna, ale i dal\u0161\u00ed produkty, jako jsou obiloviny a o\u0159echy. Stroj m\u00e1 elegantn\u00ed vzhled, kter\u00fd maloobchodn\u00ed prodejn\u011b dod\u00e1 skute\u010dnou propagaci a hodnotu v\u00fdrobku. Snadno se obsluhuje a nevy\u017eaduje n\u00e1ro\u010dnou \u00fadr\u017ebu. Kvalita pra\u017een\u00ed bude vynikaj\u00edc\u00ed a \u00fa\u010dinek pra\u017een\u00ed bude konzistentn\u00ed d\u00edky stabiln\u00edmu bodu pra\u017een\u00ed.<\/p>\n<table width=\"586\">\n<tbody>\n<tr>\n<td colspan=\"2\" width=\"586\"><strong>Funkce<\/strong><\/td>\n<\/tr>\n<tr>\n<td width=\"292\">Plug and play<\/td>\n<td width=\"293\">Snadn\u00e1 instalace<\/td>\n<\/tr>\n<tr>\n<td width=\"292\">Leskl\u00fd \u010dern\u00fd lak se zlat\u00fdmi akcenty<\/td>\n<td width=\"293\">Elegantn\u00ed vzhled<\/td>\n<\/tr>\n<tr>\n<td width=\"292\">N\u00edzk\u00e9 n\u00e1roky na \u00fadr\u017ebu<\/td>\n<td width=\"293\">N\u00edzk\u00e9 n\u00e1klady na \u00fadr\u017ebu<\/td>\n<\/tr>\n<tr>\n<td width=\"292\">Nalo\u017een\u00ed z\u00e1sobn\u00edku<\/td>\n<td width=\"293\">Digit\u00e1ln\u00ed termostat<\/td>\n<\/tr>\n<tr>\n<td width=\"292\">Z\u00e1suvka na plevy<\/td>\n<td width=\"293\">N\u00e1doba na vzorek<\/td>\n<\/tr>\n<\/tbody>\n<\/table>\n<p>&nbsp;<\/p>\n<table width=\"586\">\n<tbody>\n<tr>\n<td width=\"292\"><strong>Technick\u00e9 detaily<\/strong><\/td>\n<td width=\"293\"><\/td>\n<\/tr>\n<tr>\n<td width=\"292\">Kapacita<\/td>\n<td width=\"293\">Do 2 kg\/hod<\/td>\n<\/tr>\n<tr>\n<td width=\"292\">Rozm\u011bry<\/td>\n<td width=\"293\">67 x 44 x 68 cm<\/td>\n<\/tr>\n<tr>\n<td width=\"292\">Hmotnost<\/td>\n<td width=\"293\">65 kg<\/td>\n<\/tr>\n<tr>\n<td width=\"292\">Nap\u011bt\u00ed<\/td>\n<td width=\"293\">220 V 50 Hz<\/td>\n<\/tr>\n<tr>\n<td width=\"292\">nap\u00e1jen\u00ed<\/td>\n<td width=\"293\">1,5 kW<\/td>\n<\/tr>\n<\/tbody>\n<\/table>\n<p>&nbsp;<\/p>","protected":false},"excerpt":{"rendered":"<p>Mal\u00fd pra\u017eic\u00ed stroj na k\u00e1vu pro gurm\u00e1ny a kav\u00e1rny<\/p>","protected":false},"featured_media":3748,"comment_status":"open","ping_status":"closed","template":"","meta":{"uix_meta_title":"","uix_meta_description":"","uix_canonical_url":""},"product_brand":[],"product_cat":[107],"product_tag":[],"class_list":{"0":"post-3756","1":"product","2":"type-product","3":"status-publish","4":"has-post-thumbnail","6":"product_cat-artisanal","8":"first","9":"instock","10":"shipping-taxable","11":"product-type-simple"},"_links":{"self":[{"href":"https:\/\/cormac.eu\/cs\/wp-json\/wp\/v2\/product\/3756","targetHints":{"allow":["GET"]}}],"collection":[{"href":"https:\/\/cormac.eu\/cs\/wp-json\/wp\/v2\/product"}],"about":[{"href":"https:\/\/cormac.eu\/cs\/wp-json\/wp\/v2\/types\/product"}],"replies":[{"embeddable":true,"href":"https:\/\/cormac.eu\/cs\/wp-json\/wp\/v2\/comments?post=3756"}],"wp:featuredmedia":[{"embeddable":true,"href":"https:\/\/cormac.eu\/cs\/wp-json\/wp\/v2\/media\/3748"}],"wp:attachment":[{"href":"https:\/\/cormac.eu\/cs\/wp-json\/wp\/v2\/media?parent=3756"}],"wp:term":[{"taxonomy":"product_brand","embeddable":true,"href":"https:\/\/cormac.eu\/cs\/wp-json\/wp\/v2\/product_brand?post=3756"},{"taxonomy":"product_cat","embeddable":true,"href":"https:\/\/cormac.eu\/cs\/wp-json\/wp\/v2\/product_cat?post=3756"},{"taxonomy":"product_tag","embeddable":true,"href":"https:\/\/cormac.eu\/cs\/wp-json\/wp\/v2\/product_tag?post=3756"}],"curies":[{"name":"wp","href":"https:\/\/api.w.org\/{rel}","templated":true}]}}