{"id":3704,"date":"2022-06-23T16:26:06","date_gmt":"2022-06-23T14:26:06","guid":{"rendered":"https:\/\/cormac.eu\/?post_type=product&#038;p=3704"},"modified":"2022-06-23T16:26:06","modified_gmt":"2022-06-23T14:26:06","slug":"3d-dekorater","status":"publish","type":"product","link":"https:\/\/cormac.eu\/cs\/product\/3d-decorator\/","title":{"rendered":"3D dekorat\u00e9r"},"content":{"rendered":"<p>3 D dekor\u00e1tor dok\u00e1\u017ee nan\u00e1\u0161et na podklad v\u00fdrobku dekorativn\u00ed vzor pomoc\u00ed 3os\u00e9ho pohybu nan\u00e1\u0161ec\u00edho rozd\u011blova\u010de. Za\u0159\u00edzen\u00ed lze pou\u017e\u00edt nad jak\u00fdmkoli dopravn\u00edkov\u00fdm p\u00e1sem nebo na konci chladic\u00edho tunelu nap\u0159\u00edklad linky na v\u00fdrobu \u010dokol\u00e1dy. Dekora\u010dn\u00ed hmota m\u016f\u017ee b\u00fdt p\u0159iv\u00e1d\u011bna potrub\u00edm s vodn\u00edm pl\u00e1\u0161t\u011bm na hlavn\u00edm prstenci.<\/p>\n<p><img decoding=\"async\" class=\"alignnone  wp-image-3705\" src=\"https:\/\/cormac.eu\/wp-content\/uploads\/2022\/06\/wymbs-supply-tank-station-283x300.jpg\" alt=\"\" width=\"189\" height=\"200\" srcset=\"https:\/\/cormac.eu\/wp-content\/uploads\/2022\/06\/wymbs-supply-tank-station-283x300.jpg 283w, https:\/\/cormac.eu\/wp-content\/uploads\/2022\/06\/wymbs-supply-tank-station.jpg 456w\" sizes=\"(max-width: 189px) 100vw, 189px\" \/><\/p>\n<p>Nan\u00e1\u0161en\u00ed nebo zdoben\u00ed trysek lze p\u0159izp\u016fsobit v\u00fdrobku (v\u00fdrobk\u016fm).<br \/>\nOdkl\u00e1dac\u00ed hlava byla navr\u017eena tak, aby se jej\u00ed d\u00edly daly snadno udr\u017eovat nebo vym\u011b\u0148ovat.<\/p>\n<table>\n<tbody>\n<tr>\n<td width=\"302\"><strong>Funkce<\/strong><\/td>\n<td width=\"302\"><strong>V\u00fdhody<\/strong><\/td>\n<\/tr>\n<tr>\n<td width=\"302\">Robotick\u00e9 rameno Fanuc Scara<\/td>\n<td width=\"302\">Pln\u011b programovateln\u00e9<\/td>\n<\/tr>\n<tr>\n<td width=\"302\">3 osy pohybu<\/td>\n<td width=\"302\">Flexibiln\u00ed design dekorac\u00ed<br \/>\nVhodn\u00e9 pro r\u016fzn\u00e9 v\u00fd\u0161ky v\u00fdrobk\u016f<\/td>\n<\/tr>\n<tr>\n<td width=\"302\">Standard IP65<\/td>\n<td width=\"302\">Odolnost proti prachu a vod\u011b<\/td>\n<\/tr>\n<tr>\n<td width=\"302\">Integr\u00e1ln\u00ed \u0159\u00edzen\u00ed<\/td>\n<td width=\"302\">Funkce v\u00fduky<br \/>\nMulti program<\/td>\n<\/tr>\n<tr>\n<td width=\"302\">Integrovan\u00fd dopravn\u00edk se synchroniza\u010dn\u00edm sn\u00edma\u010dem<\/td>\n<td width=\"302\">Ukl\u00e1d\u00e1n\u00ed synchronizovan\u00e9 s pohybem dopravn\u00edku<\/td>\n<\/tr>\n<tr>\n<td width=\"302\">Zatahovac\u00ed p\u00e1s<\/td>\n<td width=\"302\">Snadn\u00e9 \u010di\u0161t\u011bn\u00ed<\/td>\n<\/tr>\n<tr>\n<td width=\"302\">R\u00e1m na kole\u010dk\u00e1ch<\/td>\n<td width=\"302\">Mobilita<\/td>\n<\/tr>\n<tr>\n<td width=\"302\">&nbsp;<\/td>\n<td width=\"302\">&nbsp;<\/td>\n<\/tr>\n<\/tbody>\n<\/table>\n<p>&nbsp;<\/p>","protected":false},"excerpt":{"rendered":"<p>Pohybliv\u00e1 3D dekora\u010dn\u00ed jednotka pro \u0159et\u011bzce a dal\u0161\u00ed dekora\u010dn\u00ed vzory<\/p>","protected":false},"featured_media":3703,"comment_status":"open","ping_status":"closed","template":"","meta":{"uix_meta_title":"","uix_meta_description":"","uix_canonical_url":""},"product_brand":[],"product_cat":[104],"product_tag":[],"class_list":{"0":"post-3704","1":"product","2":"type-product","3":"status-publish","4":"has-post-thumbnail","6":"product_cat-processing","8":"first","9":"instock","10":"shipping-taxable","11":"product-type-simple"},"_links":{"self":[{"href":"https:\/\/cormac.eu\/cs\/wp-json\/wp\/v2\/product\/3704","targetHints":{"allow":["GET"]}}],"collection":[{"href":"https:\/\/cormac.eu\/cs\/wp-json\/wp\/v2\/product"}],"about":[{"href":"https:\/\/cormac.eu\/cs\/wp-json\/wp\/v2\/types\/product"}],"replies":[{"embeddable":true,"href":"https:\/\/cormac.eu\/cs\/wp-json\/wp\/v2\/comments?post=3704"}],"wp:featuredmedia":[{"embeddable":true,"href":"https:\/\/cormac.eu\/cs\/wp-json\/wp\/v2\/media\/3703"}],"wp:attachment":[{"href":"https:\/\/cormac.eu\/cs\/wp-json\/wp\/v2\/media?parent=3704"}],"wp:term":[{"taxonomy":"product_brand","embeddable":true,"href":"https:\/\/cormac.eu\/cs\/wp-json\/wp\/v2\/product_brand?post=3704"},{"taxonomy":"product_cat","embeddable":true,"href":"https:\/\/cormac.eu\/cs\/wp-json\/wp\/v2\/product_cat?post=3704"},{"taxonomy":"product_tag","embeddable":true,"href":"https:\/\/cormac.eu\/cs\/wp-json\/wp\/v2\/product_tag?post=3704"}],"curies":[{"name":"wp","href":"https:\/\/api.w.org\/{rel}","templated":true}]}}