{"id":3632,"date":"2022-06-05T14:58:31","date_gmt":"2022-06-05T12:58:31","guid":{"rendered":"https:\/\/cormac.eu\/?post_type=product&#038;p=3632"},"modified":"2022-06-05T18:11:51","modified_gmt":"2022-06-05T16:11:51","slug":"cream-processing-line","status":"publish","type":"product","link":"https:\/\/cormac.eu\/cs\/product\/cream-processing-line\/","title":{"rendered":"Linka na zpracov\u00e1n\u00ed smetany"},"content":{"rendered":"<p>Customized cream processing lines will receive product from a primary process conveyor or will be loaded manually. The processing line will generally combine multi-axis depositing stations and \u00a0injection stations with decorating and sprinkling units in order to perform multiple operation on the same product whil it tavels continuously on a dedicated transport conveyor. Products can be carried on the conveyor in either direct contact with the conveyor, mostly using low frictional flight bars or in thermoformed trays. These processing line may be laid out for different type of products. One may think of for instance a processing line for \u00e9clairs. In which first aerated fresh cream is injected followed by a topping deposit of fondant or icing. Another example of such line may be injection of fresh cream into choux buns or profiteroles followed by decoration of chocolate fondant icing. Or, one my think of the injection of jam into Berliner doughnuts, or cutting and opening long john finger doughmust with a stripe deposit of jam, custard or apple puree followe by a deposit of fresh aerated cream. These lines would also include fondant sheeting and decoration on top of a biscuit. \u00a0Product combinations are endless and these line represent a valuable and flexible investment for the customer.<\/p>\n<p><img decoding=\"async\" class=\"alignnone size-medium wp-image-3634\" src=\"https:\/\/cormac.eu\/wp-content\/uploads\/2022\/06\/wymbs-processing-line-01-300x53.jpg\" alt=\"\" width=\"300\" height=\"53\" srcset=\"https:\/\/cormac.eu\/wp-content\/uploads\/2022\/06\/wymbs-processing-line-01-300x53.jpg 300w, https:\/\/cormac.eu\/wp-content\/uploads\/2022\/06\/wymbs-processing-line-01-1024x180.jpg 1024w, https:\/\/cormac.eu\/wp-content\/uploads\/2022\/06\/wymbs-processing-line-01-768x135.jpg 768w, https:\/\/cormac.eu\/wp-content\/uploads\/2022\/06\/wymbs-processing-line-01-600x105.jpg 600w, https:\/\/cormac.eu\/wp-content\/uploads\/2022\/06\/wymbs-processing-line-01.jpg 1140w\" sizes=\"(max-width: 300px) 100vw, 300px\" \/>\u00a0 \u00a0<img decoding=\"async\" class=\"alignnone wp-image-3640\" src=\"https:\/\/cormac.eu\/wp-content\/uploads\/2022\/06\/wymbs-processing-line-6-300x245.jpg\" alt=\"\" width=\"127\" height=\"104\" srcset=\"https:\/\/cormac.eu\/wp-content\/uploads\/2022\/06\/wymbs-processing-line-6-300x245.jpg 300w, https:\/\/cormac.eu\/wp-content\/uploads\/2022\/06\/wymbs-processing-line-6.jpg 430w\" sizes=\"(max-width: 127px) 100vw, 127px\" \/> <img decoding=\"async\" class=\"alignnone size-full wp-image-3639\" src=\"https:\/\/cormac.eu\/wp-content\/uploads\/2022\/06\/wymbs-processing-line-5.jpg\" alt=\"\" width=\"150\" height=\"112\" \/> <img loading=\"lazy\" decoding=\"async\" class=\"alignnone size-full wp-image-3638\" src=\"https:\/\/cormac.eu\/wp-content\/uploads\/2022\/06\/wymbs-processing-line-4.jpg\" alt=\"\" width=\"150\" height=\"112\" \/> <img loading=\"lazy\" decoding=\"async\" class=\"alignnone size-full wp-image-3637\" src=\"https:\/\/cormac.eu\/wp-content\/uploads\/2022\/06\/wymbs-processing-line-3.jpg\" alt=\"\" width=\"150\" height=\"112\" \/> <img loading=\"lazy\" decoding=\"async\" class=\"alignnone size-full wp-image-3636\" src=\"https:\/\/cormac.eu\/wp-content\/uploads\/2022\/06\/wymbs-processing-line-2.jpg\" alt=\"\" width=\"150\" height=\"112\" \/><\/p>\n<p>&nbsp;<\/p>\n<table>\n<tbody>\n<tr>\n<td width=\"276\">\u00a0<strong>Funkce<\/strong><\/td>\n<td width=\"328\">\u00a0<strong>V\u00fdhody<\/strong><\/td>\n<\/tr>\n<tr>\n<td>Opl\u00e1\u0161t\u011bn\u00ed a nosn\u00fd syst\u00e9m z nerezov\u00e9 oceli<\/td>\n<td>\n<ul>\n<li>n\u00edzk\u00e1 hmotnost<\/li>\n<li>siln\u00e1<\/li>\n<li>easy cleaneing<\/li>\n<\/ul>\n<\/td>\n<\/tr>\n<tr>\n<td>M\u00edstn\u00ed dotykov\u00fd displej HMI se vzd\u00e1len\u00fdm elektrick\u00fdm panelem<\/td>\n<td>\n<ul>\n<li>ukl\u00e1d\u00e1n\u00ed parametr\u016f<\/li>\n<li>\u0159\u00edzen\u00ed procesu<\/li>\n<li>snadn\u00e9 ovl\u00e1d\u00e1n\u00ed<\/li>\n<\/ul>\n<\/td>\n<\/tr>\n<tr>\n<td>Mo\u017enosti<\/td>\n<td>\n<ul>\n<li>integrated depositing conveyor<\/li>\n<li>injection stations<\/li>\n<li>sheeting system<\/li>\n<li>string decorators<\/li>\n<li>and more<\/li>\n<\/ul>\n<\/td>\n<\/tr>\n<\/tbody>\n<\/table>\n<p>&nbsp;<\/p>\n<p>&nbsp;<\/p>","protected":false},"excerpt":{"rendered":"<p>V\u0161estrann\u00e1 a flexibiln\u00ed v\u00fdrobn\u00ed linka kombinuj\u00edc\u00ed v\u00edce syst\u00e9m\u016f nan\u00e1\u0161en\u00ed se vst\u0159ikovac\u00edmi, dekora\u010dn\u00edmi a post\u0159ikovac\u00edmi jednotkami.<\/p>","protected":false},"featured_media":3633,"comment_status":"open","ping_status":"closed","template":"","meta":{"uix_meta_title":"","uix_meta_description":"","uix_canonical_url":""},"product_brand":[],"product_cat":[104],"product_tag":[187,229,227,228,225,226],"class_list":{"0":"post-3632","1":"product","2":"type-product","3":"status-publish","4":"has-post-thumbnail","6":"product_cat-processing","7":"product_tag-biscuit-creams","8":"product_tag-biscuits","9":"product_tag-choux-buns","10":"product_tag-doughnuts","11":"product_tag-eclairs","12":"product_tag-profiteroles","14":"first","15":"instock","16":"shipping-taxable","17":"product-type-simple"},"_links":{"self":[{"href":"https:\/\/cormac.eu\/cs\/wp-json\/wp\/v2\/product\/3632","targetHints":{"allow":["GET"]}}],"collection":[{"href":"https:\/\/cormac.eu\/cs\/wp-json\/wp\/v2\/product"}],"about":[{"href":"https:\/\/cormac.eu\/cs\/wp-json\/wp\/v2\/types\/product"}],"replies":[{"embeddable":true,"href":"https:\/\/cormac.eu\/cs\/wp-json\/wp\/v2\/comments?post=3632"}],"wp:featuredmedia":[{"embeddable":true,"href":"https:\/\/cormac.eu\/cs\/wp-json\/wp\/v2\/media\/3633"}],"wp:attachment":[{"href":"https:\/\/cormac.eu\/cs\/wp-json\/wp\/v2\/media?parent=3632"}],"wp:term":[{"taxonomy":"product_brand","embeddable":true,"href":"https:\/\/cormac.eu\/cs\/wp-json\/wp\/v2\/product_brand?post=3632"},{"taxonomy":"product_cat","embeddable":true,"href":"https:\/\/cormac.eu\/cs\/wp-json\/wp\/v2\/product_cat?post=3632"},{"taxonomy":"product_tag","embeddable":true,"href":"https:\/\/cormac.eu\/cs\/wp-json\/wp\/v2\/product_tag?post=3632"}],"curies":[{"name":"wp","href":"https:\/\/api.w.org\/{rel}","templated":true}]}}