{"id":3630,"date":"2022-06-05T14:25:33","date_gmt":"2022-06-05T12:25:33","guid":{"rendered":"https:\/\/cormac.eu\/?post_type=product&#038;p=3630"},"modified":"2022-06-05T14:56:26","modified_gmt":"2022-06-05T12:56:26","slug":"system-ukladani-pod-pas","status":"publish","type":"product","link":"https:\/\/cormac.eu\/cs\/product\/underband-depositing-system\/","title":{"rendered":"Syst\u00e9m ukl\u00e1d\u00e1n\u00ed pod p\u00e1s"},"content":{"rendered":"<p>Univerz\u00e1ln\u00ed horn\u00ed pohonn\u00fd syst\u00e9m lze namontovat mezi pe\u010dic\u00ed a vratnou plochu, na dopravn\u00edk pe\u010dic\u00edho plechu nebo na poj\u00edzdn\u00fd ocelov\u00fd p\u00e1s pece, kter\u00fd se obvykle pou\u017e\u00edv\u00e1 pro dorty Jaffa. M\u016f\u017ee b\u00fdt tak\u00e9 postaven nov\u011b s vlastn\u00edm integrovan\u00fdm odkl\u00e1dac\u00edm dopravn\u00edkem. Podp\u00e1sov\u00fd pohonn\u00fd syst\u00e9m byl v z\u00e1sad\u011b zkonstruov\u00e1n pro na\u0161i \u0159adu objemov\u00fdch ukl\u00e1dac\u00edch rozd\u011blova\u010d\u016f, ale lze jej vybavit i r\u016fzn\u00fdmi typy rozd\u011blova\u010d\u016f pro tlakov\u00e9 ukl\u00e1d\u00e1n\u00ed b\u011b\u017en\u00fdch nebo kombinovan\u00fdch v\u00fdrobk\u016f nebo dr\u00e1t\u011bn\u00fdch \u0159ezan\u00fdch marshmallows.<\/p>\n<p>&nbsp;<\/p>\n<p><img decoding=\"async\" class=\"alignnone size-full wp-image-3631\" src=\"https:\/\/cormac.eu\/wp-content\/uploads\/2022\/06\/Afbeelding-jaffa-cake.jpg\" alt=\"\" width=\"173\" height=\"119\" \/>\u00a0 <img decoding=\"async\" class=\"alignnone wp-image-3629\" src=\"https:\/\/cormac.eu\/wp-content\/uploads\/2022\/06\/piskoty.jpg\" alt=\"\" width=\"116\" height=\"120\" \/>\u00a0 <img decoding=\"async\" class=\"alignnone wp-image-3074\" src=\"https:\/\/cormac.eu\/wp-content\/uploads\/2022\/05\/Wymbs-Universal-MDS-ladyfinger-2.jpg\" alt=\"\" width=\"182\" height=\"107\" \/>\u00a0 <img loading=\"lazy\" decoding=\"async\" class=\"alignnone wp-image-3626\" src=\"https:\/\/cormac.eu\/wp-content\/uploads\/2022\/06\/Underband-application-300x259.jpg\" alt=\"\" width=\"138\" height=\"119\" srcset=\"https:\/\/cormac.eu\/wp-content\/uploads\/2022\/06\/Underband-application-300x259.jpg 300w, https:\/\/cormac.eu\/wp-content\/uploads\/2022\/06\/Underband-application.jpg 330w\" sizes=\"(max-width: 138px) 100vw, 138px\" \/><\/p>\n<p>&nbsp;<\/p>\n<table>\n<tbody>\n<tr>\n<td width=\"276\">\u00a0<strong>Funkce<\/strong><\/td>\n<td width=\"328\">\u00a0<strong>V\u00fdhody<\/strong><\/td>\n<\/tr>\n<tr>\n<td>Opl\u00e1\u0161t\u011bn\u00ed a nosn\u00fd syst\u00e9m z nerezov\u00e9 oceli<\/td>\n<td>\n<ul>\n<li>n\u00edzk\u00e1 hmotnost<\/li>\n<li>siln\u00e1<\/li>\n<li>snadn\u00e9 \u010di\u0161t\u011bn\u00ed<\/li>\n<\/ul>\n<\/td>\n<\/tr>\n<tr>\n<td>M\u00edstn\u00ed dotykov\u00fd displej HMI se vzd\u00e1len\u00fdm elektrick\u00fdm panelem<\/td>\n<td>\n<ul>\n<li>ukl\u00e1d\u00e1n\u00ed parametr\u016f<\/li>\n<li>\u0159\u00edzen\u00ed procesu<\/li>\n<li>snadn\u00e9 ovl\u00e1d\u00e1n\u00ed<\/li>\n<\/ul>\n<\/td>\n<\/tr>\n<tr>\n<td>Mo\u017enosti<\/td>\n<td>\n<ul>\n<li>Integrovan\u00fd ukl\u00e1dac\u00ed dopravn\u00edk<\/li>\n<li>d\u00e1vkovac\u00ed a vyrovn\u00e1vac\u00ed jednotka su\u0161enek<\/li>\n<\/ul>\n<\/td>\n<\/tr>\n<\/tbody>\n<\/table>\n<p>&nbsp;<\/p>","protected":false},"excerpt":{"rendered":"<p>Syst\u00e9m pohonu pro instalaci mezi pe\u010dic\u00ed a vratnou plochu v\u00fdrobn\u00ed linky pro pe\u010den\u00e9 v\u00fdrobky.<\/p>","protected":false},"featured_media":3627,"comment_status":"open","ping_status":"closed","template":"","meta":{"uix_meta_title":"","uix_meta_description":"","uix_canonical_url":""},"product_brand":[],"product_cat":[104],"product_tag":[223,219,194,195,196,197,198,222,207,202],"class_list":{"0":"post-3630","1":"product","2":"type-product","3":"status-publish","4":"has-post-thumbnail","6":"product_cat-processing","7":"product_tag-ganache","8":"product_tag-jaffa-cakes","9":"product_tag-jams-jellies","10":"product_tag-lady-fingers","11":"product_tag-marshmallows","12":"product_tag-meringues","13":"product_tag-muffins-cupcakes","14":"product_tag-piskoty","15":"product_tag-pralines","16":"product_tag-sponge-drops","18":"first","19":"instock","20":"shipping-taxable","21":"product-type-simple"},"_links":{"self":[{"href":"https:\/\/cormac.eu\/cs\/wp-json\/wp\/v2\/product\/3630","targetHints":{"allow":["GET"]}}],"collection":[{"href":"https:\/\/cormac.eu\/cs\/wp-json\/wp\/v2\/product"}],"about":[{"href":"https:\/\/cormac.eu\/cs\/wp-json\/wp\/v2\/types\/product"}],"replies":[{"embeddable":true,"href":"https:\/\/cormac.eu\/cs\/wp-json\/wp\/v2\/comments?post=3630"}],"wp:featuredmedia":[{"embeddable":true,"href":"https:\/\/cormac.eu\/cs\/wp-json\/wp\/v2\/media\/3627"}],"wp:attachment":[{"href":"https:\/\/cormac.eu\/cs\/wp-json\/wp\/v2\/media?parent=3630"}],"wp:term":[{"taxonomy":"product_brand","embeddable":true,"href":"https:\/\/cormac.eu\/cs\/wp-json\/wp\/v2\/product_brand?post=3630"},{"taxonomy":"product_cat","embeddable":true,"href":"https:\/\/cormac.eu\/cs\/wp-json\/wp\/v2\/product_cat?post=3630"},{"taxonomy":"product_tag","embeddable":true,"href":"https:\/\/cormac.eu\/cs\/wp-json\/wp\/v2\/product_tag?post=3630"}],"curies":[{"name":"wp","href":"https:\/\/api.w.org\/{rel}","templated":true}]}}