{"id":3186,"date":"2022-05-29T22:54:30","date_gmt":"2022-05-29T20:54:30","guid":{"rendered":"https:\/\/cormac.eu\/?post_type=product&#038;p=3186"},"modified":"2022-06-01T11:34:35","modified_gmt":"2022-06-01T09:34:35","slug":"potahovaci-panev-2-2","status":"publish","type":"product","link":"https:\/\/cormac.eu\/cs\/product\/coating-pan-2\/","title":{"rendered":"Automatick\u00e1 lakovac\u00ed p\u00e1nev"},"content":{"rendered":"<p>Automatick\u00e1 potahovac\u00ed p\u00e1nev pro potahov\u00e1n\u00ed cukrov\u00fdm sirupem, roztokem bez cukru, \u010dokol\u00e1dou nebo tukovou hmotou. Samotn\u00e1 potahovac\u00ed n\u00e1doba je vodorovn\u00fd v\u00e1lec ulo\u017een\u00fd na 4 voln\u011b se pohybuj\u00edc\u00edch h\u0159\u00eddelov\u00fdch kolech.P\u00e1nev je poh\u00e1n\u011bna ozuben\u00fdm \u0159emenem po cel\u00e9m vn\u011bj\u0161\u00edm obvodu. B\u011bhem potahov\u00e1n\u00ed je hladina v\u00fdrobku uvnit\u0159 n\u00edzk\u00e1 a \u0161iroce rozprost\u0159en\u00e1, tak\u017ee v\u00fdrobek rychleji schne a b\u011bhem procesu potahov\u00e1n\u00ed podl\u00e9h\u00e1 men\u0161\u00edmu t\u0159en\u00ed a tlaku. Rovnom\u011brn\u00e9 rozlo\u017een\u00ed vzduchu pod\u00e9l potahovac\u00ed misky zaji\u0161\u0165uje rovnom\u011brn\u00e9 p\u016fsoben\u00ed vzduchu na v\u00fdrobek, a proto\u017ee je uvnit\u0159 udr\u017eov\u00e1n nagativn\u00ed tlak, neunik\u00e1 prach. Uvnit\u0159 potahovac\u00ed vany st\u0159\u00edkaj\u00ed speci\u00e1ln\u00ed trysky potahovac\u00ed roztok na v\u00fdrobky. Aroma, barva, kapol a pr\u00e1\u0161kov\u00e9 p\u0159\u00edsady mohou b\u00fdt aplikov\u00e1ny prost\u0159ednictv\u00edm dal\u0161\u00edch za\u0159\u00edzen\u00ed. B\u011bhem cel\u00e9ho cyklu nan\u00e1\u0161en\u00ed povlaku nen\u00ed pot\u0159eba \u017e\u00e1dn\u00e1 obsluha. Stroj m\u00e1 rychl\u00e9 \u010dasy cyklu, nap\u0159. cca 4 hodiny pro sko\u0159\u00e1pku suga 30%, v\u010detn\u011b le\u0161t\u011bn\u00ed. Cyklus le\u0161t\u011bn\u00ed prob\u00edh\u00e1 automaticky po ukon\u010den\u00ed cyklu nan\u00e1\u0161en\u00ed povlaku.<\/p>\n<p>Obecn\u011b se tyto lakovac\u00ed p\u00e1nve dod\u00e1vaj\u00ed na kl\u00ed\u010d a kompletn\u00ed, v\u010detn\u011b vedlej\u0161\u00edho vybaven\u00ed v z\u00e1vislosti na aplikaci, jako jsou va\u0159i\u010de sirupu, rozpou\u0161t\u011b\u010de pro roztoky bez cukru, syst\u00e9my sb\u011bru prachu a ods\u00e1v\u00e1n\u00ed vzduchu, n\u00e1dr\u017ee na sirup, n\u00e1dr\u017ee na \u010dokol\u00e1du, syst\u00e9my distribuce pr\u00e1\u0161ku, automatick\u00e9 syst\u00e9my nakl\u00e1d\u00e1n\u00ed a vykl\u00e1d\u00e1n\u00ed a syst\u00e9my CIP. D\u016fle\u017eit\u00fdm pomocn\u00fdm za\u0159\u00edzen\u00edm, kter\u00e9 je sou\u010d\u00e1st\u00ed celkov\u00e9 dod\u00e1vky, je speci\u00e1ln\u00ed jednotka pro \u00fapravu a su\u0161en\u00ed vzduchu.<\/p>\n<table>\n<tbody>\n<tr>\n<td colspan=\"6\" width=\"604\">\n<p style=\"text-align: center\"><strong>Dostupn\u00e9 kapacity \u00a0<\/strong><\/p>\n<\/td>\n<\/tr>\n<tr>\n<td width=\"123\">\n<p style=\"text-align: center\"><strong>V\u00fdroba:<\/strong><\/p>\n<\/td>\n<td style=\"text-align: center\" width=\"88\"><strong>laboratorn\u00ed m\u011b\u0159\u00edtko<\/strong><\/td>\n<td style=\"text-align: center\" width=\"101\"><strong>Mal\u00e9<\/strong><\/td>\n<td style=\"text-align: center\" width=\"104\"><strong>st\u0159edn\u00ed<\/strong><\/td>\n<td colspan=\"2\" width=\"189\">\n<p style=\"text-align: center\"><strong>Big<\/strong><\/p>\n<\/td>\n<\/tr>\n<tr>\n<td width=\"123\"><strong>Kapacita p\u00e1nve<\/strong><\/td>\n<td width=\"88\">\n<p style=\"text-align: center\">25<\/p>\n<\/td>\n<td style=\"text-align: center\" width=\"101\">600<\/td>\n<td style=\"text-align: center\" width=\"104\">1050<\/td>\n<td style=\"text-align: center\" width=\"97\">2250<\/td>\n<td width=\"92\">\n<p style=\"text-align: center\">3650<\/p>\n<\/td>\n<\/tr>\n<tr>\n<td width=\"123\"><strong>Hotov\u00fd v\u00fdrobek<\/strong><\/td>\n<td width=\"88\">\n<p style=\"text-align: center\">20<\/p>\n<\/td>\n<td style=\"text-align: center\" width=\"101\">500<\/td>\n<td style=\"text-align: center\" width=\"104\">875<\/td>\n<td style=\"text-align: center\" width=\"97\">1875<\/td>\n<td width=\"92\">\n<p style=\"text-align: center\">3000<\/p>\n<\/td>\n<\/tr>\n<\/tbody>\n<\/table>\n<p>&nbsp;<\/p>\n<p><strong>P\u0159\u00edklady pou\u017eit\u00ed:<\/strong><\/p>\n<p><img decoding=\"async\" class=\"wp-image-3185\" src=\"https:\/\/cormac.eu\/wp-content\/uploads\/2022\/05\/fecoatec-Bombo-sugar-coated-300x300.jpg\" alt=\"\" width=\"137\" height=\"137\" srcset=\"https:\/\/cormac.eu\/wp-content\/uploads\/2022\/05\/fecoatec-Bombo-sugar-coated-300x300.jpg 300w, https:\/\/cormac.eu\/wp-content\/uploads\/2022\/05\/fecoatec-Bombo-sugar-coated.jpg 1024w, https:\/\/cormac.eu\/wp-content\/uploads\/2022\/05\/fecoatec-Bombo-sugar-coated-150x150.jpg 150w, https:\/\/cormac.eu\/wp-content\/uploads\/2022\/05\/fecoatec-Bombo-sugar-coated-768x768.jpg 768w, https:\/\/cormac.eu\/wp-content\/uploads\/2022\/05\/fecoatec-Bombo-sugar-coated-600x600.jpg 600w, https:\/\/cormac.eu\/wp-content\/uploads\/2022\/05\/fecoatec-Bombo-sugar-coated-100x100.jpg 100w\" sizes=\"(max-width: 137px) 100vw, 137px\" \/>\u00a0 \u00a0 <img decoding=\"async\" class=\"wp-image-3184\" src=\"https:\/\/cormac.eu\/wp-content\/uploads\/2022\/05\/Fecoatec-Bombo-chocolate-coated-300x300.jpg\" alt=\"\" width=\"138\" height=\"138\" srcset=\"https:\/\/cormac.eu\/wp-content\/uploads\/2022\/05\/Fecoatec-Bombo-chocolate-coated-300x300.jpg 300w, https:\/\/cormac.eu\/wp-content\/uploads\/2022\/05\/Fecoatec-Bombo-chocolate-coated.jpg 1024w, https:\/\/cormac.eu\/wp-content\/uploads\/2022\/05\/Fecoatec-Bombo-chocolate-coated-150x150.jpg 150w, https:\/\/cormac.eu\/wp-content\/uploads\/2022\/05\/Fecoatec-Bombo-chocolate-coated-768x768.jpg 768w, https:\/\/cormac.eu\/wp-content\/uploads\/2022\/05\/Fecoatec-Bombo-chocolate-coated-600x600.jpg 600w, https:\/\/cormac.eu\/wp-content\/uploads\/2022\/05\/Fecoatec-Bombo-chocolate-coated-100x100.jpg 100w\" sizes=\"(max-width: 138px) 100vw, 138px\" \/> \u00a0<img decoding=\"async\" class=\"alignnone wp-image-3183\" src=\"https:\/\/cormac.eu\/wp-content\/uploads\/2022\/05\/Fecoatec-bombo-chewing-gum-300x300.jpg\" alt=\"\" width=\"136\" height=\"136\" srcset=\"https:\/\/cormac.eu\/wp-content\/uploads\/2022\/05\/Fecoatec-bombo-chewing-gum-300x300.jpg 300w, https:\/\/cormac.eu\/wp-content\/uploads\/2022\/05\/Fecoatec-bombo-chewing-gum.jpg 1024w, https:\/\/cormac.eu\/wp-content\/uploads\/2022\/05\/Fecoatec-bombo-chewing-gum-150x150.jpg 150w, https:\/\/cormac.eu\/wp-content\/uploads\/2022\/05\/Fecoatec-bombo-chewing-gum-768x768.jpg 768w, https:\/\/cormac.eu\/wp-content\/uploads\/2022\/05\/Fecoatec-bombo-chewing-gum-600x600.jpg 600w, https:\/\/cormac.eu\/wp-content\/uploads\/2022\/05\/Fecoatec-bombo-chewing-gum-100x100.jpg 100w\" sizes=\"(max-width: 136px) 100vw, 136px\" \/> \u00a0<img loading=\"lazy\" decoding=\"async\" class=\"wp-image-3182\" src=\"https:\/\/cormac.eu\/wp-content\/uploads\/2022\/05\/Fecoatec-Bombo-jelly-bean-300x300.jpg\" alt=\"\" width=\"135\" height=\"135\" srcset=\"https:\/\/cormac.eu\/wp-content\/uploads\/2022\/05\/Fecoatec-Bombo-jelly-bean-300x300.jpg 300w, https:\/\/cormac.eu\/wp-content\/uploads\/2022\/05\/Fecoatec-Bombo-jelly-bean.jpg 1024w, https:\/\/cormac.eu\/wp-content\/uploads\/2022\/05\/Fecoatec-Bombo-jelly-bean-150x150.jpg 150w, https:\/\/cormac.eu\/wp-content\/uploads\/2022\/05\/Fecoatec-Bombo-jelly-bean-768x768.jpg 768w, https:\/\/cormac.eu\/wp-content\/uploads\/2022\/05\/Fecoatec-Bombo-jelly-bean-600x600.jpg 600w, https:\/\/cormac.eu\/wp-content\/uploads\/2022\/05\/Fecoatec-Bombo-jelly-bean-100x100.jpg 100w\" sizes=\"(max-width: 135px) 100vw, 135px\" \/><\/p>\n<table width=\"586\">\n<tbody>\n<tr>\n<td width=\"234\">\n<p style=\"text-align: center\"><strong>Funkce<\/strong><\/p>\n<\/td>\n<td width=\"352\">\n<p style=\"text-align: center\"><strong>V\u00fdhody<\/strong><\/p>\n<\/td>\n<\/tr>\n<tr>\n<td>Konstrukce AISI304L nerezov\u00e1 ocel<\/td>\n<td>\n<ul>\n<li>Pevn\u00e1 kysl\u00edkov\u00e1 hmota<\/li>\n<\/ul>\n<\/td>\n<\/tr>\n<tr>\n<td>Jednoduch\u00fd design<\/td>\n<td>\n<ul>\n<li>Snadn\u00e1 \u00fadr\u017eba - krat\u0161\u00ed doba \u010di\u0161t\u011bn\u00ed - rychl\u00e1 v\u00fdm\u011bna v\u00fdrobk\u016f<\/li>\n<\/ul>\n<\/td>\n<\/tr>\n<tr>\n<td>P\u00e1nev podep\u0159en\u00e1 na 4 voln\u00fdch kole\u010dk\u00e1ch<\/td>\n<td>\n<ul>\n<li>Plynul\u00e9 a stabiln\u00ed ot\u00e1\u010den\u00ed<\/li>\n<\/ul>\n<\/td>\n<\/tr>\n<tr>\n<td>Speci\u00e1ln\u00ed konstrukce post\u0159ikovac\u00edch trysek<\/td>\n<td>\n<ul>\n<li>Rovnom\u011brn\u00e9 nan\u00e1\u0161en\u00ed n\u00e1t\u011brov\u00e9ho materi\u00e1lu<\/li>\n<\/ul>\n<\/td>\n<\/tr>\n<tr>\n<td>\n<p style=\"text-align: center\">VOLITELN\u011a:<\/p>\n<\/td>\n<td><\/td>\n<\/tr>\n<tr>\n<td>\n<ul>\n<li>Vyhrazen\u00e1 jednotka pro manipulaci se vzduchem a su\u0161en\u00ed<\/li>\n<\/ul>\n<\/td>\n<td>\u00a0 \u00a0- Pro rychl\u00e9 su\u0161en\u00ed v\u00fdrobku<br \/>\n- Rovnom\u011brn\u00e1 distribuce vzduchu<\/td>\n<\/tr>\n<tr>\n<td>\n<ul>\n<li>D\u00e1vkovac\u00ed syst\u00e9my pro aromata, barviva a le\u0161tidla<\/li>\n<\/ul>\n<\/td>\n<td><\/td>\n<\/tr>\n<tr>\n<td>\n<ul>\n<li>Automatick\u00e9 nakl\u00e1dac\u00ed\/vykl\u00e1dac\u00ed syst\u00e9my<\/li>\n<\/ul>\n<\/td>\n<td><\/td>\n<\/tr>\n<tr>\n<td>\n<ul>\n<li>Va\u0159i\u010de sirupu<\/li>\n<\/ul>\n<\/td>\n<td><\/td>\n<\/tr>\n<tr>\n<td>\n<ul>\n<li>Rozpou\u0161t\u011bc\u00ed n\u00e1dr\u017ee<\/li>\n<\/ul>\n<\/td>\n<td>\u00a0 \u00a0- Pro n\u00e1t\u011brov\u00e9 hmoty bez cukru<\/td>\n<\/tr>\n<tr>\n<td>\n<ul>\n<li>N\u00e1dr\u017ee na sirup a \u010dokol\u00e1du<\/li>\n<\/ul>\n<\/td>\n<td><\/td>\n<\/tr>\n<tr>\n<td>\n<ul>\n<li>Syst\u00e9my CIP<\/li>\n<\/ul>\n<\/td>\n<td><\/td>\n<\/tr>\n<tr>\n<td>\n<ul>\n<li>S\u00ed\u0165 Scada<\/li>\n<\/ul>\n<\/td>\n<td>\u00a0 \u00a0- \u0158\u00edzen\u00ed sledov\u00e1n\u00ed, z\u00e1znam dat, receptury<br \/>\nskladov\u00e1n\u00ed, registrace v\u00fdrobn\u00edch parametr\u016f<\/td>\n<\/tr>\n<\/tbody>\n<\/table>","protected":false},"excerpt":{"rendered":"<p>Instalace automatick\u00e9 potahovac\u00ed p\u00e1nve, kompletn\u00ed a na kl\u00ed\u010d, pro potahov\u00e1n\u00ed cukrem, \u010dokol\u00e1dou, tukovou hmotou a roztoky bez cukru.<\/p>","protected":false},"featured_media":3181,"comment_status":"open","ping_status":"closed","template":"","meta":{"uix_meta_title":"","uix_meta_description":"","uix_canonical_url":""},"product_brand":[],"product_cat":[135,104],"product_tag":[179,204,178,177],"class_list":{"0":"post-3186","1":"product","2":"type-product","3":"status-publish","4":"has-post-thumbnail","6":"product_cat-laboratory","7":"product_cat-processing","8":"product_tag-chewing-gums","9":"product_tag-chocolate-balls","10":"product_tag-jelly-beans","11":"product_tag-lentils","13":"first","14":"instock","15":"shipping-taxable","16":"product-type-simple"},"_links":{"self":[{"href":"https:\/\/cormac.eu\/cs\/wp-json\/wp\/v2\/product\/3186","targetHints":{"allow":["GET"]}}],"collection":[{"href":"https:\/\/cormac.eu\/cs\/wp-json\/wp\/v2\/product"}],"about":[{"href":"https:\/\/cormac.eu\/cs\/wp-json\/wp\/v2\/types\/product"}],"replies":[{"embeddable":true,"href":"https:\/\/cormac.eu\/cs\/wp-json\/wp\/v2\/comments?post=3186"}],"wp:featuredmedia":[{"embeddable":true,"href":"https:\/\/cormac.eu\/cs\/wp-json\/wp\/v2\/media\/3181"}],"wp:attachment":[{"href":"https:\/\/cormac.eu\/cs\/wp-json\/wp\/v2\/media?parent=3186"}],"wp:term":[{"taxonomy":"product_brand","embeddable":true,"href":"https:\/\/cormac.eu\/cs\/wp-json\/wp\/v2\/product_brand?post=3186"},{"taxonomy":"product_cat","embeddable":true,"href":"https:\/\/cormac.eu\/cs\/wp-json\/wp\/v2\/product_cat?post=3186"},{"taxonomy":"product_tag","embeddable":true,"href":"https:\/\/cormac.eu\/cs\/wp-json\/wp\/v2\/product_tag?post=3186"}],"curies":[{"name":"wp","href":"https:\/\/api.w.org\/{rel}","templated":true}]}}