{"id":3178,"date":"2022-05-29T15:22:36","date_gmt":"2022-05-29T13:22:36","guid":{"rendered":"https:\/\/cormac.eu\/?post_type=product&#038;p=3178"},"modified":"2022-06-05T19:09:17","modified_gmt":"2022-06-05T17:09:17","slug":"chladici-tunel-2","status":"publish","type":"product","link":"https:\/\/cormac.eu\/cs\/product\/cooling-tunnel\/","title":{"rendered":"Chladic\u00ed tunel"},"content":{"rendered":"<p>Chladic\u00ed tunel se 2 nebo 4 r\u016fzn\u00fdmi chladic\u00edmi z\u00f3nami s nez\u00e1visl\u00fdm \u0159\u00edzen\u00edm chladic\u00ed vody a chladic\u00edho vzduchu. Speci\u00e1ln\u00ed konstrukce tunelu p\u0159en\u00e1\u0161\u00ed teplotu na v\u00fdrobek pomoc\u00ed konvekce a kondukce a zaji\u0161\u0165uje maxim\u00e1ln\u00ed chlazen\u00ed p\u0159i n\u00edzk\u00e9 spot\u0159eb\u011b energie.<\/p>\n<p>Chlazen\u00ed se prov\u00e1d\u00ed pomoc\u00ed vzduchu s \u0159\u00edzenou teplotou a konstantn\u00ed rychlost\u00ed\/proud\u011bn\u00edm. Ka\u017ed\u00e1 chladic\u00ed z\u00f3na m\u00e1 chladic\u00ed skupinu slo\u017eenou z v\u00fdm\u011bn\u00edku tepla, kter\u00fd p\u0159en\u00e1\u0161\u00ed teplotu z chladic\u00ed vody na chladic\u00ed vzduch, odst\u0159ediv\u00e9ho ventil\u00e1toru s vysokou \u00fa\u010dinnost\u00ed, kter\u00fd vytv\u00e1\u0159\u00ed po\u017eadovan\u00fd pr\u016ftok vzduchu, a vzduchov\u00e9ho filtru s \u00fa\u010dinnost\u00ed G4. Teplota vzduchu je \u0159\u00edzena teplotn\u00ed sondou, kter\u00e1 \u0159\u00edd\u00ed t\u0159\u00edcestn\u00e9 modula\u010dn\u00ed ventily v syst\u00e9mu chladic\u00ed vody. Spodn\u00ed chlazen\u00ed je zaji\u0161t\u011bno recirkulac\u00ed studen\u00e9 vody p\u0159es studen\u00e9 desky namontovan\u00e9 na povrchu p\u00e1sov\u00e9ho dopravn\u00edho syst\u00e9mu. Pro regulaci vlhkosti uvnit\u0159 tunelu lze dodat su\u0161i\u010dku vzduchu, kter\u00e1 do tunelu vh\u00e1n\u00ed such\u00fd vzduch.<\/p>\n<p>Kryty typu Sandwhich jsou vyrobeny z nerezov\u00e9 oceli a opat\u0159eny polyuretanovou izolac\u00ed s vysokou hustotou. Kryty lze snadno zvedat na obou stran\u00e1ch chladic\u00edho tunelu pomoc\u00ed plynov\u00fdch lahv\u00ed. Dopravn\u00ed p\u00e1s je z potravin\u00e1\u0159sk\u00e9ho polyuretanu a je antistatick\u00fd. Posuvn\u00fd ur povrch p\u00e1su je vyroben z nerezov\u00e9 oceli. Chladic\u00ed tunel je vybaven automatick\u00fdmi sledovac\u00edmi za\u0159\u00edzen\u00edmi um\u00edst\u011bn\u00fdmi na vstupu a v\u00fdstupu chladic\u00edho tunelu, s laserov\u00fdmi senzory a pneumatick\u00fdmi v\u00e1lci. To umo\u017e\u0148uje odpov\u00eddaj\u00edc\u00ed kontrolu napnut\u00ed p\u00e1su a zabra\u0148uje jeho prokluzov\u00e1n\u00ed.<\/p>\n<p>D\u00e9lka chladic\u00edho tunelu se vypo\u010d\u00edt\u00e1v\u00e1 a upravuje podle procesu z\u00e1kazn\u00edka.<\/p>\n<p><strong>P\u0159\u00edklady pou\u017eit\u00ed<\/strong><\/p>\n<p><img decoding=\"async\" class=\"alignnone wp-image-3176\" src=\"https:\/\/cormac.eu\/wp-content\/uploads\/2022\/05\/candy-3665529_1920-1024x732-1-300x214.jpg\" alt=\"\" width=\"177\" height=\"127\" srcset=\"https:\/\/cormac.eu\/wp-content\/uploads\/2022\/05\/candy-3665529_1920-1024x732-1-300x214.jpg 300w, https:\/\/cormac.eu\/wp-content\/uploads\/2022\/05\/candy-3665529_1920-1024x732-1-768x549.jpg 768w, https:\/\/cormac.eu\/wp-content\/uploads\/2022\/05\/candy-3665529_1920-1024x732-1-600x429.jpg 600w, https:\/\/cormac.eu\/wp-content\/uploads\/2022\/05\/candy-3665529_1920-1024x732-1.jpg 1024w\" sizes=\"(max-width: 177px) 100vw, 177px\" \/>\u00a0 \u00a0<img decoding=\"async\" class=\"wp-image-3175\" src=\"https:\/\/cormac.eu\/wp-content\/uploads\/2022\/05\/granola-bar-with-nuts-fruit-and-berries-on-white-D7QCZ5B-V2-300x300.jpg\" alt=\"\" width=\"143\" height=\"143\" srcset=\"https:\/\/cormac.eu\/wp-content\/uploads\/2022\/05\/granola-bar-with-nuts-fruit-and-berries-on-white-D7QCZ5B-V2-300x300.jpg 300w, https:\/\/cormac.eu\/wp-content\/uploads\/2022\/05\/granola-bar-with-nuts-fruit-and-berries-on-white-D7QCZ5B-V2.jpg 1024w, https:\/\/cormac.eu\/wp-content\/uploads\/2022\/05\/granola-bar-with-nuts-fruit-and-berries-on-white-D7QCZ5B-V2-150x150.jpg 150w, https:\/\/cormac.eu\/wp-content\/uploads\/2022\/05\/granola-bar-with-nuts-fruit-and-berries-on-white-D7QCZ5B-V2-768x768.jpg 768w, https:\/\/cormac.eu\/wp-content\/uploads\/2022\/05\/granola-bar-with-nuts-fruit-and-berries-on-white-D7QCZ5B-V2-600x600.jpg 600w, https:\/\/cormac.eu\/wp-content\/uploads\/2022\/05\/granola-bar-with-nuts-fruit-and-berries-on-white-D7QCZ5B-V2-100x100.jpg 100w\" sizes=\"(max-width: 143px) 100vw, 143px\" \/> <img decoding=\"async\" class=\"alignnone wp-image-3168\" src=\"https:\/\/cormac.eu\/wp-content\/uploads\/2022\/05\/chocolate-rice-cakes-PZY8PSN-V2-300x300.jpg\" alt=\"\" width=\"156\" height=\"156\" srcset=\"https:\/\/cormac.eu\/wp-content\/uploads\/2022\/05\/chocolate-rice-cakes-PZY8PSN-V2-300x300.jpg 300w, https:\/\/cormac.eu\/wp-content\/uploads\/2022\/05\/chocolate-rice-cakes-PZY8PSN-V2.jpg 1024w, https:\/\/cormac.eu\/wp-content\/uploads\/2022\/05\/chocolate-rice-cakes-PZY8PSN-V2-150x150.jpg 150w, https:\/\/cormac.eu\/wp-content\/uploads\/2022\/05\/chocolate-rice-cakes-PZY8PSN-V2-768x768.jpg 768w, https:\/\/cormac.eu\/wp-content\/uploads\/2022\/05\/chocolate-rice-cakes-PZY8PSN-V2-600x600.jpg 600w, https:\/\/cormac.eu\/wp-content\/uploads\/2022\/05\/chocolate-rice-cakes-PZY8PSN-V2-100x100.jpg 100w\" sizes=\"(max-width: 156px) 100vw, 156px\" \/><img loading=\"lazy\" decoding=\"async\" class=\"alignnone wp-image-2956\" src=\"https:\/\/cormac.eu\/wp-content\/uploads\/2022\/05\/Wymbs-Picture-1-pressurized-DMF-300x168.jpg\" alt=\"\" width=\"192\" height=\"108\" srcset=\"https:\/\/cormac.eu\/wp-content\/uploads\/2022\/05\/Wymbs-Picture-1-pressurized-DMF-300x168.jpg 300w, https:\/\/cormac.eu\/wp-content\/uploads\/2022\/05\/Wymbs-Picture-1-pressurized-DMF.jpg 337w\" sizes=\"(max-width: 192px) 100vw, 192px\" \/><\/p>\n<table>\n<tbody>\n<tr>\n<td width=\"264\"><strong>F<\/strong><strong>eatures<\/strong><\/td>\n<td width=\"340\"><strong>V\u00fdhody<\/strong><\/td>\n<\/tr>\n<tr>\n<td width=\"264\">2-4 chladic\u00ed z\u00f3ny<\/td>\n<td width=\"340\">\n<ul>\n<li>Nez\u00e1visl\u00e1 z\u00f3nov\u00e1 regulace teploty<\/li>\n<\/ul>\n<\/td>\n<\/tr>\n<tr>\n<td width=\"264\">Polyuretanov\u00fd dopravn\u00ed p\u00e1s<\/td>\n<td width=\"340\">\n<ul>\n<li>Potravin\u00e1\u0159sk\u00e1 t\u0159\u00edda<\/li>\n<li>Antistatick\u00e9<\/li>\n<\/ul>\n<\/td>\n<\/tr>\n<tr>\n<td width=\"264\">Pohon motoru SEW s frekven\u010dn\u00edm m\u011bni\u010dem<\/td>\n<td width=\"340\">\n<ul>\n<li>Nastaven\u00ed rychlosti p\u00e1su<\/li>\n<\/ul>\n<\/td>\n<\/tr>\n<tr>\n<td width=\"264\">Automatick\u00e9 sledov\u00e1n\u00ed a nap\u00edn\u00e1n\u00ed \u0159emene<\/td>\n<td width=\"340\">\n<ul>\n<li>St\u00e1l\u00e9 nap\u011bt\u00ed dopravn\u00edho p\u00e1su<\/li>\n<li>Prevence prokluzu<\/li>\n<\/ul>\n<\/td>\n<\/tr>\n<tr>\n<td width=\"264\">Konstrukce z nerezov\u00e9 oceli AISI304<\/td>\n<td width=\"340\">\n<ul>\n<li>Hygienick\u00e9<\/li>\n<li>Snadn\u00e9 \u010di\u0161t\u011bn\u00ed<\/li>\n<\/ul>\n<\/td>\n<\/tr>\n<tr>\n<td width=\"264\">R\u016fzn\u00e9 \u0161\u00ed\u0159ky<\/td>\n<td width=\"340\">\n<ul>\n<li>Od 350 do 1500 mm<\/li>\n<\/ul>\n<\/td>\n<\/tr>\n<tr>\n<td width=\"264\"><strong>Voliteln\u011b<\/strong><\/td>\n<td width=\"340\"><\/td>\n<\/tr>\n<tr>\n<td width=\"264\">\n<ul>\n<li>Vst\u0159ikov\u00e1n\u00ed such\u00e9ho vzduchu<\/li>\n<\/ul>\n<\/td>\n<td width=\"340\">Extern\u00ed su\u0161i\u010dka vzduchu, kter\u00e1 vh\u00e1n\u00ed such\u00fd vzduch do chladic\u00edho tunelu.<\/td>\n<\/tr>\n<tr>\n<td width=\"264\">\n<ul>\n<li>Spodn\u00ed chladic\u00ed studen\u00e9 desky<\/li>\n<\/ul>\n<\/td>\n<td width=\"340\">Aby bylo mo\u017en\u00e9 chlazen\u00ed zespodu, instaluje se pod \u0159emen chlazen\u00fd vodou nebo glykolem.<\/td>\n<\/tr>\n<tr>\n<td width=\"264\">\n<ul>\n<li>Vodn\u00ed chladi\u010d<\/li>\n<\/ul>\n<\/td>\n<td width=\"340\">Pokud nen\u00ed k dispozici tov\u00e1rn\u00ed p\u0159\u00edvod studen\u00e9 vody, lze nainstalovat extern\u00ed chladic\u00ed za\u0159\u00edzen\u00ed, kter\u00e9 pracuje s vodou nebo glykolem.<\/td>\n<\/tr>\n<tr>\n<td width=\"264\">\n<ul>\n<li>Elektrick\u00fd oh\u0159\u00edva\u010d vzduchu<\/li>\n<\/ul>\n<\/td>\n<td width=\"340\">Instaluje se v m\u00edst\u011b zp\u011btn\u00e9ho veden\u00ed p\u00e1s\u016f, aby se sn\u00ed\u017eila vlhkost chlazen\u00e9ho vzduchu jeho op\u011btovn\u00fdm oh\u0159evem.<\/td>\n<\/tr>\n<tr>\n<td width=\"264\">\n<ul>\n<li>Automatick\u00fd p\u00e1sov\u00fd myc\u00ed voz\u00edk<\/li>\n<\/ul>\n<\/td>\n<td width=\"340\">Instaluje se v m\u00edst\u011b n\u00e1vratu \u0159emene, aby se \u0159emen vysu\u0161il. Jeho r\u00e1m je na kole\u010dk\u00e1ch, tak\u017ee jej lze snadno vyjmout. S vysou\u0161ec\u00edmi \u0161krabkami, z\u00e1sobn\u00edkem na horkou vodu, motorizovan\u00fdmi kart\u00e1\u010di a pneumatick\u00fdmi v\u00e1lci, kter\u00e9 voz\u00edk zvedaj\u00ed do myc\u00ed polohy a spou\u0161t\u011bj\u00ed jej pro odstran\u011bn\u00ed.<\/td>\n<\/tr>\n<\/tbody>\n<\/table>\n<p>&nbsp;<\/p>\n<p>&nbsp;<\/p>","protected":false},"excerpt":{"rendered":"<p>Chladic\u00ed tunel pro chlazen\u00ed v\u00fdrobk\u016f obalen\u00fdch \u010dokol\u00e1dou, sm\u011bs\u00ed nebo tukovou hmotou<\/p>","protected":false},"featured_media":3179,"comment_status":"open","ping_status":"closed","template":"","meta":{"uix_meta_title":"","uix_meta_description":"","uix_canonical_url":""},"product_brand":[],"product_cat":[104],"product_tag":[205,206,208,207],"class_list":{"0":"post-3178","1":"product","2":"type-product","3":"status-publish","4":"has-post-thumbnail","6":"product_cat-processing","7":"product_tag-candy-bars","8":"product_tag-chocolate-tablets","9":"product_tag-chocolates","10":"product_tag-pralines","12":"first","13":"instock","14":"shipping-taxable","15":"product-type-simple"},"_links":{"self":[{"href":"https:\/\/cormac.eu\/cs\/wp-json\/wp\/v2\/product\/3178","targetHints":{"allow":["GET"]}}],"collection":[{"href":"https:\/\/cormac.eu\/cs\/wp-json\/wp\/v2\/product"}],"about":[{"href":"https:\/\/cormac.eu\/cs\/wp-json\/wp\/v2\/types\/product"}],"replies":[{"embeddable":true,"href":"https:\/\/cormac.eu\/cs\/wp-json\/wp\/v2\/comments?post=3178"}],"wp:featuredmedia":[{"embeddable":true,"href":"https:\/\/cormac.eu\/cs\/wp-json\/wp\/v2\/media\/3179"}],"wp:attachment":[{"href":"https:\/\/cormac.eu\/cs\/wp-json\/wp\/v2\/media?parent=3178"}],"wp:term":[{"taxonomy":"product_brand","embeddable":true,"href":"https:\/\/cormac.eu\/cs\/wp-json\/wp\/v2\/product_brand?post=3178"},{"taxonomy":"product_cat","embeddable":true,"href":"https:\/\/cormac.eu\/cs\/wp-json\/wp\/v2\/product_cat?post=3178"},{"taxonomy":"product_tag","embeddable":true,"href":"https:\/\/cormac.eu\/cs\/wp-json\/wp\/v2\/product_tag?post=3178"}],"curies":[{"name":"wp","href":"https:\/\/api.w.org\/{rel}","templated":true}]}}