{"id":3173,"date":"2022-05-29T14:14:17","date_gmt":"2022-05-29T12:14:17","guid":{"rendered":"https:\/\/cormac.eu\/?post_type=product&#038;p=3173"},"modified":"2022-06-01T11:39:16","modified_gmt":"2022-06-01T09:39:16","slug":"stroj-na-ockovani","status":"publish","type":"product","link":"https:\/\/cormac.eu\/cs\/product\/enrobing-machine\/","title":{"rendered":"Enrobovac\u00ed stroj"},"content":{"rendered":"<p>Enrobingov\u00fd stroj, kter\u00fd je k dispozici v pracovn\u00edch \u0161\u00ed\u0159k\u00e1ch od 350 do 1500 mm a s rychlost\u00ed ok od 1,5 do 12 metr\u016f za hodinu. Tento stroj je vybaven dvojitou \u010doko clonou a je navr\u017een pro pr\u00e1ci 24 hodin denn\u011b, 7 dn\u00ed v t\u00fddnu. Rychl\u00e9 vyjmut\u00ed z\u00e1sobn\u00edku na \u010dokol\u00e1du a sady ok v\u010detn\u011b v\u0161ech jeho h\u0159\u00eddel\u00ed a d\u00edl\u016f. Sada ok je podep\u0159ena vod\u00edtky a n\u00e1sypka slou\u017e\u00ed k podep\u0159en\u00ed sady ok. Z\u00e1sobn\u00edk na \u010dokol\u00e1du nem\u00e1 \u017e\u00e1dn\u00e9 elektrick\u00e9 prvky, kter\u00e9 by se mohly p\u0159i \u010di\u0161t\u011bn\u00ed po\u0161kodit. V zadn\u00ed \u010d\u00e1sti stroje, na opa\u010dn\u00e9 stran\u011b ne\u017e na stran\u011b obsluhy, je p\u0159\u00edstupn\u00fd servisn\u00ed prostor, do kter\u00e9ho se jednodu\u0161e vstupuje oto\u010den\u00edm elektrick\u00e9 sk\u0159\u00edn\u011b. D\u00edky integrovan\u00e9mu cirkula\u010dn\u00edmu okruhu vody jsou v\u0161echny \u010d\u00e1sti, kter\u00e9 p\u0159ich\u00e1zej\u00ed do styku s v\u00fdrobkem, udr\u017eov\u00e1ny na po\u017eadovan\u00e9 teplot\u011b.<\/p>\n<p><strong>Aplikace<\/strong><\/p>\n<p>Obalov\u00e1n\u00ed v\u00fdrobk\u016f pravou \u010dokol\u00e1dou, sm\u011bs\u00ed nebo tukovou hmotou<\/p>\n<p><img decoding=\"async\" class=\"wp-image-3171\" src=\"https:\/\/cormac.eu\/wp-content\/uploads\/2022\/05\/waffles-with-chocolate-topping-GUSW6FC-V2-300x300.jpg\" alt=\"\" width=\"125\" height=\"125\" srcset=\"https:\/\/cormac.eu\/wp-content\/uploads\/2022\/05\/waffles-with-chocolate-topping-GUSW6FC-V2-300x300.jpg 300w, https:\/\/cormac.eu\/wp-content\/uploads\/2022\/05\/waffles-with-chocolate-topping-GUSW6FC-V2.jpg 1024w, https:\/\/cormac.eu\/wp-content\/uploads\/2022\/05\/waffles-with-chocolate-topping-GUSW6FC-V2-150x150.jpg 150w, https:\/\/cormac.eu\/wp-content\/uploads\/2022\/05\/waffles-with-chocolate-topping-GUSW6FC-V2-768x768.jpg 768w, https:\/\/cormac.eu\/wp-content\/uploads\/2022\/05\/waffles-with-chocolate-topping-GUSW6FC-V2-600x600.jpg 600w, https:\/\/cormac.eu\/wp-content\/uploads\/2022\/05\/waffles-with-chocolate-topping-GUSW6FC-V2-100x100.jpg 100w\" sizes=\"(max-width: 125px) 100vw, 125px\" \/>\u00a0 \u00a0<img decoding=\"async\" class=\"wp-image-3170\" src=\"https:\/\/cormac.eu\/wp-content\/uploads\/2022\/05\/glazed-donuts-PB5CCQD-V2-300x300.jpg\" alt=\"\" width=\"133\" height=\"133\" srcset=\"https:\/\/cormac.eu\/wp-content\/uploads\/2022\/05\/glazed-donuts-PB5CCQD-V2-300x300.jpg 300w, https:\/\/cormac.eu\/wp-content\/uploads\/2022\/05\/glazed-donuts-PB5CCQD-V2.jpg 1024w, https:\/\/cormac.eu\/wp-content\/uploads\/2022\/05\/glazed-donuts-PB5CCQD-V2-150x150.jpg 150w, https:\/\/cormac.eu\/wp-content\/uploads\/2022\/05\/glazed-donuts-PB5CCQD-V2-768x768.jpg 768w, https:\/\/cormac.eu\/wp-content\/uploads\/2022\/05\/glazed-donuts-PB5CCQD-V2-600x600.jpg 600w, https:\/\/cormac.eu\/wp-content\/uploads\/2022\/05\/glazed-donuts-PB5CCQD-V2-100x100.jpg 100w\" sizes=\"(max-width: 133px) 100vw, 133px\" \/> \u00a0\u00a0<img decoding=\"async\" class=\"alignnone wp-image-3168\" src=\"https:\/\/cormac.eu\/wp-content\/uploads\/2022\/05\/chocolate-rice-cakes-PZY8PSN-V2-300x300.jpg\" alt=\"\" width=\"152\" height=\"152\" srcset=\"https:\/\/cormac.eu\/wp-content\/uploads\/2022\/05\/chocolate-rice-cakes-PZY8PSN-V2-300x300.jpg 300w, https:\/\/cormac.eu\/wp-content\/uploads\/2022\/05\/chocolate-rice-cakes-PZY8PSN-V2.jpg 1024w, https:\/\/cormac.eu\/wp-content\/uploads\/2022\/05\/chocolate-rice-cakes-PZY8PSN-V2-150x150.jpg 150w, https:\/\/cormac.eu\/wp-content\/uploads\/2022\/05\/chocolate-rice-cakes-PZY8PSN-V2-768x768.jpg 768w, https:\/\/cormac.eu\/wp-content\/uploads\/2022\/05\/chocolate-rice-cakes-PZY8PSN-V2-600x600.jpg 600w, https:\/\/cormac.eu\/wp-content\/uploads\/2022\/05\/chocolate-rice-cakes-PZY8PSN-V2-100x100.jpg 100w\" sizes=\"(max-width: 152px) 100vw, 152px\" \/><img loading=\"lazy\" decoding=\"async\" class=\"wp-image-3166\" src=\"https:\/\/cormac.eu\/wp-content\/uploads\/2022\/05\/chocolate-dessert-PURBMSE-V3-300x300.jpg\" alt=\"\" width=\"149\" height=\"149\" srcset=\"https:\/\/cormac.eu\/wp-content\/uploads\/2022\/05\/chocolate-dessert-PURBMSE-V3-300x300.jpg 300w, https:\/\/cormac.eu\/wp-content\/uploads\/2022\/05\/chocolate-dessert-PURBMSE-V3.jpg 1024w, https:\/\/cormac.eu\/wp-content\/uploads\/2022\/05\/chocolate-dessert-PURBMSE-V3-150x150.jpg 150w, https:\/\/cormac.eu\/wp-content\/uploads\/2022\/05\/chocolate-dessert-PURBMSE-V3-768x768.jpg 768w, https:\/\/cormac.eu\/wp-content\/uploads\/2022\/05\/chocolate-dessert-PURBMSE-V3-600x600.jpg 600w, https:\/\/cormac.eu\/wp-content\/uploads\/2022\/05\/chocolate-dessert-PURBMSE-V3-100x100.jpg 100w\" sizes=\"(max-width: 149px) 100vw, 149px\" \/><\/p>\n<table width=\"586\">\n<tbody>\n<tr>\n<td width=\"245\"><strong>Funkce<\/strong><\/td>\n<td width=\"340\"><strong>V\u00fdhody<\/strong><\/td>\n<\/tr>\n<tr>\n<td>Dvojit\u00e1 \u010dokol\u00e1dov\u00e1 z\u00e1clona<\/td>\n<td>\n<ul>\n<li>Rovnom\u011brn\u00fd n\u00e1t\u011br<\/li>\n<\/ul>\n<\/td>\n<\/tr>\n<tr>\n<td>Rovnom\u011brn\u00e1 distribuce vzduchu alog side enrober<\/td>\n<td>\n<ul>\n<li>\u0158\u00edzen\u00ed teploty<\/li>\n<\/ul>\n<\/td>\n<\/tr>\n<tr>\n<td>Kontaktn\u00ed \u010d\u00e1sti v\u00fdrobku s dvojit\u00fdm pl\u00e1\u0161t\u011bm<\/td>\n<td>\n<ul>\n<li>Udr\u017eov\u00e1n\u00ed teploty \u010dokol\u00e1dy pro rovnom\u011brn\u00e9 potahov\u00e1n\u00ed<\/li>\n<\/ul>\n<\/td>\n<\/tr>\n<tr>\n<td>PID regul\u00e1tory teploty<\/td>\n<td>\n<ul>\n<li>Vlastnosti temperovan\u00e9 \u010dokol\u00e1dy<\/li>\n<\/ul>\n<\/td>\n<\/tr>\n<tr>\n<td>Konstrukce z nerezov\u00e9 oceli<\/td>\n<td>\n<ul>\n<li>Hygienicky snadn\u00e9 \u010di\u0161t\u011bn\u00ed<\/li>\n<\/ul>\n<\/td>\n<\/tr>\n<tr>\n<td>Vyj\u00edmateln\u00fd z\u00e1sobn\u00edk na produkty<\/td>\n<td>\n<ul>\n<li>Rychl\u00e1 v\u00fdm\u011bna typu \u010dokol\u00e1dy m\u00e9n\u011b prostoj\u016f<\/li>\n<\/ul>\n<\/td>\n<\/tr>\n<tr>\n<td>Kompletn\u00ed odn\u00edmateln\u00e1 sada s\u00ed\u0165oviny<\/td>\n<td>\n<ul>\n<li>Rychl\u00e1 zm\u011bna produktu<\/li>\n<li>snadn\u00e9 \u010di\u0161t\u011bn\u00ed<\/li>\n<li>M\u00e9n\u011b prostoj\u016f<\/li>\n<\/ul>\n<\/td>\n<\/tr>\n<tr>\n<td>Trubky pro rychl\u00e9 p\u0159ipojen\u00ed v\u00fdrobk\u016f<\/td>\n<td>\n<ul>\n<li>Snadn\u00e9 \u010di\u0161t\u011bn\u00ed a \u00fadr\u017eba<\/li>\n<\/ul>\n<\/td>\n<\/tr>\n<tr>\n<td>Konstrukce bez st\u0159echy<\/td>\n<td>\n<ul>\n<li>Snadn\u00fd p\u0159\u00edstup<\/li>\n<\/ul>\n<\/td>\n<\/tr>\n<tr>\n<td>\u0158\u00edzen\u00e9 PLC<\/td>\n<td>\n<ul>\n<li>P\u0159esn\u00e1 kontrola parametr\u016f-receptura<\/li>\n<li>Skladov\u00e1n\u00ed - nastaven\u00ed \u00farovn\u011b \u010dokol\u00e1dy<\/li>\n<\/ul>\n<\/td>\n<\/tr>\n<tr>\n<td>Vibra\u010dn\u00ed z\u00e1sobn\u00edk, pneumatick\u00fd<\/td>\n<td>\n<ul>\n<li>Rovnom\u011brn\u00fd efekt povlaku<\/li>\n<li>Frekven\u010dn\u011b \u0159\u00edzen\u00e9<\/li>\n<\/ul>\n<\/td>\n<\/tr>\n<tr>\n<td>Mo\u017enosti<\/td>\n<td>\n<ul>\n<li>Filtra\u010dn\u00ed syst\u00e9my<\/li>\n<li>M\u00edchac\u00ed a tavic\u00ed n\u00e1dr\u017ee<\/li>\n<li>Dekora\u010dn\u00ed syst\u00e9my<\/li>\n<li>Zavla\u017eovac\u00ed syst\u00e9my<\/li>\n<li>Tempera\u010dn\u00ed stroje<\/li>\n<li>P\u0159\u00edvodn\u00ed st\u016fl<\/li>\n<li>Alternativn\u00ed materi\u00e1l p\u00e1su<\/li>\n<\/ul>\n<\/td>\n<\/tr>\n<\/tbody>\n<\/table>\n<div class=\"mceTemp\"><\/div>\n<div class=\"mceTemp\"><\/div>","protected":false},"excerpt":{"rendered":"<p>Stroj na potahov\u00e1n\u00ed v\u00fdrobk\u016f \u010dokol\u00e1dou, sm\u011bs\u00ed nebo tukovou hmotou<\/p>","protected":false},"featured_media":3167,"comment_status":"open","ping_status":"closed","template":"","meta":{"uix_meta_title":"","uix_meta_description":"","uix_canonical_url":""},"product_brand":[],"product_cat":[104],"product_tag":[205,211,210,209],"class_list":{"0":"post-3173","1":"product","2":"type-product","3":"status-publish","4":"has-post-thumbnail","6":"product_cat-processing","7":"product_tag-candy-bars","8":"product_tag-chocolate-coated-products","9":"product_tag-cookies","10":"product_tag-wafers","12":"first","13":"instock","14":"shipping-taxable","15":"product-type-simple"},"_links":{"self":[{"href":"https:\/\/cormac.eu\/cs\/wp-json\/wp\/v2\/product\/3173","targetHints":{"allow":["GET"]}}],"collection":[{"href":"https:\/\/cormac.eu\/cs\/wp-json\/wp\/v2\/product"}],"about":[{"href":"https:\/\/cormac.eu\/cs\/wp-json\/wp\/v2\/types\/product"}],"replies":[{"embeddable":true,"href":"https:\/\/cormac.eu\/cs\/wp-json\/wp\/v2\/comments?post=3173"}],"wp:featuredmedia":[{"embeddable":true,"href":"https:\/\/cormac.eu\/cs\/wp-json\/wp\/v2\/media\/3167"}],"wp:attachment":[{"href":"https:\/\/cormac.eu\/cs\/wp-json\/wp\/v2\/media?parent=3173"}],"wp:term":[{"taxonomy":"product_brand","embeddable":true,"href":"https:\/\/cormac.eu\/cs\/wp-json\/wp\/v2\/product_brand?post=3173"},{"taxonomy":"product_cat","embeddable":true,"href":"https:\/\/cormac.eu\/cs\/wp-json\/wp\/v2\/product_cat?post=3173"},{"taxonomy":"product_tag","embeddable":true,"href":"https:\/\/cormac.eu\/cs\/wp-json\/wp\/v2\/product_tag?post=3173"}],"curies":[{"name":"wp","href":"https:\/\/api.w.org\/{rel}","templated":true}]}}