{"id":3160,"date":"2022-05-26T20:38:05","date_gmt":"2022-05-26T18:38:05","guid":{"rendered":"https:\/\/cormac.eu\/?post_type=product&#038;p=3160"},"modified":"2022-06-01T11:42:22","modified_gmt":"2022-06-01T09:42:22","slug":"chytry-temperometr","status":"publish","type":"product","link":"https:\/\/cormac.eu\/cs\/product\/smart-tempermeter\/","title":{"rendered":"Chytr\u00fd temperometr"},"content":{"rendered":"<p>Tento \u0161pi\u010dkov\u00fd TEMPERMETER m\u011b\u0159\u00ed krystalizaci \u010dokol\u00e1dy a automaticky vypo\u010d\u00edt\u00e1v\u00e1 \u010dty\u0159i charakteristiky bodu inflexe: sklon, teplotu, \u010das a RSI (index od 1 do 10). Je srovnateln\u00fd s v\u011bt\u0161inou ostatn\u00edch p\u0159\u00edstroj\u016f na trhu, pokud jde o teplotn\u00ed sondu PT100, typ kel\u00edmk\u016f, studen\u00fd blok a v\u00fdpo\u010det indexu. Jeho tabulka cold bloc zaru\u010duje a vysokou opakovatelnost a k\u0159ivka indexu je p\u0159\u00edmo viditeln\u00e1 na obrazovce. Sledovatelnost, kontrola v\u00fdroby, neust\u00e1l\u00e9 zlep\u0161ov\u00e1n\u00ed a kontrola kvality jsou d\u016fle\u017eit\u00fdmi v\u00fdhodami tohoto temperometru.<\/p>\n<p><img decoding=\"async\" class=\"alignnone wp-image-3158\" src=\"https:\/\/cormac.eu\/wp-content\/uploads\/2022\/05\/tempered-chocolate-300x298.jpg\" alt=\"\" width=\"149\" height=\"148\" srcset=\"https:\/\/cormac.eu\/wp-content\/uploads\/2022\/05\/tempered-chocolate-300x300.jpg 300w, https:\/\/cormac.eu\/wp-content\/uploads\/2022\/05\/tempered-chocolate-150x150.jpg 150w, https:\/\/cormac.eu\/wp-content\/uploads\/2022\/05\/tempered-chocolate-100x100.jpg 100w, https:\/\/cormac.eu\/wp-content\/uploads\/2022\/05\/tempered-chocolate.jpg 498w\" sizes=\"(max-width: 149px) 100vw, 149px\" \/>\u00a0 <img decoding=\"async\" class=\"alignnone wp-image-3156\" src=\"https:\/\/cormac.eu\/wp-content\/uploads\/2022\/05\/cups-300x206.jpg\" alt=\"\" width=\"213\" height=\"146\" srcset=\"https:\/\/cormac.eu\/wp-content\/uploads\/2022\/05\/cups-300x206.jpg 300w, https:\/\/cormac.eu\/wp-content\/uploads\/2022\/05\/cups.jpg 392w\" sizes=\"(max-width: 213px) 100vw, 213px\" \/><\/p>\n<p>&nbsp;<\/p>\n<table>\n<tbody>\n<tr>\n<td width=\"295\">\u00a0<strong>Funkce<\/strong><\/td>\n<td width=\"266\">\u00a0<strong>V\u00fdhody<\/strong><\/td>\n<\/tr>\n<tr>\n<td><\/td>\n<td><\/td>\n<\/tr>\n<tr>\n<td>Tabulka studen\u00e9ho bloku<\/td>\n<td>\n<ul>\n<li>P\u0159esn\u00e9 m\u011b\u0159en\u00ed<\/li>\n<li>Vysok\u00e1 opakovatelnost<\/li>\n<\/ul>\n<\/td>\n<\/tr>\n<tr>\n<td>P\u0159edeh\u0159\u00e1t\u00e1 teplotn\u00ed sonda<\/td>\n<td>\n<ul>\n<li>M\u011b\u0159en\u00ed podle teploty \u010dokol\u00e1dy<\/li>\n<\/ul>\n<\/td>\n<\/tr>\n<tr>\n<td>Barevn\u00fd displej LCD s vestav\u011bnou tisk\u00e1rnou<\/td>\n<td>\n<ul>\n<li>Okam\u017eit\u011b viditeln\u00e1 k\u0159ivka<\/li>\n<li>Okam\u017eit\u00fd tisk k\u0159ivky<\/li>\n<li>Specifikace na tipu<\/li>\n<\/ul>\n<\/td>\n<\/tr>\n<tr>\n<td>Pou\u017eit\u00ed hlin\u00edkov\u00fdch kel\u00edmk\u016f<\/td>\n<td>\n<ul>\n<li>Zlep\u0161en\u00fd tepeln\u00fd v\u00fdkon<\/li>\n<\/ul>\n<\/td>\n<\/tr>\n<tr>\n<td>Kompaktn\u00ed<\/td>\n<td>\n<ul>\n<li>Pouze 5,5 kg<\/li>\n<li>Jedno p\u0159ipojen\u00ed<\/li>\n<li>Snadno p\u0159enosn\u00e9<\/li>\n<\/ul>\n<\/td>\n<\/tr>\n<\/tbody>\n<\/table>","protected":false},"excerpt":{"rendered":"<p>Kompaktn\u00ed a \u00fa\u010dinn\u00fd temperometr pro m\u011b\u0159en\u00ed krystalizace \u010dokol\u00e1dy .<\/p>","protected":false},"featured_media":3157,"comment_status":"open","ping_status":"closed","template":"","meta":{"uix_meta_title":"","uix_meta_description":"","uix_canonical_url":""},"product_brand":[],"product_cat":[107,135,104],"product_tag":[208,212],"class_list":{"0":"post-3160","1":"product","2":"type-product","3":"status-publish","4":"has-post-thumbnail","6":"product_cat-artisanal","7":"product_cat-laboratory","8":"product_cat-processing","9":"product_tag-chocolates","10":"product_tag-tempermeter","12":"first","13":"instock","14":"shipping-taxable","15":"product-type-simple"},"_links":{"self":[{"href":"https:\/\/cormac.eu\/cs\/wp-json\/wp\/v2\/product\/3160","targetHints":{"allow":["GET"]}}],"collection":[{"href":"https:\/\/cormac.eu\/cs\/wp-json\/wp\/v2\/product"}],"about":[{"href":"https:\/\/cormac.eu\/cs\/wp-json\/wp\/v2\/types\/product"}],"replies":[{"embeddable":true,"href":"https:\/\/cormac.eu\/cs\/wp-json\/wp\/v2\/comments?post=3160"}],"wp:featuredmedia":[{"embeddable":true,"href":"https:\/\/cormac.eu\/cs\/wp-json\/wp\/v2\/media\/3157"}],"wp:attachment":[{"href":"https:\/\/cormac.eu\/cs\/wp-json\/wp\/v2\/media?parent=3160"}],"wp:term":[{"taxonomy":"product_brand","embeddable":true,"href":"https:\/\/cormac.eu\/cs\/wp-json\/wp\/v2\/product_brand?post=3160"},{"taxonomy":"product_cat","embeddable":true,"href":"https:\/\/cormac.eu\/cs\/wp-json\/wp\/v2\/product_cat?post=3160"},{"taxonomy":"product_tag","embeddable":true,"href":"https:\/\/cormac.eu\/cs\/wp-json\/wp\/v2\/product_tag?post=3160"}],"curies":[{"name":"wp","href":"https:\/\/api.w.org\/{rel}","templated":true}]}}