{"id":3069,"date":"2022-05-20T21:55:46","date_gmt":"2022-05-20T19:55:46","guid":{"rendered":"https:\/\/cormac.eu\/?post_type=product&#038;p=3069"},"modified":"2022-06-01T11:48:33","modified_gmt":"2022-06-01T09:48:33","slug":"sheeting-and-extrusion-manifold","status":"publish","type":"product","link":"https:\/\/cormac.eu\/cs\/product\/sheeting-and-extrusion-manifold\/","title":{"rendered":"Rozd\u011blova\u010d plech\u016f a vytla\u010dov\u00e1n\u00ed"},"content":{"rendered":"<p>A sheeting and extruding manifold is meant to be directly connected to a continuous stream of mass. This mass could come from a continuous aeration system or from a metering system such for example a pump unit. \u00a0The manifold delivers a continuous full width sheet on a belt or a determined number of fixed width strings (multilane). It will be designed in such a way that the width of the receiving belt is optimally used. \u00a0Sheeting and extrusion manifold can be retrofitted onto existing production lines.<\/p>\n<p>P\u0159\u00edklady pou\u017eit\u00ed<\/p>\n<p><img decoding=\"async\" class=\"alignnone wp-image-3063\" src=\"https:\/\/cormac.eu\/wp-content\/uploads\/2022\/05\/product-2-287x300.jpg\" alt=\"\" width=\"171\" height=\"179\" srcset=\"https:\/\/cormac.eu\/wp-content\/uploads\/2022\/05\/product-2-287x300.jpg 287w, https:\/\/cormac.eu\/wp-content\/uploads\/2022\/05\/product-2.jpg 311w\" sizes=\"(max-width: 171px) 100vw, 171px\" \/>\u00a0 \u00a0 \u00a0\u00a0<img decoding=\"async\" class=\"alignnone wp-image-3062\" src=\"https:\/\/cormac.eu\/wp-content\/uploads\/2022\/05\/product-1.jpg\" alt=\"\" width=\"169\" height=\"165\" \/><img decoding=\"async\" class=\"alignnone wp-image-3066\" src=\"https:\/\/cormac.eu\/wp-content\/uploads\/2022\/05\/product-5-300x213.jpg\" alt=\"\" width=\"181\" height=\"129\" srcset=\"https:\/\/cormac.eu\/wp-content\/uploads\/2022\/05\/product-5-300x213.jpg 300w, https:\/\/cormac.eu\/wp-content\/uploads\/2022\/05\/product-5.jpg 305w\" sizes=\"(max-width: 181px) 100vw, 181px\" \/> <img loading=\"lazy\" decoding=\"async\" class=\"alignnone wp-image-3065\" src=\"https:\/\/cormac.eu\/wp-content\/uploads\/2022\/05\/Product-4.jpg\" alt=\"\" width=\"157\" height=\"128\" \/><\/p>\n<p>&nbsp;<\/p>\n<table>\n<tbody>\n<tr>\n<td width=\"295\">\u00a0<strong>Funkce<\/strong><\/td>\n<td width=\"197\">\u00a0<strong>V\u00fdhody<\/strong><\/td>\n<\/tr>\n<tr>\n<td><\/td>\n<td><\/td>\n<\/tr>\n<tr>\n<td>Aluminium or stainles steel construction<\/td>\n<td>N\u00edzk\u00e1 hmotnost<br \/>\nHygienick\u00e9<\/td>\n<\/tr>\n<tr>\n<td>Manual or Servo controlled sheet thickness<\/td>\n<td>To customer requirement<\/td>\n<\/tr>\n<tr>\n<td>Internal water circuit (jacketed)<\/td>\n<td>Perfect temperature control<br \/>\nfor temp. sensitive product<\/td>\n<\/tr>\n<tr>\n<td>Stainless steel rotary valves<\/td>\n<td>Hygienick\u00e9<br \/>\nsnadn\u00e9 \u010di\u0161t\u011bn\u00ed<\/td>\n<\/tr>\n<tr>\n<td>Mo\u017enosti<\/td>\n<td>Cleaning attachment for CIP<br \/>\nPlain or multi peak nozzles<br \/>\nTitatnium main body<\/td>\n<\/tr>\n<\/tbody>\n<\/table>","protected":false},"excerpt":{"rendered":"<p>Rozd\u011blova\u010d plech\u016f a vytla\u010dov\u00e1n\u00ed pro p\u0159\u00edm\u00e9 napojen\u00ed na kontinu\u00e1ln\u00ed proud hmoty, vhodn\u00fd pro dodate\u010dnou mont\u00e1\u017e.<\/p>","protected":false},"featured_media":3070,"comment_status":"open","ping_status":"closed","template":"","meta":{"uix_meta_title":"","uix_meta_description":"","uix_canonical_url":""},"product_brand":[],"product_cat":[104],"product_tag":[203,187,190,191,196,201],"class_list":{"0":"post-3069","1":"product","2":"type-product","3":"status-publish","4":"has-post-thumbnail","6":"product_cat-processing","7":"product_tag-batter","8":"product_tag-biscuit-creams","9":"product_tag-dairy-creams","10":"product_tag-fondants-icings","11":"product_tag-marshmallows","12":"product_tag-wafer-creams","14":"first","15":"instock","16":"shipping-taxable","17":"product-type-simple"},"_links":{"self":[{"href":"https:\/\/cormac.eu\/cs\/wp-json\/wp\/v2\/product\/3069","targetHints":{"allow":["GET"]}}],"collection":[{"href":"https:\/\/cormac.eu\/cs\/wp-json\/wp\/v2\/product"}],"about":[{"href":"https:\/\/cormac.eu\/cs\/wp-json\/wp\/v2\/types\/product"}],"replies":[{"embeddable":true,"href":"https:\/\/cormac.eu\/cs\/wp-json\/wp\/v2\/comments?post=3069"}],"wp:featuredmedia":[{"embeddable":true,"href":"https:\/\/cormac.eu\/cs\/wp-json\/wp\/v2\/media\/3070"}],"wp:attachment":[{"href":"https:\/\/cormac.eu\/cs\/wp-json\/wp\/v2\/media?parent=3069"}],"wp:term":[{"taxonomy":"product_brand","embeddable":true,"href":"https:\/\/cormac.eu\/cs\/wp-json\/wp\/v2\/product_brand?post=3069"},{"taxonomy":"product_cat","embeddable":true,"href":"https:\/\/cormac.eu\/cs\/wp-json\/wp\/v2\/product_cat?post=3069"},{"taxonomy":"product_tag","embeddable":true,"href":"https:\/\/cormac.eu\/cs\/wp-json\/wp\/v2\/product_tag?post=3069"}],"curies":[{"name":"wp","href":"https:\/\/api.w.org\/{rel}","templated":true}]}}