{"id":2971,"date":"2022-05-19T23:29:08","date_gmt":"2022-05-19T21:29:08","guid":{"rendered":"https:\/\/cormac.eu\/?post_type=product&#038;p=2971"},"modified":"2022-06-01T11:56:02","modified_gmt":"2022-06-01T09:56:02","slug":"rozdelovac-s-dratenym-rezem-2","status":"publish","type":"product","link":"https:\/\/cormac.eu\/cs\/product\/wire-cut-manifold\/","title":{"rendered":"Rozd\u011blova\u010d s dr\u00e1t\u011bn\u00fdm \u0159ezem"},"content":{"rendered":"<p>Tlakov\u00e9 usazovac\u00ed rozd\u011blova\u010de jsou ur\u010deny k p\u0159\u00edm\u00e9mu p\u0159ipojen\u00ed ke kontinu\u00e1ln\u00ed aera\u010dn\u00ed jednotce nebo k d\u00e1vkovac\u00edmu syst\u00e9mu, jako je \u010derpadlov\u00e1 jednotka. Proto\u017ee se jedn\u00e1 o uzav\u0159en\u00e9 syst\u00e9my, kde se nepou\u017e\u00edvaj\u00ed \u017e\u00e1dn\u00e9 z\u00e1sobn\u00edky, jsou tyto rozd\u011blova\u010de vhodn\u00e9 zejm\u00e9na pro nan\u00e1\u0161en\u00ed jemn\u00fdch hmot a lehk\u00fdch p\u011bn. Rozd\u011blova\u010de s dr\u00e1t\u011bn\u00fdm \u0159ezem lze vytvo\u0159it z <a href=\"https:\/\/cormac.eu\/cs\/produkt\/ukladani-rozdelovace-2\/\">\"oby\u010dejn\u00fd\" rozd\u011blova\u010d<\/a> pro jednobarevn\u00e9 vklady marshmallow nebo z na\u0161ich kombinovan\u00fdch verz\u00ed pro dvoubarevn\u00e9 vklady. Rota\u010dn\u00ed ventily jsou zpravidla poh\u00e1n\u011bny servopohonem, zat\u00edmco n\u00e1stavec pro \u0159ez\u00e1n\u00ed vratn\u00fdm dr\u00e1tem je ovl\u00e1d\u00e1n pneumaticky.<\/p>\n<p>&nbsp;<\/p>\n<p><strong>Aplikace<\/strong><\/p>\n<p><img decoding=\"async\" class=\"alignnone wp-image-2975\" src=\"https:\/\/cormac.eu\/wp-content\/uploads\/2022\/05\/wymbs-wire-cut-product-3.jpg\" alt=\"\" width=\"154\" height=\"134\" \/>\u00a0 <img decoding=\"async\" class=\"alignnone wp-image-2974\" src=\"https:\/\/cormac.eu\/wp-content\/uploads\/2022\/05\/wymbs-wire-cut-product-2.jpg\" alt=\"\" width=\"166\" height=\"132\" \/> <img decoding=\"async\" class=\"alignnone wp-image-2973\" src=\"https:\/\/cormac.eu\/wp-content\/uploads\/2022\/05\/wymbs-wire-cut-product-1.jpg\" alt=\"\" width=\"166\" height=\"151\" \/><\/p>\n<p>&nbsp;<\/p>\n<p>&nbsp;<\/p>\n<p>&nbsp;<\/p>\n<table>\n<tbody>\n<tr>\n<td width=\"253\">\u00a0<strong>Funkce<\/strong><\/td>\n<td width=\"351\">\u00a0<strong>V\u00fdhody<\/strong><\/td>\n<\/tr>\n<tr>\n<td>Vysoce kvalitn\u00ed hlin\u00edkov\u00e1 konstrukce<\/td>\n<td>\n<ul>\n<li>N\u00edzk\u00e1 hmotnost<\/li>\n<li>Siln\u00fd<\/li>\n<\/ul>\n<\/td>\n<\/tr>\n<tr>\n<td>Bezn\u00e1strojov\u00e9 vyva\u017eov\u00e1n\u00ed syst\u00e9mu<\/td>\n<td>\n<ul>\n<li>Snadn\u00e9 vyv\u00e1\u017een\u00ed tlaku v syst\u00e9mu<\/li>\n<\/ul>\n<\/td>\n<\/tr>\n<tr>\n<td>Vnit\u0159n\u00ed syst\u00e9m cirkulace vody<\/td>\n<td>\n<ul>\n<li>\u0158\u00edzen\u00e9 vyt\u00e1p\u011bn\u00ed a chlazen\u00ed<\/li>\n<\/ul>\n<\/td>\n<\/tr>\n<tr>\n<td>Rota\u010dn\u00ed ventil poh\u00e1n\u011bn\u00fd servopohonem, ut\u011bsn\u011bn\u00fd v nekovov\u00e9m polymeru<\/td>\n<td>\n<ul>\n<li>Vysok\u00e1 odolnost<\/li>\n<li>n\u00edzk\u00e9 t\u0159en\u00ed<\/li>\n<li>dokonal\u00e9 \u0159\u00edzen\u00ed pohybu ventilu<\/li>\n<\/ul>\n<\/td>\n<\/tr>\n<tr>\n<td>Mo\u017enosti<\/td>\n<td>\n<ul>\n<li>P\u0159\u00eddavn\u00e9 \u010distic\u00ed n\u00e1stavce pro in-line \u010di\u0161t\u011bn\u00ed (CIP)<\/li>\n<li>Speci\u00e1ln\u00ed slitiny chr\u00e1n\u00edc\u00ed p\u0159ed hmotami s vysok\u00fdm obsahem kyselin<\/li>\n<\/ul>\n<\/td>\n<\/tr>\n<\/tbody>\n<\/table>\n<p>&nbsp;<\/p>","protected":false},"excerpt":{"rendered":"<p>Rozd\u011blova\u010d s dr\u00e1t\u011bn\u00fdm \u0159ezem , obvykle pro v\u00fdrobu v\u00fdrobk\u016f s ploch\u00fdm dnem z marshmallow.<\/p>","protected":false},"featured_media":2972,"comment_status":"open","ping_status":"closed","template":"","meta":{"uix_meta_title":"","uix_meta_description":"","uix_canonical_url":""},"product_brand":[],"product_cat":[104],"product_tag":[196],"class_list":{"0":"post-2971","1":"product","2":"type-product","3":"status-publish","4":"has-post-thumbnail","6":"product_cat-processing","7":"product_tag-marshmallows","9":"first","10":"instock","11":"sold-individually","12":"shipping-taxable","13":"purchasable","14":"product-type-simple"},"_links":{"self":[{"href":"https:\/\/cormac.eu\/cs\/wp-json\/wp\/v2\/product\/2971","targetHints":{"allow":["GET"]}}],"collection":[{"href":"https:\/\/cormac.eu\/cs\/wp-json\/wp\/v2\/product"}],"about":[{"href":"https:\/\/cormac.eu\/cs\/wp-json\/wp\/v2\/types\/product"}],"replies":[{"embeddable":true,"href":"https:\/\/cormac.eu\/cs\/wp-json\/wp\/v2\/comments?post=2971"}],"wp:featuredmedia":[{"embeddable":true,"href":"https:\/\/cormac.eu\/cs\/wp-json\/wp\/v2\/media\/2972"}],"wp:attachment":[{"href":"https:\/\/cormac.eu\/cs\/wp-json\/wp\/v2\/media?parent=2971"}],"wp:term":[{"taxonomy":"product_brand","embeddable":true,"href":"https:\/\/cormac.eu\/cs\/wp-json\/wp\/v2\/product_brand?post=2971"},{"taxonomy":"product_cat","embeddable":true,"href":"https:\/\/cormac.eu\/cs\/wp-json\/wp\/v2\/product_cat?post=2971"},{"taxonomy":"product_tag","embeddable":true,"href":"https:\/\/cormac.eu\/cs\/wp-json\/wp\/v2\/product_tag?post=2971"}],"curies":[{"name":"wp","href":"https:\/\/api.w.org\/{rel}","templated":true}]}}