{"id":2969,"date":"2022-05-19T23:25:00","date_gmt":"2022-05-19T21:25:00","guid":{"rendered":"https:\/\/cormac.eu\/?post_type=product&#038;p=2969"},"modified":"2022-06-05T22:25:45","modified_gmt":"2022-06-05T20:25:45","slug":"pressurized-combined-manifold","status":"publish","type":"product","link":"https:\/\/cormac.eu\/cs\/product\/pressurized-combined-manifold\/","title":{"rendered":"Tlakov\u00fd kombinovan\u00fd rozd\u011blova\u010d"},"content":{"rendered":"<p>Pressurized depositing manifold are designed to be directly connected to a continuous aeartion unit or a metering system like a pump unit. Since these are closed systems wherby no hoppers are being used these depositing manifolds are particularly suited for the depositing of delicate masses and light foams. Combination or center fill depositors have two mass chambers and two rows of flow control valves. This enables to deposit different masses simultaneously through one nozzle.<\/p>\n<p><strong>Applications:<\/strong><\/p>\n<p>Jam in marshmallow, Chocolate cream in marshmallow, soft caramel in marshmallow, side by side marshmallow, biscuit cream and jam<\/p>\n<p><img decoding=\"async\" class=\"alignnone wp-image-2966\" src=\"https:\/\/cormac.eu\/wp-content\/uploads\/2022\/05\/wymbs-product-CFD-3.jpg\" alt=\"\" width=\"157\" height=\"130\" \/> <img decoding=\"async\" class=\"alignnone wp-image-2965\" src=\"https:\/\/cormac.eu\/wp-content\/uploads\/2022\/05\/wymbs-product-CFD-2.jpg\" alt=\"\" width=\"159\" height=\"131\" \/> <img decoding=\"async\" class=\"alignnone wp-image-2967\" src=\"https:\/\/cormac.eu\/wp-content\/uploads\/2022\/05\/wymbs-product-CFD-4.jpg\" alt=\"\" width=\"194\" height=\"156\" \/> <img loading=\"lazy\" decoding=\"async\" class=\"alignnone wp-image-2963\" src=\"https:\/\/cormac.eu\/wp-content\/uploads\/2022\/05\/wymbs-product-CFD-1.jpg\" alt=\"\" width=\"180\" height=\"168\" \/><\/p>\n<p>&nbsp;<\/p>\n<table>\n<tbody>\n<tr>\n<td width=\"253\">\u00a0<strong>Funkce<\/strong><\/td>\n<td width=\"351\">\u00a0<strong>V\u00fdhody<\/strong><\/td>\n<\/tr>\n<tr>\n<td>Vysoce kvalitn\u00ed hlin\u00edkov\u00e1 konstrukce<\/td>\n<td>\n<ul>\n<li>N\u00edzk\u00e1 hmotnost<\/li>\n<li>Siln\u00fd<\/li>\n<\/ul>\n<\/td>\n<\/tr>\n<tr>\n<td>Bezn\u00e1strojov\u00e9 vyva\u017eov\u00e1n\u00ed syst\u00e9mu<\/td>\n<td>\n<ul>\n<li>Snadn\u00e9 vyv\u00e1\u017een\u00ed tlaku v syst\u00e9mu<\/li>\n<\/ul>\n<\/td>\n<\/tr>\n<tr>\n<td>Vnit\u0159n\u00ed syst\u00e9m cirkulace vody<\/td>\n<td>\n<ul>\n<li>\u0158\u00edzen\u00e9 vyt\u00e1p\u011bn\u00ed a chlazen\u00ed<\/li>\n<\/ul>\n<\/td>\n<\/tr>\n<tr>\n<td>Rota\u010dn\u00ed ventil ut\u011bsn\u011bn\u00fd v nekovov\u00e9m polymeru<\/td>\n<td>\n<ul>\n<li>Vysok\u00e1 odolnost<\/li>\n<li>n\u00edzk\u00e9 t\u0159en\u00ed<\/li>\n<\/ul>\n<\/td>\n<\/tr>\n<tr>\n<td>Servo driven rotary valve<\/td>\n<td>\n<ul>\n<li>Accurate valve motion control<\/li>\n<\/ul>\n<\/td>\n<\/tr>\n<tr>\n<td>Mo\u017enosti<\/td>\n<td>\n<ul>\n<li>P\u0159\u00eddavn\u00e9 \u010distic\u00ed n\u00e1stavce pro in-line \u010di\u0161t\u011bn\u00ed (CIP)<\/li>\n<li>Speci\u00e1ln\u00ed slitiny chr\u00e1n\u00edc\u00ed p\u0159ed hmotami s vysok\u00fdm obsahem kyselin<\/li>\n<li>Special dual deposit nozzles<\/li>\n<li>Special multi-peak nozzles<\/li>\n<\/ul>\n<\/td>\n<\/tr>\n<\/tbody>\n<\/table>\n<p>&nbsp;<\/p>","protected":false},"excerpt":{"rendered":"<p>Tlakov\u00fd rozd\u011blova\u010d pro st\u0159edov\u00e9 pln\u011bn\u00ed, ukl\u00e1d\u00e1n\u00ed vedle sebe a v\u00edcevrstv\u00e9 ukl\u00e1d\u00e1n\u00ed<\/p>","protected":false},"featured_media":2962,"comment_status":"open","ping_status":"closed","template":"","meta":{"uix_meta_title":"","uix_meta_description":"","uix_canonical_url":""},"product_brand":[],"product_cat":[104],"product_tag":[187,196],"class_list":{"0":"post-2969","1":"product","2":"type-product","3":"status-publish","4":"has-post-thumbnail","6":"product_cat-processing","7":"product_tag-biscuit-creams","8":"product_tag-marshmallows","10":"first","11":"instock","12":"shipping-taxable","13":"product-type-simple"},"_links":{"self":[{"href":"https:\/\/cormac.eu\/cs\/wp-json\/wp\/v2\/product\/2969","targetHints":{"allow":["GET"]}}],"collection":[{"href":"https:\/\/cormac.eu\/cs\/wp-json\/wp\/v2\/product"}],"about":[{"href":"https:\/\/cormac.eu\/cs\/wp-json\/wp\/v2\/types\/product"}],"replies":[{"embeddable":true,"href":"https:\/\/cormac.eu\/cs\/wp-json\/wp\/v2\/comments?post=2969"}],"wp:featuredmedia":[{"embeddable":true,"href":"https:\/\/cormac.eu\/cs\/wp-json\/wp\/v2\/media\/2962"}],"wp:attachment":[{"href":"https:\/\/cormac.eu\/cs\/wp-json\/wp\/v2\/media?parent=2969"}],"wp:term":[{"taxonomy":"product_brand","embeddable":true,"href":"https:\/\/cormac.eu\/cs\/wp-json\/wp\/v2\/product_brand?post=2969"},{"taxonomy":"product_cat","embeddable":true,"href":"https:\/\/cormac.eu\/cs\/wp-json\/wp\/v2\/product_cat?post=2969"},{"taxonomy":"product_tag","embeddable":true,"href":"https:\/\/cormac.eu\/cs\/wp-json\/wp\/v2\/product_tag?post=2969"}],"curies":[{"name":"wp","href":"https:\/\/api.w.org\/{rel}","templated":true}]}}