{"id":2951,"date":"2022-05-19T22:53:20","date_gmt":"2022-05-19T20:53:20","guid":{"rendered":"https:\/\/cormac.eu\/?post_type=product&#038;p=2951"},"modified":"2022-06-05T15:15:09","modified_gmt":"2022-06-05T13:15:09","slug":"ukladani-rozdelovace-2","status":"publish","type":"product","link":"https:\/\/cormac.eu\/cs\/product\/depositing-manifold\/","title":{"rendered":"Tlakov\u00fd ukl\u00e1dac\u00ed rozd\u011blova\u010d"},"content":{"rendered":"<p>Tlakov\u00e9 usazovac\u00ed rozd\u011blova\u010de jsou ur\u010deny k p\u0159\u00edm\u00e9mu p\u0159ipojen\u00ed ke kontinu\u00e1ln\u00ed aera\u010dn\u00ed jednotce nebo k d\u00e1vkovac\u00edmu syst\u00e9mu, jako je \u010derpadlov\u00e1 jednotka. Proto\u017ee se jedn\u00e1 o uzav\u0159en\u00e9 syst\u00e9my, kde se nepou\u017e\u00edvaj\u00ed \u017e\u00e1dn\u00e9 z\u00e1sobn\u00edky, jsou tyto rozd\u011blova\u010de vhodn\u00e9 zejm\u00e9na pro nan\u00e1\u0161en\u00ed jemn\u00fdch hmot a lehk\u00fdch p\u011bn. Verze \"prost\u00e9ho ukl\u00e1d\u00e1n\u00ed\" m\u00e1 jednu komoru na hmotu, kde je vyrovn\u00e1n tlak v syst\u00e9mu. Ka\u017ed\u00e1 depozi\u010dn\u00ed tryska na rozd\u011blova\u010di je \u0159\u00edzena samostatn\u00fdm regula\u010dn\u00edm ventilem pr\u016ftoku. T\u00edm lze dos\u00e1hnout jemn\u00e9ho vyrovn\u00e1n\u00ed tlaku v cel\u00e9m rozd\u011blova\u010di.<\/p>\n<p>&nbsp;<\/p>\n<p>Aplikace<\/p>\n<p><img decoding=\"async\" class=\"alignnone wp-image-2959\" src=\"https:\/\/cormac.eu\/wp-content\/uploads\/2022\/05\/Wymbs-picture-4-DMF.jpg\" alt=\"\" width=\"107\" height=\"107\" srcset=\"https:\/\/cormac.eu\/wp-content\/uploads\/2022\/05\/Wymbs-picture-4-DMF.jpg 125w, https:\/\/cormac.eu\/wp-content\/uploads\/2022\/05\/Wymbs-picture-4-DMF-100x100.jpg 100w\" sizes=\"(max-width: 107px) 100vw, 107px\" \/> <img decoding=\"async\" class=\"alignnone size-full wp-image-2958\" src=\"https:\/\/cormac.eu\/wp-content\/uploads\/2022\/05\/Wymbs-picture-3-DMF.jpg\" alt=\"\" width=\"125\" height=\"125\" srcset=\"https:\/\/cormac.eu\/wp-content\/uploads\/2022\/05\/Wymbs-picture-3-DMF.jpg 125w, https:\/\/cormac.eu\/wp-content\/uploads\/2022\/05\/Wymbs-picture-3-DMF-100x100.jpg 100w\" sizes=\"(max-width: 125px) 100vw, 125px\" \/> <img decoding=\"async\" class=\"alignnone size-full wp-image-2957\" src=\"https:\/\/cormac.eu\/wp-content\/uploads\/2022\/05\/Wymbs-picture-2-DMF.jpg\" alt=\"\" width=\"125\" height=\"125\" srcset=\"https:\/\/cormac.eu\/wp-content\/uploads\/2022\/05\/Wymbs-picture-2-DMF.jpg 125w, https:\/\/cormac.eu\/wp-content\/uploads\/2022\/05\/Wymbs-picture-2-DMF-100x100.jpg 100w\" sizes=\"(max-width: 125px) 100vw, 125px\" \/>\u00a0 \u00a0 <img loading=\"lazy\" decoding=\"async\" class=\"alignnone wp-image-2960\" src=\"https:\/\/cormac.eu\/wp-content\/uploads\/2022\/05\/strawberry-jaffa-cakes-1-300x227.jpg\" alt=\"\" width=\"139\" height=\"105\" srcset=\"https:\/\/cormac.eu\/wp-content\/uploads\/2022\/05\/strawberry-jaffa-cakes-1-300x227.jpg 300w, https:\/\/cormac.eu\/wp-content\/uploads\/2022\/05\/strawberry-jaffa-cakes-1-768x581.jpg 768w, https:\/\/cormac.eu\/wp-content\/uploads\/2022\/05\/strawberry-jaffa-cakes-1-600x454.jpg 600w, https:\/\/cormac.eu\/wp-content\/uploads\/2022\/05\/strawberry-jaffa-cakes-1.jpg 969w\" sizes=\"(max-width: 139px) 100vw, 139px\" \/><\/p>\n<p>&nbsp;<\/p>\n<table>\n<tbody>\n<tr>\n<td width=\"253\">\u00a0<strong>Funkce<\/strong><\/td>\n<td width=\"351\">\u00a0<strong>V\u00fdhody<\/strong><\/td>\n<\/tr>\n<tr>\n<td>Vysoce kvalitn\u00ed hlin\u00edkov\u00e1 konstrukce<\/td>\n<td>\n<ul>\n<li>N\u00edzk\u00e1 hmotnost<\/li>\n<li>Siln\u00fd<\/li>\n<\/ul>\n<\/td>\n<\/tr>\n<tr>\n<td>Bezn\u00e1strojov\u00e9 vyva\u017eov\u00e1n\u00ed syst\u00e9mu<\/td>\n<td>\n<ul>\n<li>Snadn\u00e9 vyv\u00e1\u017een\u00ed tlaku v syst\u00e9mu<\/li>\n<\/ul>\n<\/td>\n<\/tr>\n<tr>\n<td>Vnit\u0159n\u00ed syst\u00e9m cirkulace vody<\/td>\n<td>\n<ul>\n<li>\u0158\u00edzen\u00e9 vyt\u00e1p\u011bn\u00ed a chlazen\u00ed<\/li>\n<\/ul>\n<\/td>\n<\/tr>\n<tr>\n<td>Rota\u010dn\u00ed ventil ut\u011bsn\u011bn\u00fd v nekovov\u00e9m polymeru<\/td>\n<td>\n<ul>\n<li>Vysok\u00e1 odolnost<\/li>\n<li>n\u00edzk\u00e9 t\u0159en\u00ed<\/li>\n<\/ul>\n<\/td>\n<\/tr>\n<tr>\n<td>Mo\u017enosti<\/td>\n<td>\n<ul>\n<li>P\u0159\u00eddavn\u00e9 \u010distic\u00ed n\u00e1stavce pro in-line \u010di\u0161t\u011bn\u00ed (CIP)<\/li>\n<li>Speci\u00e1ln\u00ed slitiny chr\u00e1n\u00edc\u00ed p\u0159ed hmotami s vysok\u00fdm obsahem kyselin<\/li>\n<li>rota\u010dn\u00ed ventil poh\u00e1n\u011bn\u00fd servopohonem nebo pneumaticky ovl\u00e1dan\u00fd<\/li>\n<\/ul>\n<\/td>\n<\/tr>\n<\/tbody>\n<\/table>\n<p>&nbsp;<\/p>","protected":false},"excerpt":{"rendered":"<p>Tlakov\u00fd rozd\u011blova\u010d pro pr\u00e1ci v uzav\u0159en\u00e9m syst\u00e9mu<\/p>","protected":false},"featured_media":2955,"comment_status":"open","ping_status":"closed","template":"","meta":{"uix_meta_title":"","uix_meta_description":"","uix_canonical_url":""},"product_brand":[],"product_cat":[104],"product_tag":[187,215,210,191,196],"class_list":{"0":"post-2951","1":"product","2":"type-product","3":"status-publish","4":"has-post-thumbnail","6":"product_cat-processing","7":"product_tag-biscuit-creams","8":"product_tag-center-filled-products","9":"product_tag-cookies","10":"product_tag-fondants-icings","11":"product_tag-marshmallows","13":"first","14":"instock","15":"shipping-taxable","16":"product-type-simple"},"_links":{"self":[{"href":"https:\/\/cormac.eu\/cs\/wp-json\/wp\/v2\/product\/2951","targetHints":{"allow":["GET"]}}],"collection":[{"href":"https:\/\/cormac.eu\/cs\/wp-json\/wp\/v2\/product"}],"about":[{"href":"https:\/\/cormac.eu\/cs\/wp-json\/wp\/v2\/types\/product"}],"replies":[{"embeddable":true,"href":"https:\/\/cormac.eu\/cs\/wp-json\/wp\/v2\/comments?post=2951"}],"wp:featuredmedia":[{"embeddable":true,"href":"https:\/\/cormac.eu\/cs\/wp-json\/wp\/v2\/media\/2955"}],"wp:attachment":[{"href":"https:\/\/cormac.eu\/cs\/wp-json\/wp\/v2\/media?parent=2951"}],"wp:term":[{"taxonomy":"product_brand","embeddable":true,"href":"https:\/\/cormac.eu\/cs\/wp-json\/wp\/v2\/product_brand?post=2951"},{"taxonomy":"product_cat","embeddable":true,"href":"https:\/\/cormac.eu\/cs\/wp-json\/wp\/v2\/product_cat?post=2951"},{"taxonomy":"product_tag","embeddable":true,"href":"https:\/\/cormac.eu\/cs\/wp-json\/wp\/v2\/product_tag?post=2951"}],"curies":[{"name":"wp","href":"https:\/\/api.w.org\/{rel}","templated":true}]}}