{"id":2939,"date":"2022-04-24T20:42:10","date_gmt":"2022-04-24T18:42:10","guid":{"rendered":"https:\/\/cormac.eu\/?post_type=product&#038;p=2939"},"modified":"2022-06-05T22:40:44","modified_gmt":"2022-06-05T20:40:44","slug":"lisovani-cokolady-za-studena","status":"publish","type":"product","link":"https:\/\/cormac.eu\/cs\/product\/cold-press-chocolate-moulding-plant\/","title":{"rendered":"Lisov\u00e1n\u00ed \u010dokol\u00e1dy za studena"},"content":{"rendered":"<p>Knobel\u016fv syst\u00e9m lisov\u00e1n\u00ed za studena byl prvn\u00edm patentovan\u00fdm syst\u00e9mem lisov\u00e1n\u00ed za studena na sv\u011bt\u011b, kter\u00fd byl pozd\u011bji okop\u00edrov\u00e1n dal\u0161\u00edmi firmami a prod\u00e1v\u00e1n jako technologie mra\u017een\u00fdch ku\u017eel\u016f. Syst\u00e9m lisov\u00e1n\u00ed za studena umo\u017e\u0148uje vyr\u00e1b\u011bt rovnom\u011brn\u00e9 a konzistentn\u00ed tenk\u00e9 \u010dokol\u00e1dov\u00e9 sko\u0159\u00e1pky, kter\u00e9 tvo\u0159\u00ed z\u00e1klad ka\u017ed\u00e9ho vysoce kvalitn\u00edho v\u00fdrobku. Tlou\u0161\u0165ku sko\u0159\u00e1pky lze p\u0159esn\u011b kontrolovat a za\u010d\u00edn\u00e1 ji\u017e od 0,5 mm. Jednou z nejd\u016fle\u017eit\u011bj\u0161\u00edch v\u00fdhod patentovan\u00fdch n\u00e1stroj\u016f Cold Press je bez\u00fadr\u017ebov\u00e1 v\u00fdroba bez p\u0159eru\u0161en\u00ed. Bez ohledu na tvar v\u00fdrobku tato technologie zabra\u0148uje pohybu d\u00edl\u016f na lisovac\u00edch form\u00e1ch, a proto m\u016f\u017ee spole\u010dnost Knobel poskytnout naprosto dokonalou sko\u0159\u00e1pku s p\u0159esn\u00fdm objemem. Mezin\u00e1rodn\u00ed patentovan\u00e9 n\u00e1stroje Coldpress jsou vybaveny m\u011bd\u011bnou matric\u00ed s tvrd\u00fdm eloxovan\u00fdm st\u0159\u00edbrn\u00fdm povlakem, kter\u00e1 pracuje v such\u00e9m prost\u0159ed\u00ed s kontrolovan\u00fdm rosn\u00fdm bodem. Teplota n\u00e1stroje p\u0159i lisov\u00e1n\u00ed je p\u0159ibli\u017en\u011b +2 stupn\u011b Celsia, rychlost linky je a\u017e 24 forem za minutu, a to i u r\u016fznorod\u00fdch v\u00fdrobk\u016f a r\u016fzn\u00fdch druh\u016f \u010dokol\u00e1dy. Tuto technologii lze pou\u017e\u00edt nap\u0159\u00edklad k v\u00fdrob\u011b pralinek s o\u0159\u00ed\u0161ky, t\u0159e\u0161\u0148ov\u00fdch bonbon\u016f, dut\u00fdch figurek, pralinek s otev\u0159enou sko\u0159\u00e1pkou, \u010dokol\u00e1dov\u00fdch tabulek atd.<\/p>\n<p>&nbsp;<\/p>\n<p><img decoding=\"async\" class=\"alignnone size-full wp-image-2943\" src=\"https:\/\/cormac.eu\/wp-content\/uploads\/2022\/04\/Knobel-KCM-Coldpress-app2.jpg\" alt=\"\" width=\"107\" height=\"155\" \/>\u00a0 \u00a0 <img decoding=\"async\" class=\"alignnone wp-image-2945\" src=\"https:\/\/cormac.eu\/wp-content\/uploads\/2022\/04\/cold-press-chocolate-1.jpg\" alt=\"\" width=\"128\" height=\"134\" \/>\u00a0 \u00a0 <img decoding=\"async\" class=\"alignnone wp-image-2942\" src=\"https:\/\/cormac.eu\/wp-content\/uploads\/2022\/04\/Knobel-KCM-Coldpress-app1.jpg\" alt=\"\" width=\"137\" height=\"143\" \/>\u00a0 \u00a0 <img loading=\"lazy\" decoding=\"async\" class=\"alignnone wp-image-2946\" src=\"https:\/\/cormac.eu\/wp-content\/uploads\/2022\/04\/cold-press-chocolate-2.jpg\" alt=\"\" width=\"120\" height=\"133\" \/><\/p>\n<p>&nbsp;<\/p>\n<table style=\"height: 536px\" width=\"570\">\n<tbody>\n<tr>\n<td width=\"204\">\u00a0\u00a0<strong>Funkce<\/strong><\/td>\n<td width=\"238\">\u00a0<strong>V\u00fdhody<\/strong><\/td>\n<\/tr>\n<tr>\n<td>Patentovan\u00fd syst\u00e9m ColdPress<\/td>\n<td>\n<ul>\n<li>konzistentn\u00ed a jednotn\u00e9 sko\u0159\u00e1pky<\/li>\n<li>tenk\u00e9 sko\u0159epiny (od 0,5 mm)<\/li>\n<li>sn\u00ed\u017een\u00ed spot\u0159eby \u010dokol\u00e1dy<\/li>\n<li>vysoce kvalitn\u00ed kone\u010dn\u00fd produkt<\/li>\n<\/ul>\n<\/td>\n<\/tr>\n<tr>\n<td>\u00a0\u0159\u00edzen\u00fd rosn\u00fd bod<\/td>\n<td>\n<ul>\n<li>such\u00e9 v\u00fdrobn\u00ed prost\u0159ed\u00ed<\/li>\n<\/ul>\n<\/td>\n<\/tr>\n<tr>\n<td>\u00a0Spolupracuje s vkladateli KCM<\/td>\n<td>\n<ul>\n<li>vysoce p\u0159esn\u00e9<\/li>\n<li>snadn\u00e9 \u010di\u0161t\u011bn\u00ed<\/li>\n<li>nen\u00e1ro\u010dn\u00e1 \u00fadr\u017eba<\/li>\n<\/ul>\n<\/td>\n<\/tr>\n<tr>\n<td>\u00a0Koncepce modul\u00e1rn\u00ed linky<\/td>\n<td>\n<ul>\n<li>flexibiln\u00ed<\/li>\n<li>rozmanitost produkt\u016f<\/li>\n<\/ul>\n<\/td>\n<\/tr>\n<\/tbody>\n<\/table>\n<p>&nbsp;<\/p>","protected":false},"excerpt":{"rendered":"<p>P\u0159esn\u00e1 linka na v\u00fdrobu \u010dokol\u00e1dov\u00fdch sko\u0159\u00e1pek pro pralinky, ty\u010dinky, figurky nebo i otev\u0159en\u00e9 sko\u0159\u00e1pky s libovoln\u00fdm stylem zdoben\u00ed.<\/p>","protected":false},"featured_media":2948,"comment_status":"open","ping_status":"closed","template":"","meta":{"uix_meta_title":"","uix_meta_description":"","uix_canonical_url":""},"product_brand":[],"product_cat":[104],"product_tag":[208,207],"class_list":{"0":"post-2939","1":"product","2":"type-product","3":"status-publish","4":"has-post-thumbnail","6":"product_cat-processing","7":"product_tag-chocolates","8":"product_tag-pralines","10":"first","11":"instock","12":"shipping-taxable","13":"product-type-simple"},"_links":{"self":[{"href":"https:\/\/cormac.eu\/cs\/wp-json\/wp\/v2\/product\/2939","targetHints":{"allow":["GET"]}}],"collection":[{"href":"https:\/\/cormac.eu\/cs\/wp-json\/wp\/v2\/product"}],"about":[{"href":"https:\/\/cormac.eu\/cs\/wp-json\/wp\/v2\/types\/product"}],"replies":[{"embeddable":true,"href":"https:\/\/cormac.eu\/cs\/wp-json\/wp\/v2\/comments?post=2939"}],"wp:featuredmedia":[{"embeddable":true,"href":"https:\/\/cormac.eu\/cs\/wp-json\/wp\/v2\/media\/2948"}],"wp:attachment":[{"href":"https:\/\/cormac.eu\/cs\/wp-json\/wp\/v2\/media?parent=2939"}],"wp:term":[{"taxonomy":"product_brand","embeddable":true,"href":"https:\/\/cormac.eu\/cs\/wp-json\/wp\/v2\/product_brand?post=2939"},{"taxonomy":"product_cat","embeddable":true,"href":"https:\/\/cormac.eu\/cs\/wp-json\/wp\/v2\/product_cat?post=2939"},{"taxonomy":"product_tag","embeddable":true,"href":"https:\/\/cormac.eu\/cs\/wp-json\/wp\/v2\/product_tag?post=2939"}],"curies":[{"name":"wp","href":"https:\/\/api.w.org\/{rel}","templated":true}]}}