{"id":2930,"date":"2022-04-24T20:27:13","date_gmt":"2022-04-24T18:27:13","guid":{"rendered":"https:\/\/cormac.eu\/?post_type=product&#038;p=2930"},"modified":"2022-06-01T12:04:54","modified_gmt":"2022-06-01T10:04:54","slug":"linka-na-vstrikovani-jednoho-kusu-plastu","status":"publish","type":"product","link":"https:\/\/cormac.eu\/cs\/product\/one-shot-moulding-line\/","title":{"rendered":"Jednor\u00e1zov\u00e1 tvarovac\u00ed linka"},"content":{"rendered":"<p>Jednor\u00e1zov\u00e9 formovac\u00ed linky Knobel jsou modul\u00e1rn\u00ed syst\u00e9my pro formov\u00e1n\u00ed \u010dokol\u00e1dy, kter\u00e9 rostou s va\u0161imi pot\u0159ebami. Modul\u00e1rn\u00ed koncepce umo\u017e\u0148uje v\u00fdrobci postupn\u011b zvy\u0161ovat kapacitu p\u0159id\u00e1v\u00e1n\u00edm nov\u00fdch komponent v r\u00e1mci \u010dty\u0159 standard\u016f:<br \/>\nKCM 275, p\u0159i pou\u017eit\u00ed forem o rozm\u011brech 275 x 175\/205 mm<br \/>\nKCM 380, p\u0159i pou\u017eit\u00ed forem o rozm\u011brech 380 x 295 mm<br \/>\nKCM 500, p\u0159i pou\u017eit\u00ed forem o rozm\u011brech 450 x 425 mm<br \/>\nKCM 650, s pou\u017eit\u00edm forem o rozm\u011brech 650 x 500 mm<\/p>\n<p>Jako prvn\u00ed krok lze pou\u017e\u00edt za\u0159\u00edzen\u00ed KCM Alpha Compact s vibra\u010dn\u00edm stolem a chladic\u00ed spir\u00e1lou.<\/p>\n<p><img decoding=\"async\" class=\"alignnone size-full wp-image-2931\" src=\"https:\/\/cormac.eu\/wp-content\/uploads\/2022\/04\/Knobel-one-shot-modular-step-1.jpg\" alt=\"\" width=\"220\" height=\"177\" \/><\/p>\n<p>Jako druh\u00fd krok lze p\u0159idat dopravn\u00ed syst\u00e9m s p\u0159edeh\u0159evem formy.<\/p>\n<p><img decoding=\"async\" class=\"alignnone size-full wp-image-2932\" src=\"https:\/\/cormac.eu\/wp-content\/uploads\/2022\/04\/Knobel-one-shot-modular-step-2.jpg\" alt=\"\" width=\"220\" height=\"165\" \/><\/p>\n<p>T\u0159et\u00edm krokem m\u016f\u017ee b\u00fdt automatick\u00e9 odformov\u00e1n\u00ed a v\u00fdm\u011bna formy.<\/p>\n<p><img decoding=\"async\" class=\"alignnone size-full wp-image-2933\" src=\"https:\/\/cormac.eu\/wp-content\/uploads\/2022\/04\/Knobel-one-shot-modular-step-3.jpg\" alt=\"\" width=\"220\" height=\"135\" \/><\/p>\n<p>Na v\u0161ech t\u011bchto link\u00e1ch lze vyr\u00e1b\u011bt v\u00fdrobky s jednou n\u00e1pln\u00ed (\u010dokol\u00e1da + n\u00e1pl\u0148).P\u0159i pou\u017eit\u00ed vhodn\u00e9ho n\u00e1\u0159ad\u00ed lze vyr\u00e1b\u011bt i v\u00fdrobky s dvojitou n\u00e1pln\u00ed v tzv. trojit\u00e9 n\u00e1plni.<\/p>\n<p><img loading=\"lazy\" decoding=\"async\" class=\"alignnone size-full wp-image-2926\" src=\"https:\/\/cormac.eu\/wp-content\/uploads\/2022\/04\/Knobel-one-shot-app-2.jpg\" alt=\"\" width=\"113\" height=\"108\" \/> \u00a0<img loading=\"lazy\" decoding=\"async\" class=\"alignnone size-full wp-image-2925\" src=\"https:\/\/cormac.eu\/wp-content\/uploads\/2022\/04\/Knobel-one-shot-app-1.jpg\" alt=\"\" width=\"107\" height=\"101\" \/><\/p>\n<p>&nbsp;<\/p>\n<table style=\"height: 661px\" width=\"692\">\n<tbody>\n<tr>\n<td width=\"197\">\u00a0<strong>Funkce<\/strong><\/td>\n<td width=\"197\">\u00a0<strong>V\u00fdhody<\/strong><\/td>\n<\/tr>\n<tr>\n<td>patentovan\u00fd syst\u00e9m oto\u010dn\u00e9ho p\u00edstu<\/td>\n<td>\n<ul>\n<li>snadn\u00e1 demont\u00e1\u017e<\/li>\n<li>snadn\u00e9 \u010di\u0161t\u011bn\u00ed a rychl\u00e1 v\u00fdm\u011bna<\/li>\n<li>vysok\u00e1 p\u0159esnost ukl\u00e1d\u00e1n\u00ed<\/li>\n<\/ul>\n<\/td>\n<\/tr>\n<tr>\n<td>\u00a0servopohon<\/td>\n<td>\n<ul>\n<li>vysok\u00e1 p\u0159esnost<\/li>\n<\/ul>\n<\/td>\n<\/tr>\n<tr>\n<td>design canti-lever<\/td>\n<td>\n<ul>\n<li>snadn\u00e9 \u010di\u0161t\u011bn\u00ed<\/li>\n<li>dobr\u00fd p\u0159\u00edstup<\/li>\n<\/ul>\n<\/td>\n<\/tr>\n<tr>\n<td>\u00a0bez\u0159et\u011bzov\u00e1 p\u0159eprava<\/td>\n<td>\n<ul>\n<li>mo\u017enost pou\u017eit\u00ed r\u016fzn\u00fdch forem<\/li>\n<\/ul>\n<\/td>\n<\/tr>\n<tr>\n<td>syst\u00e9m detekce pl\u00edsn\u00ed<\/td>\n<td>\n<ul>\n<li>specifick\u00e9 \u010dinnosti pro jednotliv\u00e9 f\u00e1ze v\u00fdroby<\/li>\n<\/ul>\n<\/td>\n<\/tr>\n<tr>\n<td>modul\u00e1rn\u00ed konstrukce<\/td>\n<td>\n<ul>\n<li>flexibilita<\/li>\n<\/ul>\n<\/td>\n<\/tr>\n<\/tbody>\n<\/table>\n<p>&nbsp;<\/p>","protected":false},"excerpt":{"rendered":"<p>Kompletn\u00ed linka na v\u00fdrobu \u010dokol\u00e1dov\u00fdch v\u00fdrobk\u016f s jednou \u010dokol\u00e1dovou n\u00e1pln\u00ed.<\/p>","protected":false},"featured_media":2937,"comment_status":"open","ping_status":"closed","template":"","meta":{"uix_meta_title":"","uix_meta_description":"","uix_canonical_url":""},"product_brand":[],"product_cat":[104],"product_tag":[215,208,207],"class_list":{"0":"post-2930","1":"product","2":"type-product","3":"status-publish","4":"has-post-thumbnail","6":"product_cat-processing","7":"product_tag-center-filled-products","8":"product_tag-chocolates","9":"product_tag-pralines","11":"first","12":"instock","13":"shipping-taxable","14":"product-type-simple"},"_links":{"self":[{"href":"https:\/\/cormac.eu\/cs\/wp-json\/wp\/v2\/product\/2930","targetHints":{"allow":["GET"]}}],"collection":[{"href":"https:\/\/cormac.eu\/cs\/wp-json\/wp\/v2\/product"}],"about":[{"href":"https:\/\/cormac.eu\/cs\/wp-json\/wp\/v2\/types\/product"}],"replies":[{"embeddable":true,"href":"https:\/\/cormac.eu\/cs\/wp-json\/wp\/v2\/comments?post=2930"}],"wp:featuredmedia":[{"embeddable":true,"href":"https:\/\/cormac.eu\/cs\/wp-json\/wp\/v2\/media\/2937"}],"wp:attachment":[{"href":"https:\/\/cormac.eu\/cs\/wp-json\/wp\/v2\/media?parent=2930"}],"wp:term":[{"taxonomy":"product_brand","embeddable":true,"href":"https:\/\/cormac.eu\/cs\/wp-json\/wp\/v2\/product_brand?post=2930"},{"taxonomy":"product_cat","embeddable":true,"href":"https:\/\/cormac.eu\/cs\/wp-json\/wp\/v2\/product_cat?post=2930"},{"taxonomy":"product_tag","embeddable":true,"href":"https:\/\/cormac.eu\/cs\/wp-json\/wp\/v2\/product_tag?post=2930"}],"curies":[{"name":"wp","href":"https:\/\/api.w.org\/{rel}","templated":true}]}}