{"id":2922,"date":"2022-04-24T19:56:31","date_gmt":"2022-04-24T17:56:31","guid":{"rendered":"https:\/\/cormac.eu\/?post_type=product&#038;p=2922"},"modified":"2022-06-01T12:08:38","modified_gmt":"2022-06-01T10:08:38","slug":"cokoladovy-vkladatel-kcm-eta-theta","status":"publish","type":"product","link":"https:\/\/cormac.eu\/cs\/product\/chocolate-depositor-kcm-eta-theta\/","title":{"rendered":"Vkladatel \u010dokol\u00e1dy KCM Eta\/Theta"},"content":{"rendered":"<p>Dvou\u0159ad\u00fd model Eta\/Theta je pr\u016fmyslov\u00fd z\u00e1sobn\u00edk na \u010dokol\u00e1du s konzolovou konstrukc\u00ed, kter\u00fd je vhodn\u00fd pro v\u00fdrobu pevn\u00fdch \u010dokol\u00e1dov\u00fdch v\u00fdrobk\u016f a v\u00fdrobk\u016f v jedn\u00e9 d\u00e1vce. Lze jej tak\u00e9 pou\u017e\u00edt k nan\u00e1\u0161en\u00ed dekorac\u00ed. Konstrukce tohoto stroje umo\u017e\u0148uje snadnou dodate\u010dnou mont\u00e1\u017e do st\u00e1vaj\u00edc\u00edch linek na formov\u00e1n\u00ed \u010dokol\u00e1dy, a to i v p\u0159\u00edpad\u011b, \u017ee jsou vyrobeny t\u0159et\u00ed stranou. D\u00edky jedine\u010dn\u00e9mu syst\u00e9mu rota\u010dn\u00edch ventil\u016f Knobel lze dos\u00e1hnout p\u016fsobiv\u00e9 p\u0159esnosti nan\u00e1\u0161en\u00ed. V\u0161echny stroje KCM Eta\/Theta mohou b\u00fdt vybaveny t\u0159emi osami (CAD), co\u017e znamen\u00e1, \u017ee se ukl\u00e1dac\u00ed hlava m\u016f\u017ee pohybovat trojrozm\u011brn\u011b.  V p\u0159\u00edpad\u011b, \u017ee je zvolena voliteln\u00e1 funkce ukl\u00e1d\u00e1n\u00ed o\u0159ech\u016f, m\u016f\u017ee \u010dokol\u00e1dovna d\u00e1vkovat cel\u00e9 o\u0159echy a dal\u0161\u00ed p\u0159\u00edsady. Ve srovn\u00e1n\u00ed s modelem ETA, kde osa X (horizont\u00e1ln\u00ed) m\u016f\u017ee dosahovat max. 300 mm, m\u016f\u017ee model THETA dos\u00e1hnout v ose X a\u017e 500 mm. Jedn\u00e1 se o nejv\u011bt\u0161\u00ed stroj v sortimentu d\u00e1vkova\u010d\u016f Knobel, kter\u00fd je speci\u00e1ln\u011b vhodn\u00fd pro pou\u017eit\u00ed na v\u011bt\u0161\u00edch formovac\u00edch link\u00e1ch a p\u00e1sech pec\u00ed o \u0161\u00ed\u0159ce a\u017e 1500 mm.<\/p>\n<p><img decoding=\"async\" class=\"alignnone wp-image-2929\" src=\"https:\/\/cormac.eu\/wp-content\/uploads\/2022\/04\/Chocolate-tablet-with-nuts-300x267.png\" alt=\"\" width=\"170\" height=\"151\" srcset=\"https:\/\/cormac.eu\/wp-content\/uploads\/2022\/04\/Chocolate-tablet-with-nuts-300x267.png 300w, https:\/\/cormac.eu\/wp-content\/uploads\/2022\/04\/Chocolate-tablet-with-nuts.png 600w\" sizes=\"(max-width: 170px) 100vw, 170px\" \/> <img decoding=\"async\" class=\"alignnone wp-image-2928\" src=\"https:\/\/cormac.eu\/wp-content\/uploads\/2022\/04\/Knobel-KCM-Cad-decoration-3.jpg\" alt=\"\" width=\"199\" height=\"133\" \/> <img decoding=\"async\" class=\"alignnone wp-image-2927\" src=\"https:\/\/cormac.eu\/wp-content\/uploads\/2022\/04\/Knobel-KCM-Cad-decoration-2.jpg\" alt=\"\" width=\"127\" height=\"124\" \/>\u00a0 \u00a0\u00a0 <img loading=\"lazy\" decoding=\"async\" class=\"alignnone wp-image-2925\" src=\"https:\/\/cormac.eu\/wp-content\/uploads\/2022\/04\/Knobel-one-shot-app-1.jpg\" alt=\"\" width=\"123\" height=\"115\" \/><\/p>\n<p>&nbsp;<\/p>\n<table style=\"height: 520px\" width=\"676\">\n<tbody>\n<tr>\n<td width=\"226\">\u00a0<strong>Funkce<\/strong><\/td>\n<td width=\"227\">\u00a0<strong>V\u00fdhody<\/strong><\/td>\n<\/tr>\n<tr>\n<td>Pohon servomotorem<\/td>\n<td>\n<ul>\n<li>p\u0159esn\u00e9<\/li>\n<li>rychle<\/li>\n<li>spolehliv\u00e9<\/li>\n<\/ul>\n<\/td>\n<\/tr>\n<tr>\n<td>\u00a0Navr\u017eeno pro integraci do linky<\/td>\n<td>\n<ul>\n<li>vhodn\u00e9 pro modernizaci<\/li>\n<li>sou\u010d\u00e1st modul\u00e1rn\u00edch syst\u00e9m\u016f Knobel<\/li>\n<li>umo\u017e\u0148uje vyu\u017eit\u00ed st\u00e1vaj\u00edc\u00edho v\u00fdrobn\u00edho za\u0159\u00edzen\u00ed<\/li>\n<\/ul>\n<\/td>\n<\/tr>\n<tr>\n<td>\u00a0Patentovan\u00fd syst\u00e9m oto\u010dn\u00e9ho p\u00edstu<\/td>\n<td>\n<ul>\n<li>snadn\u00e9 \u010di\u0161t\u011bn\u00ed<\/li>\n<li>rychl\u00fd p\u0159echod na nov\u00fd syst\u00e9m<\/li>\n<li>vynikaj\u00edc\u00ed p\u0159esnost ukl\u00e1d\u00e1n\u00ed<\/li>\n<li>mo\u017en\u00e9 za\u010dlen\u011bn\u00ed<\/li>\n<\/ul>\n<\/td>\n<\/tr>\n<tr>\n<td>Vytvo\u0159eno pro r\u016fzn\u00fd ak\u010dn\u00ed r\u00e1dius<\/td>\n<td>\n<ul>\n<li>Mo\u017enosti obl\u00e9k\u00e1n\u00ed zdarma<\/li>\n<li>V\u00fdroba vrstven\u00fdch v\u00fdrobk\u016f<\/li>\n<\/ul>\n<\/td>\n<\/tr>\n<\/tbody>\n<\/table>\n<p>&nbsp;<\/p>","protected":false},"excerpt":{"rendered":"<p>Pr\u016fmyslov\u00e9 za\u0159\u00edzen\u00ed na v\u00fdrobu \u010dokol\u00e1dy s konzolovou konstrukc\u00ed lze snadno namontovat na st\u00e1vaj\u00edc\u00ed formovac\u00ed linky a je vhodn\u00e9 pro v\u00fdrobu pevn\u00fdch \u010dokol\u00e1dov\u00fdch v\u00fdrobk\u016f, jednor\u00e1zov\u00fdch v\u00fdrobk\u016f a dekorac\u00ed.<\/p>","protected":false},"featured_media":2924,"comment_status":"open","ping_status":"closed","template":"","meta":{"uix_meta_title":"","uix_meta_description":"","uix_canonical_url":""},"product_brand":[],"product_cat":[104],"product_tag":[216,206,208,207],"class_list":{"0":"post-2922","1":"product","2":"type-product","3":"status-publish","4":"has-post-thumbnail","6":"product_cat-processing","7":"product_tag-chocolate-lollies","8":"product_tag-chocolate-tablets","9":"product_tag-chocolates","10":"product_tag-pralines","12":"first","13":"instock","14":"shipping-taxable","15":"product-type-simple"},"_links":{"self":[{"href":"https:\/\/cormac.eu\/cs\/wp-json\/wp\/v2\/product\/2922","targetHints":{"allow":["GET"]}}],"collection":[{"href":"https:\/\/cormac.eu\/cs\/wp-json\/wp\/v2\/product"}],"about":[{"href":"https:\/\/cormac.eu\/cs\/wp-json\/wp\/v2\/types\/product"}],"replies":[{"embeddable":true,"href":"https:\/\/cormac.eu\/cs\/wp-json\/wp\/v2\/comments?post=2922"}],"wp:featuredmedia":[{"embeddable":true,"href":"https:\/\/cormac.eu\/cs\/wp-json\/wp\/v2\/media\/2924"}],"wp:attachment":[{"href":"https:\/\/cormac.eu\/cs\/wp-json\/wp\/v2\/media?parent=2922"}],"wp:term":[{"taxonomy":"product_brand","embeddable":true,"href":"https:\/\/cormac.eu\/cs\/wp-json\/wp\/v2\/product_brand?post=2922"},{"taxonomy":"product_cat","embeddable":true,"href":"https:\/\/cormac.eu\/cs\/wp-json\/wp\/v2\/product_cat?post=2922"},{"taxonomy":"product_tag","embeddable":true,"href":"https:\/\/cormac.eu\/cs\/wp-json\/wp\/v2\/product_tag?post=2922"}],"curies":[{"name":"wp","href":"https:\/\/api.w.org\/{rel}","templated":true}]}}