{"id":2915,"date":"2022-04-24T14:28:14","date_gmt":"2022-04-24T12:28:14","guid":{"rendered":"https:\/\/cormac.eu\/?post_type=product&#038;p=2915"},"modified":"2022-06-01T12:24:06","modified_gmt":"2022-06-01T10:24:06","slug":"cokoladovy-vkladatel-kcm-beta","status":"publish","type":"product","link":"https:\/\/cormac.eu\/cs\/product\/chocolate-depositer-kcm-beta\/","title":{"rendered":"\u010cokol\u00e1dov\u00fd vkladatel KCM Beta"},"content":{"rendered":"<p>Jedno\u0159ad\u00fd model Beta se d\u00edky sv\u00e9 konzolov\u00e9 konstrukci \u010dasto pou\u017e\u00edv\u00e1 jako dodate\u010dn\u011b vybaven\u00fd z\u00e1sobn\u00edk ve st\u00e1vaj\u00edc\u00edch pr\u016fmyslov\u00fdch formovac\u00edch link\u00e1ch na \u010dokol\u00e1du.  Byl navr\u017een speci\u00e1ln\u011b pro um\u00edst\u011bn\u00ed na st\u00e1vaj\u00edc\u00ed dopravn\u00ed p\u00e1sy nebo pro integraci do v\u00fdrobn\u00edch linek t\u0159et\u00edch stran. Z\u00e1kazn\u00edk tak z\u00edsk\u00e1v\u00e1 atraktivn\u00ed mo\u017enost snadn\u00e9 v\u00fdm\u011bny opot\u0159ebovan\u00fdch jednotek depozitor\u016f. Tento stroj je vhodn\u00fd pro nan\u00e1\u0161en\u00ed pevn\u00fdch v\u00fdrobk\u016f i pro dekorativn\u00ed aplikace. V\u00fdhodou oproti dvou\u0159ad\u00fdm model\u016fm, jako je Eta \/ Theta, je jeho \u0161t\u00edhl\u00e1 konstrukce t\u011bla, v d\u016fsledku \u010deho\u017e lze tento stroj Beta instalovat v m\u00edstech s omezen\u00fdm prostorem. Modely Beta jsou vybaveny nejmodern\u011bj\u0161\u00ed technologi\u00ed servopohon\u016f a konzolov\u00e1 konstrukce umo\u017e\u0148uje snadnou manipulaci, \u010di\u0161t\u011bn\u00ed a rychlou v\u00fdm\u011bnu za jin\u00e9 v\u00fdrobky. D\u00edky unik\u00e1tn\u00edmu syst\u00e9mu ot\u00e1\u010dej\u00edc\u00edho se p\u00edstu lze dos\u00e1hnout velmi p\u0159esn\u00e9ho objemu.<\/p>\n<p><img fetchpriority=\"high\" decoding=\"async\" class=\"alignnone size-medium wp-image-2920\" src=\"https:\/\/cormac.eu\/wp-content\/uploads\/2022\/04\/Knobel-Piston-system-pic_800031-300x200.jpg\" alt=\"\" width=\"300\" height=\"200\" srcset=\"https:\/\/cormac.eu\/wp-content\/uploads\/2022\/04\/Knobel-Piston-system-pic_800031-300x200.jpg 300w, https:\/\/cormac.eu\/wp-content\/uploads\/2022\/04\/Knobel-Piston-system-pic_800031.jpg 540w\" sizes=\"(max-width: 300px) 100vw, 300px\" \/><\/p>\n<p>S volitelnou funkc\u00ed Nut-execution lze za\u0159\u00edzen\u00ed Beta pou\u017e\u00edt tak\u00e9 pro ukl\u00e1d\u00e1n\u00ed cel\u00fdch o\u0159ech\u016f a jin\u00fdch inkluz\u00ed. O\u0159echy, rozinky, r\u00fd\u017eov\u00e9 such\u00e9 plody nebo jin\u00e9 inkluze budou do n\u00e1sypky KCM vkl\u00e1d\u00e1ny v po\u017eadovan\u00e9 sm\u011bsi. Programovateln\u00fd horizont\u00e1ln\u00ed m\u00edchac\u00ed syst\u00e9m uvnit\u0159 n\u00e1sypky zajist\u00ed, aby byly p\u0159\u00edsady ve sm\u011bsi dob\u0159e rozlo\u017eeny. R\u016fzn\u00e9 inkluze lze m\u00edchat sou\u010dasn\u011b.<\/p>\n<div data-row=\"1\">\n<div>\n<p>\u00a0 <img decoding=\"async\" class=\"alignnone wp-image-2921\" src=\"https:\/\/cormac.eu\/wp-content\/uploads\/2022\/04\/chocolate-with-nuts-pic_809973-300x225.jpg\" alt=\"\" width=\"263\" height=\"197\" srcset=\"https:\/\/cormac.eu\/wp-content\/uploads\/2022\/04\/chocolate-with-nuts-pic_809973-300x225.jpg 300w, https:\/\/cormac.eu\/wp-content\/uploads\/2022\/04\/chocolate-with-nuts-pic_809973.jpg 540w\" sizes=\"(max-width: 263px) 100vw, 263px\" \/> <img decoding=\"async\" class=\"alignnone wp-image-2917\" src=\"https:\/\/cormac.eu\/wp-content\/uploads\/2022\/04\/Bij-KCM-beta-pic_800033-300x200.png\" alt=\"\" width=\"327\" height=\"218\" srcset=\"https:\/\/cormac.eu\/wp-content\/uploads\/2022\/04\/Bij-KCM-beta-pic_800033-300x200.png 300w, https:\/\/cormac.eu\/wp-content\/uploads\/2022\/04\/Bij-KCM-beta-pic_800033.png 540w\" sizes=\"(max-width: 327px) 100vw, 327px\" \/><\/p>\n<\/div>\n<p>&nbsp;<\/p>\n<p>V\u0161echny modely Beta mohou b\u00fdt vybaveny 3-os\u00fdm pohybem (CAD), kter\u00fd umo\u017e\u0148uje pohybovat ukl\u00e1dac\u00ed hlavou ve v\u0161ech sm\u011brech.<\/p>\n<\/div>\n<table style=\"height: 544px\" width=\"792\">\n<tbody>\n<tr>\n<td width=\"226\">\u00a0<strong>Funkce<\/strong><\/td>\n<td width=\"227\">\u00a0<strong>V\u00fdhody<\/strong><\/td>\n<\/tr>\n<tr>\n<td>Pln\u011b elektricky poh\u00e1n\u011bn\u00e9<\/td>\n<td>\n<ul>\n<li>p\u0159esn\u00e9<\/li>\n<li>rychle<\/li>\n<li>spolehliv\u00e9<\/li>\n<\/ul>\n<\/td>\n<\/tr>\n<tr>\n<td>\u00a0Navr\u017eeno pro integraci do linky<\/td>\n<td>\n<ul>\n<li>vhodn\u00e9 pro modernizaci<\/li>\n<li>sou\u010d\u00e1st modul\u00e1rn\u00edch syst\u00e9m\u016f Knobel<\/li>\n<li>umo\u017e\u0148uje vyu\u017eit\u00ed st\u00e1vaj\u00edc\u00edho v\u00fdrobn\u00edho za\u0159\u00edzen\u00ed<\/li>\n<\/ul>\n<\/td>\n<\/tr>\n<tr>\n<td>\u00a0Patentovan\u00fd syst\u00e9m oto\u010dn\u00e9ho p\u00edstu<\/td>\n<td>\n<ul>\n<li>snadn\u00e9 \u010di\u0161t\u011bn\u00ed<\/li>\n<li>rychl\u00fd p\u0159echod na nov\u00fd syst\u00e9m<\/li>\n<li>vynikaj\u00edc\u00ed p\u0159esnost ukl\u00e1d\u00e1n\u00ed<\/li>\n<\/ul>\n<\/td>\n<\/tr>\n<tr>\n<td>Vytvo\u0159eno pro r\u016fzn\u00fd ak\u010dn\u00ed r\u00e1dius<\/td>\n<td>\n<ul>\n<li>Mo\u017enosti obl\u00e9k\u00e1n\u00ed zdarma<\/li>\n<li>V\u00fdroba vrstven\u00fdch v\u00fdrobk\u016f<\/li>\n<\/ul>\n<\/td>\n<\/tr>\n<\/tbody>\n<\/table>\n<div data-row=\"1\">\n<p>&nbsp;<\/p>\n<\/div>","protected":false},"excerpt":{"rendered":"<p>Pr\u016fmyslov\u00e9 za\u0159\u00edzen\u00ed na ukl\u00e1d\u00e1n\u00ed \u010dokol\u00e1dy s t\u0159\u00edos\u00fdm pohybem pro v\u00fdrobu pevn\u00fdch v\u00fdrobk\u016f a pevn\u00fdch v\u00fdrobk\u016f s p\u0159\u00edsadami. Tento depot\u00e9r je vhodn\u00fd zejm\u00e9na k dodate\u010dn\u00e9mu vybaven\u00ed dosluhuj\u00edc\u00edch linek, a to i od jin\u00fdch v\u00fdrobc\u016f.<\/p>","protected":false},"featured_media":2916,"comment_status":"open","ping_status":"closed","template":"","meta":{"uix_meta_title":"","uix_meta_description":"","uix_canonical_url":""},"product_brand":[],"product_cat":[104],"product_tag":[206,217,208,218],"class_list":{"0":"post-2915","1":"product","2":"type-product","3":"status-publish","4":"has-post-thumbnail","6":"product_cat-processing","7":"product_tag-chocolate-tablets","8":"product_tag-chocolate-tablets-with-whole-nuts","9":"product_tag-chocolates","10":"product_tag-chocolates-with-inclusions","12":"first","13":"instock","14":"shipping-taxable","15":"product-type-simple"},"_links":{"self":[{"href":"https:\/\/cormac.eu\/cs\/wp-json\/wp\/v2\/product\/2915","targetHints":{"allow":["GET"]}}],"collection":[{"href":"https:\/\/cormac.eu\/cs\/wp-json\/wp\/v2\/product"}],"about":[{"href":"https:\/\/cormac.eu\/cs\/wp-json\/wp\/v2\/types\/product"}],"replies":[{"embeddable":true,"href":"https:\/\/cormac.eu\/cs\/wp-json\/wp\/v2\/comments?post=2915"}],"wp:featuredmedia":[{"embeddable":true,"href":"https:\/\/cormac.eu\/cs\/wp-json\/wp\/v2\/media\/2916"}],"wp:attachment":[{"href":"https:\/\/cormac.eu\/cs\/wp-json\/wp\/v2\/media?parent=2915"}],"wp:term":[{"taxonomy":"product_brand","embeddable":true,"href":"https:\/\/cormac.eu\/cs\/wp-json\/wp\/v2\/product_brand?post=2915"},{"taxonomy":"product_cat","embeddable":true,"href":"https:\/\/cormac.eu\/cs\/wp-json\/wp\/v2\/product_cat?post=2915"},{"taxonomy":"product_tag","embeddable":true,"href":"https:\/\/cormac.eu\/cs\/wp-json\/wp\/v2\/product_tag?post=2915"}],"curies":[{"name":"wp","href":"https:\/\/api.w.org\/{rel}","templated":true}]}}